{"id":324,"date":"2019-06-19T19:38:27","date_gmt":"2019-06-19T19:38:27","guid":{"rendered":"http:\/\/www.grubaart.pl\/?page_id=324"},"modified":"2020-09-04T22:27:23","modified_gmt":"2020-09-04T22:27:23","slug":"sciezka-edukacyjna-w-brodnicy","status":"publish","type":"page","link":"https:\/\/www.grubaart.pl\/index.php\/sciezka-edukacyjna-w-brodnicy\/","title":{"rendered":"\u015acie\u017cka edukacyjna w Brodnicy G\u00f3rnej"},"content":{"rendered":"\n<figure class=\"wp-block-gallery columns-1 is-cropped wp-block-gallery-1 is-layout-flex wp-block-gallery-is-layout-flex\"><ul class=\"blocks-gallery-grid\"><li class=\"blocks-gallery-item\"><figure><a href=\"https:\/\/www.grubaart.pl\/wp-content\/uploads\/2020\/09\/6-1-scaled.jpg\"><img loading=\"lazy\" decoding=\"async\" width=\"1024\" height=\"712\" src=\"https:\/\/www.grubaart.pl\/wp-content\/uploads\/2020\/09\/6-1-1024x712.jpg\" alt=\"\" data-id=\"1212\" data-full-url=\"https:\/\/www.grubaart.pl\/wp-content\/uploads\/2020\/09\/6-1-scaled.jpg\" data-link=\"https:\/\/www.grubaart.pl\/index.php\/sciezka-edukacyjna-w-brodnicy\/edf-32\/\" class=\"wp-image-1212\"\/><\/a><\/figure><\/li><li class=\"blocks-gallery-item\"><figure><a href=\"https:\/\/www.grubaart.pl\/wp-content\/uploads\/2020\/09\/5-1-scaled.jpg\"><img loading=\"lazy\" decoding=\"async\" width=\"1024\" height=\"768\" src=\"https:\/\/www.grubaart.pl\/wp-content\/uploads\/2020\/09\/5-1-1024x768.jpg\" alt=\"\" data-id=\"1211\" data-full-url=\"https:\/\/www.grubaart.pl\/wp-content\/uploads\/2020\/09\/5-1-scaled.jpg\" data-link=\"https:\/\/www.grubaart.pl\/index.php\/sciezka-edukacyjna-w-brodnicy\/edf-31\/\" class=\"wp-image-1211\"\/><\/a><\/figure><\/li><li class=\"blocks-gallery-item\"><figure><a href=\"https:\/\/www.grubaart.pl\/wp-content\/uploads\/2020\/09\/11-1-scaled.jpg\"><img loading=\"lazy\" decoding=\"async\" width=\"1024\" height=\"768\" src=\"https:\/\/www.grubaart.pl\/wp-content\/uploads\/2020\/09\/11-1-1024x768.jpg\" alt=\"\" data-id=\"1217\" data-full-url=\"https:\/\/www.grubaart.pl\/wp-content\/uploads\/2020\/09\/11-1-scaled.jpg\" data-link=\"https:\/\/www.grubaart.pl\/index.php\/sciezka-edukacyjna-w-brodnicy\/edf-37\/\" class=\"wp-image-1217\"\/><\/a><\/figure><\/li><li class=\"blocks-gallery-item\"><figure><a href=\"https:\/\/www.grubaart.pl\/wp-content\/uploads\/2020\/09\/10-1-scaled.jpg\"><img loading=\"lazy\" decoding=\"async\" width=\"1024\" height=\"768\" src=\"https:\/\/www.grubaart.pl\/wp-content\/uploads\/2020\/09\/10-1-1024x768.jpg\" alt=\"\" data-id=\"1216\" data-full-url=\"https:\/\/www.grubaart.pl\/wp-content\/uploads\/2020\/09\/10-1-scaled.jpg\" data-link=\"https:\/\/www.grubaart.pl\/index.php\/sciezka-edukacyjna-w-brodnicy\/edf-36\/\" class=\"wp-image-1216\"\/><\/a><\/figure><\/li><li class=\"blocks-gallery-item\"><figure><a href=\"https:\/\/www.grubaart.pl\/wp-content\/uploads\/2020\/09\/1-1-scaled.jpg\"><img loading=\"lazy\" decoding=\"async\" width=\"1024\" height=\"738\" src=\"https:\/\/www.grubaart.pl\/wp-content\/uploads\/2020\/09\/1-1-1024x738.jpg\" alt=\"\" data-id=\"1207\" data-full-url=\"https:\/\/www.grubaart.pl\/wp-content\/uploads\/2020\/09\/1-1-scaled.jpg\" data-link=\"https:\/\/www.grubaart.pl\/index.php\/sciezka-edukacyjna-w-brodnicy\/edf-27\/\" class=\"wp-image-1207\"\/><\/a><\/figure><\/li><li class=\"blocks-gallery-item\"><figure><a href=\"https:\/\/www.grubaart.pl\/wp-content\/uploads\/2020\/09\/9-1-scaled.jpg\"><img loading=\"lazy\" decoding=\"async\" width=\"1024\" height=\"722\" src=\"https:\/\/www.grubaart.pl\/wp-content\/uploads\/2020\/09\/9-1-1024x722.jpg\" alt=\"\" data-id=\"1215\" data-full-url=\"https:\/\/www.grubaart.pl\/wp-content\/uploads\/2020\/09\/9-1-scaled.jpg\" data-link=\"https:\/\/www.grubaart.pl\/index.php\/sciezka-edukacyjna-w-brodnicy\/edf-35\/\" class=\"wp-image-1215\"\/><\/a><\/figure><\/li><li class=\"blocks-gallery-item\"><figure><a href=\"https:\/\/www.grubaart.pl\/wp-content\/uploads\/2020\/09\/7-1-scaled.jpg\"><img loading=\"lazy\" decoding=\"async\" width=\"1024\" height=\"768\" src=\"https:\/\/www.grubaart.pl\/wp-content\/uploads\/2020\/09\/7-1-1024x768.jpg\" alt=\"\" data-id=\"1213\" data-full-url=\"https:\/\/www.grubaart.pl\/wp-content\/uploads\/2020\/09\/7-1-scaled.jpg\" data-link=\"https:\/\/www.grubaart.pl\/index.php\/sciezka-edukacyjna-w-brodnicy\/edf-33\/\" class=\"wp-image-1213\"\/><\/a><\/figure><\/li><li class=\"blocks-gallery-item\"><figure><a href=\"https:\/\/www.grubaart.pl\/wp-content\/uploads\/2020\/09\/2-1-scaled.jpg\"><img loading=\"lazy\" decoding=\"async\" width=\"768\" height=\"1024\" src=\"https:\/\/www.grubaart.pl\/wp-content\/uploads\/2020\/09\/2-1-768x1024.jpg\" alt=\"\" data-id=\"1208\" data-full-url=\"https:\/\/www.grubaart.pl\/wp-content\/uploads\/2020\/09\/2-1-scaled.jpg\" data-link=\"https:\/\/www.grubaart.pl\/index.php\/sciezka-edukacyjna-w-brodnicy\/edf-28\/\" class=\"wp-image-1208\" srcset=\"https:\/\/www.grubaart.pl\/wp-content\/uploads\/2020\/09\/2-1-768x1024.jpg 768w, https:\/\/www.grubaart.pl\/wp-content\/uploads\/2020\/09\/2-1-225x300.jpg 225w, https:\/\/www.grubaart.pl\/wp-content\/uploads\/2020\/09\/2-1-1152x1536.jpg 1152w, https:\/\/www.grubaart.pl\/wp-content\/uploads\/2020\/09\/2-1-1536x2048.jpg 1536w, https:\/\/www.grubaart.pl\/wp-content\/uploads\/2020\/09\/2-1-1024x1365.jpg 1024w, https:\/\/www.grubaart.pl\/wp-content\/uploads\/2020\/09\/2-1-810x1080.jpg 810w, https:\/\/www.grubaart.pl\/wp-content\/uploads\/2020\/09\/2-1-scaled.jpg 1920w\" sizes=\"auto, (max-width: 768px) 100vw, 768px\" \/><\/a><\/figure><\/li><li class=\"blocks-gallery-item\"><figure><a href=\"https:\/\/www.grubaart.pl\/wp-content\/uploads\/2020\/09\/8-1-scaled.jpg\"><img loading=\"lazy\" decoding=\"async\" width=\"1024\" height=\"715\" src=\"https:\/\/www.grubaart.pl\/wp-content\/uploads\/2020\/09\/8-1-1024x715.jpg\" alt=\"\" data-id=\"1214\" data-full-url=\"https:\/\/www.grubaart.pl\/wp-content\/uploads\/2020\/09\/8-1-scaled.jpg\" data-link=\"https:\/\/www.grubaart.pl\/index.php\/sciezka-edukacyjna-w-brodnicy\/edf-34\/\" class=\"wp-image-1214\"\/><\/a><\/figure><\/li><li class=\"blocks-gallery-item\"><figure><a href=\"https:\/\/www.grubaart.pl\/wp-content\/uploads\/2020\/09\/4-1-scaled.jpg\"><img loading=\"lazy\" decoding=\"async\" width=\"768\" height=\"1024\" src=\"https:\/\/www.grubaart.pl\/wp-content\/uploads\/2020\/09\/4-1-768x1024.jpg\" alt=\"\" data-id=\"1210\" data-full-url=\"https:\/\/www.grubaart.pl\/wp-content\/uploads\/2020\/09\/4-1-scaled.jpg\" data-link=\"https:\/\/www.grubaart.pl\/index.php\/sciezka-edukacyjna-w-brodnicy\/edf-30\/\" class=\"wp-image-1210\" srcset=\"https:\/\/www.grubaart.pl\/wp-content\/uploads\/2020\/09\/4-1-768x1024.jpg 768w, https:\/\/www.grubaart.pl\/wp-content\/uploads\/2020\/09\/4-1-225x300.jpg 225w, https:\/\/www.grubaart.pl\/wp-content\/uploads\/2020\/09\/4-1-1152x1536.jpg 1152w, https:\/\/www.grubaart.pl\/wp-content\/uploads\/2020\/09\/4-1-1536x2048.jpg 1536w, https:\/\/www.grubaart.pl\/wp-content\/uploads\/2020\/09\/4-1-1024x1365.jpg 1024w, https:\/\/www.grubaart.pl\/wp-content\/uploads\/2020\/09\/4-1-810x1080.jpg 810w, https:\/\/www.grubaart.pl\/wp-content\/uploads\/2020\/09\/4-1-scaled.jpg 1920w\" sizes=\"auto, (max-width: 768px) 100vw, 768px\" \/><\/a><\/figure><\/li><li class=\"blocks-gallery-item\"><figure><a href=\"https:\/\/www.grubaart.pl\/wp-content\/uploads\/2020\/09\/3-1-scaled.jpg\"><img loading=\"lazy\" decoding=\"async\" width=\"1024\" height=\"768\" src=\"https:\/\/www.grubaart.pl\/wp-content\/uploads\/2020\/09\/3-1-1024x768.jpg\" alt=\"\" data-id=\"1209\" data-full-url=\"https:\/\/www.grubaart.pl\/wp-content\/uploads\/2020\/09\/3-1-scaled.jpg\" data-link=\"https:\/\/www.grubaart.pl\/index.php\/sciezka-edukacyjna-w-brodnicy\/edf-29\/\" class=\"wp-image-1209\"\/><\/a><\/figure><\/li><li class=\"blocks-gallery-item\"><figure><a href=\"https:\/\/www.grubaart.pl\/wp-content\/uploads\/2020\/09\/12-1-scaled.jpg\"><img loading=\"lazy\" decoding=\"async\" width=\"1024\" height=\"768\" src=\"https:\/\/www.grubaart.pl\/wp-content\/uploads\/2020\/09\/12-1-1024x768.jpg\" alt=\"\" data-id=\"1206\" data-full-url=\"https:\/\/www.grubaart.pl\/wp-content\/uploads\/2020\/09\/12-1-scaled.jpg\" data-link=\"https:\/\/www.grubaart.pl\/index.php\/sciezka-edukacyjna-w-brodnicy\/edf-26\/\" class=\"wp-image-1206\"\/><\/a><\/figure><\/li><\/ul><\/figure>\n\n\n\n<div class=\"wp-block-image\"><figure class=\"aligncenter\"><img loading=\"lazy\" decoding=\"async\" width=\"1024\" height=\"768\" src=\"http:\/\/www.grubaart.pl\/wp-content\/uploads\/2019\/06\/3-5-1024x768.jpg\" alt=\"\" class=\"wp-image-729\" srcset=\"https:\/\/www.grubaart.pl\/wp-content\/uploads\/2019\/06\/3-5-1024x768.jpg 1024w, https:\/\/www.grubaart.pl\/wp-content\/uploads\/2019\/06\/3-5-300x225.jpg 300w, https:\/\/www.grubaart.pl\/wp-content\/uploads\/2019\/06\/3-5-768x576.jpg 768w, https:\/\/www.grubaart.pl\/wp-content\/uploads\/2019\/06\/3-5-1440x1080.jpg 1440w, https:\/\/www.grubaart.pl\/wp-content\/uploads\/2019\/06\/3-5.jpg 2044w\" sizes=\"auto, (max-width: 1024px) 100vw, 1024px\" \/><\/figure><\/div>\n\n\n\n<div class=\"wp-block-image\"><figure class=\"aligncenter\"><img loading=\"lazy\" decoding=\"async\" width=\"1024\" height=\"768\" src=\"http:\/\/www.grubaart.pl\/wp-content\/uploads\/2019\/06\/11-3-1024x768.jpg\" alt=\"\" class=\"wp-image-734\" srcset=\"https:\/\/www.grubaart.pl\/wp-content\/uploads\/2019\/06\/11-3-1024x768.jpg 1024w, https:\/\/www.grubaart.pl\/wp-content\/uploads\/2019\/06\/11-3-300x225.jpg 300w, https:\/\/www.grubaart.pl\/wp-content\/uploads\/2019\/06\/11-3-768x576.jpg 768w, https:\/\/www.grubaart.pl\/wp-content\/uploads\/2019\/06\/11-3-1440x1080.jpg 1440w, https:\/\/www.grubaart.pl\/wp-content\/uploads\/2019\/06\/11-3.jpg 2044w\" sizes=\"auto, (max-width: 1024px) 100vw, 1024px\" \/><\/figure><\/div>\n\n\n\n<div class=\"wp-block-image\"><figure class=\"aligncenter\"><img loading=\"lazy\" decoding=\"async\" width=\"1024\" height=\"768\" src=\"http:\/\/www.grubaart.pl\/wp-content\/uploads\/2019\/06\/4-3-1024x768.jpg\" alt=\"\" class=\"wp-image-730\" srcset=\"https:\/\/www.grubaart.pl\/wp-content\/uploads\/2019\/06\/4-3-1024x768.jpg 1024w, https:\/\/www.grubaart.pl\/wp-content\/uploads\/2019\/06\/4-3-300x225.jpg 300w, https:\/\/www.grubaart.pl\/wp-content\/uploads\/2019\/06\/4-3-768x576.jpg 768w, https:\/\/www.grubaart.pl\/wp-content\/uploads\/2019\/06\/4-3-1440x1080.jpg 1440w, https:\/\/www.grubaart.pl\/wp-content\/uploads\/2019\/06\/4-3.jpg 2044w\" sizes=\"auto, (max-width: 1024px) 100vw, 1024px\" \/><\/figure><\/div>\n\n\n\n<div class=\"wp-block-image\"><figure class=\"aligncenter\"><img loading=\"lazy\" decoding=\"async\" width=\"1024\" height=\"689\" src=\"http:\/\/www.grubaart.pl\/wp-content\/uploads\/2019\/06\/6-4-1024x689.jpg\" alt=\"\" class=\"wp-image-732\" srcset=\"https:\/\/www.grubaart.pl\/wp-content\/uploads\/2019\/06\/6-4-1024x689.jpg 1024w, https:\/\/www.grubaart.pl\/wp-content\/uploads\/2019\/06\/6-4-300x202.jpg 300w, https:\/\/www.grubaart.pl\/wp-content\/uploads\/2019\/06\/6-4-768x517.jpg 768w, https:\/\/www.grubaart.pl\/wp-content\/uploads\/2019\/06\/6-4-1605x1080.jpg 1605w, https:\/\/www.grubaart.pl\/wp-content\/uploads\/2019\/06\/6-4.jpg 1976w\" sizes=\"auto, (max-width: 1024px) 100vw, 1024px\" \/><\/figure><\/div>\n\n\n\n<div class=\"wp-block-image\"><figure class=\"aligncenter\"><img loading=\"lazy\" decoding=\"async\" width=\"1024\" height=\"768\" src=\"http:\/\/www.grubaart.pl\/wp-content\/uploads\/2019\/06\/5-4-1024x768.jpg\" alt=\"\" class=\"wp-image-731\" srcset=\"https:\/\/www.grubaart.pl\/wp-content\/uploads\/2019\/06\/5-4-1024x768.jpg 1024w, https:\/\/www.grubaart.pl\/wp-content\/uploads\/2019\/06\/5-4-300x225.jpg 300w, https:\/\/www.grubaart.pl\/wp-content\/uploads\/2019\/06\/5-4-768x576.jpg 768w, https:\/\/www.grubaart.pl\/wp-content\/uploads\/2019\/06\/5-4-1440x1080.jpg 1440w, https:\/\/www.grubaart.pl\/wp-content\/uploads\/2019\/06\/5-4.jpg 2044w\" sizes=\"auto, (max-width: 1024px) 100vw, 1024px\" \/><\/figure><\/div>\n\n\n\n<div class=\"wp-block-image\"><figure class=\"aligncenter\"><img loading=\"lazy\" decoding=\"async\" width=\"1024\" height=\"768\" src=\"http:\/\/www.grubaart.pl\/wp-content\/uploads\/2019\/06\/2-4-1024x768.jpg\" alt=\"\" class=\"wp-image-727\" srcset=\"https:\/\/www.grubaart.pl\/wp-content\/uploads\/2019\/06\/2-4-1024x768.jpg 1024w, https:\/\/www.grubaart.pl\/wp-content\/uploads\/2019\/06\/2-4-300x225.jpg 300w, https:\/\/www.grubaart.pl\/wp-content\/uploads\/2019\/06\/2-4-768x576.jpg 768w, https:\/\/www.grubaart.pl\/wp-content\/uploads\/2019\/06\/2-4-1440x1080.jpg 1440w, https:\/\/www.grubaart.pl\/wp-content\/uploads\/2019\/06\/2-4.jpg 2044w\" sizes=\"auto, (max-width: 1024px) 100vw, 1024px\" \/><\/figure><\/div>\n\n\n\n<div class=\"wp-block-image\"><figure class=\"aligncenter\"><img loading=\"lazy\" decoding=\"async\" width=\"1024\" height=\"768\" src=\"http:\/\/www.grubaart.pl\/wp-content\/uploads\/2019\/06\/8-5-1024x768.jpg\" alt=\"\" class=\"wp-image-733\" srcset=\"https:\/\/www.grubaart.pl\/wp-content\/uploads\/2019\/06\/8-5-1024x768.jpg 1024w, https:\/\/www.grubaart.pl\/wp-content\/uploads\/2019\/06\/8-5-300x225.jpg 300w, https:\/\/www.grubaart.pl\/wp-content\/uploads\/2019\/06\/8-5-768x576.jpg 768w, https:\/\/www.grubaart.pl\/wp-content\/uploads\/2019\/06\/8-5-1440x1080.jpg 1440w, https:\/\/www.grubaart.pl\/wp-content\/uploads\/2019\/06\/8-5.jpg 2044w\" sizes=\"auto, (max-width: 1024px) 100vw, 1024px\" \/><\/figure><\/div>\n\n\n\n<div class=\"wp-block-image\"><figure class=\"aligncenter\"><img loading=\"lazy\" decoding=\"async\" width=\"1024\" height=\"768\" src=\"http:\/\/www.grubaart.pl\/wp-content\/uploads\/2019\/06\/18-2-1024x768.jpg\" alt=\"\" class=\"wp-image-739\" srcset=\"https:\/\/www.grubaart.pl\/wp-content\/uploads\/2019\/06\/18-2-1024x768.jpg 1024w, https:\/\/www.grubaart.pl\/wp-content\/uploads\/2019\/06\/18-2-300x225.jpg 300w, https:\/\/www.grubaart.pl\/wp-content\/uploads\/2019\/06\/18-2-768x576.jpg 768w, https:\/\/www.grubaart.pl\/wp-content\/uploads\/2019\/06\/18-2-1440x1080.jpg 1440w, https:\/\/www.grubaart.pl\/wp-content\/uploads\/2019\/06\/18-2.jpg 2044w\" sizes=\"auto, (max-width: 1024px) 100vw, 1024px\" \/><\/figure><\/div>\n\n\n\n<figure class=\"wp-block-image\"><img loading=\"lazy\" decoding=\"async\" width=\"1024\" height=\"768\" src=\"http:\/\/www.grubaart.pl\/wp-content\/uploads\/2019\/06\/20-Large-1024x768.jpg\" alt=\"\" class=\"wp-image-743\" srcset=\"https:\/\/www.grubaart.pl\/wp-content\/uploads\/2019\/06\/20-Large-1024x768.jpg 1024w, https:\/\/www.grubaart.pl\/wp-content\/uploads\/2019\/06\/20-Large-300x225.jpg 300w, https:\/\/www.grubaart.pl\/wp-content\/uploads\/2019\/06\/20-Large-768x576.jpg 768w, https:\/\/www.grubaart.pl\/wp-content\/uploads\/2019\/06\/20-Large.jpg 1440w\" sizes=\"auto, (max-width: 1024px) 100vw, 1024px\" \/><\/figure>\n\n\n\n<div class=\"wp-block-image\"><figure class=\"aligncenter\"><img loading=\"lazy\" decoding=\"async\" width=\"1024\" height=\"768\" src=\"http:\/\/www.grubaart.pl\/wp-content\/uploads\/2019\/06\/17-2-1024x768.jpg\" alt=\"\" class=\"wp-image-738\" srcset=\"https:\/\/www.grubaart.pl\/wp-content\/uploads\/2019\/06\/17-2-1024x768.jpg 1024w, https:\/\/www.grubaart.pl\/wp-content\/uploads\/2019\/06\/17-2-300x225.jpg 300w, https:\/\/www.grubaart.pl\/wp-content\/uploads\/2019\/06\/17-2-768x576.jpg 768w, https:\/\/www.grubaart.pl\/wp-content\/uploads\/2019\/06\/17-2-1440x1080.jpg 1440w, https:\/\/www.grubaart.pl\/wp-content\/uploads\/2019\/06\/17-2.jpg 2044w\" sizes=\"auto, (max-width: 1024px) 100vw, 1024px\" \/><\/figure><\/div>\n\n\n\n<div class=\"wp-block-image\"><figure class=\"aligncenter\"><img loading=\"lazy\" decoding=\"async\" width=\"1024\" height=\"768\" src=\"http:\/\/www.grubaart.pl\/wp-content\/uploads\/2019\/06\/16-3-1024x768.jpg\" alt=\"\" class=\"wp-image-737\" srcset=\"https:\/\/www.grubaart.pl\/wp-content\/uploads\/2019\/06\/16-3-1024x768.jpg 1024w, https:\/\/www.grubaart.pl\/wp-content\/uploads\/2019\/06\/16-3-300x225.jpg 300w, https:\/\/www.grubaart.pl\/wp-content\/uploads\/2019\/06\/16-3-768x576.jpg 768w, https:\/\/www.grubaart.pl\/wp-content\/uploads\/2019\/06\/16-3-1440x1080.jpg 1440w, https:\/\/www.grubaart.pl\/wp-content\/uploads\/2019\/06\/16-3.jpg 2044w\" sizes=\"auto, (max-width: 1024px) 100vw, 1024px\" \/><\/figure><\/div>\n\n\n\n<div class=\"wp-block-image\"><figure class=\"aligncenter\"><img loading=\"lazy\" decoding=\"async\" width=\"1024\" height=\"768\" src=\"http:\/\/www.grubaart.pl\/wp-content\/uploads\/2019\/06\/13-3-1024x768.jpg\" alt=\"\" class=\"wp-image-736\" srcset=\"https:\/\/www.grubaart.pl\/wp-content\/uploads\/2019\/06\/13-3-1024x768.jpg 1024w, https:\/\/www.grubaart.pl\/wp-content\/uploads\/2019\/06\/13-3-300x225.jpg 300w, https:\/\/www.grubaart.pl\/wp-content\/uploads\/2019\/06\/13-3-768x576.jpg 768w, https:\/\/www.grubaart.pl\/wp-content\/uploads\/2019\/06\/13-3-1440x1080.jpg 1440w, https:\/\/www.grubaart.pl\/wp-content\/uploads\/2019\/06\/13-3.jpg 2044w\" sizes=\"auto, (max-width: 1024px) 100vw, 1024px\" \/><\/figure><\/div>\n\n\n\n<div class=\"wp-block-image\"><figure class=\"aligncenter\"><img loading=\"lazy\" decoding=\"async\" width=\"1024\" height=\"740\" src=\"http:\/\/www.grubaart.pl\/wp-content\/uploads\/2019\/06\/12-3-1024x740.jpg\" alt=\"\" class=\"wp-image-735\" srcset=\"https:\/\/www.grubaart.pl\/wp-content\/uploads\/2019\/06\/12-3-1024x740.jpg 1024w, https:\/\/www.grubaart.pl\/wp-content\/uploads\/2019\/06\/12-3-300x217.jpg 300w, https:\/\/www.grubaart.pl\/wp-content\/uploads\/2019\/06\/12-3-768x555.jpg 768w, https:\/\/www.grubaart.pl\/wp-content\/uploads\/2019\/06\/12-3-1494x1080.jpg 1494w, https:\/\/www.grubaart.pl\/wp-content\/uploads\/2019\/06\/12-3.jpg 2044w\" sizes=\"auto, (max-width: 1024px) 100vw, 1024px\" \/><\/figure><\/div>\n\n\n\n<div class=\"wp-block-image\"><figure class=\"aligncenter\"><img loading=\"lazy\" decoding=\"async\" width=\"1024\" height=\"775\" src=\"http:\/\/www.grubaart.pl\/wp-content\/uploads\/2019\/06\/2w-1024x775.jpg\" alt=\"\" class=\"wp-image-728\" srcset=\"https:\/\/www.grubaart.pl\/wp-content\/uploads\/2019\/06\/2w-1024x775.jpg 1024w, https:\/\/www.grubaart.pl\/wp-content\/uploads\/2019\/06\/2w-300x227.jpg 300w, https:\/\/www.grubaart.pl\/wp-content\/uploads\/2019\/06\/2w-768x581.jpg 768w, https:\/\/www.grubaart.pl\/wp-content\/uploads\/2019\/06\/2w-1427x1080.jpg 1427w\" sizes=\"auto, (max-width: 1024px) 100vw, 1024px\" \/><\/figure><\/div>\n","protected":false},"excerpt":{"rendered":"","protected":false},"author":1,"featured_media":727,"parent":0,"menu_order":0,"comment_status":"closed","ping_status":"closed","template":"","meta":{"footnotes":""},"class_list":["post-324","page","type-page","status-publish","has-post-thumbnail","hentry"],"_links":{"self":[{"href":"https:\/\/www.grubaart.pl\/index.php\/wp-json\/wp\/v2\/pages\/324","targetHints":{"allow":["GET"]}}],"collection":[{"href":"https:\/\/www.grubaart.pl\/index.php\/wp-json\/wp\/v2\/pages"}],"about":[{"href":"https:\/\/www.grubaart.pl\/index.php\/wp-json\/wp\/v2\/types\/page"}],"author":[{"embeddable":true,"href":"https:\/\/www.grubaart.pl\/index.php\/wp-json\/wp\/v2\/users\/1"}],"replies":[{"embeddable":true,"href":"https:\/\/www.grubaart.pl\/index.php\/wp-json\/wp\/v2\/comments?post=324"}],"version-history":[{"count":11,"href":"https:\/\/www.grubaart.pl\/index.php\/wp-json\/wp\/v2\/pages\/324\/revisions"}],"predecessor-version":[{"id":1289,"href":"https:\/\/www.grubaart.pl\/index.php\/wp-json\/wp\/v2\/pages\/324\/revisions\/1289"}],"wp:featuredmedia":[{"embeddable":true,"href":"https:\/\/www.grubaart.pl\/index.php\/wp-json\/wp\/v2\/media\/727"}],"wp:attachment":[{"href":"https:\/\/www.grubaart.pl\/index.php\/wp-json\/wp\/v2\/media?parent=324"}],"curies":[{"name":"wp","href":"https:\/\/api.w.org\/{rel}","templated":true}]}}