{"id":322,"date":"2019-06-19T19:37:59","date_gmt":"2019-06-19T19:37:59","guid":{"rendered":"http:\/\/www.grubaart.pl\/?page_id=322"},"modified":"2021-01-30T22:52:31","modified_gmt":"2021-01-30T22:52:31","slug":"przedszkole-w-brodnicy-gornej","status":"publish","type":"page","link":"https:\/\/www.grubaart.pl\/index.php\/przedszkole-w-brodnicy-gornej\/","title":{"rendered":"Przedszkole w Brodnicy G\u00f3rnej"},"content":{"rendered":"\n<h5 class=\"has-text-align-center wp-block-heading\"> <br>Projekt aran\u017cacji pomieszcze\u0144 przedszkola wraz z wykonaniem malunk\u00f3w artystycznych \u015bciennych <\/h5>\n\n\n\n<div class=\"wp-block-image\"><figure class=\"aligncenter size-large\"><img loading=\"lazy\" decoding=\"async\" width=\"1024\" height=\"746\" src=\"https:\/\/www.grubaart.pl\/wp-content\/uploads\/2021\/01\/a-1024x746.jpg\" alt=\"\" class=\"wp-image-1486\" srcset=\"https:\/\/www.grubaart.pl\/wp-content\/uploads\/2021\/01\/a-1024x746.jpg 1024w, https:\/\/www.grubaart.pl\/wp-content\/uploads\/2021\/01\/a-300x218.jpg 300w, https:\/\/www.grubaart.pl\/wp-content\/uploads\/2021\/01\/a-768x559.jpg 768w, https:\/\/www.grubaart.pl\/wp-content\/uploads\/2021\/01\/a-1536x1118.jpg 1536w, https:\/\/www.grubaart.pl\/wp-content\/uploads\/2021\/01\/a-2048x1491.jpg 2048w, https:\/\/www.grubaart.pl\/wp-content\/uploads\/2021\/01\/a-1483x1080.jpg 1483w\" sizes=\"auto, (max-width: 1024px) 100vw, 1024px\" \/><\/figure><\/div>\n\n\n\n<div class=\"wp-block-image\"><figure class=\"aligncenter size-large\"><img loading=\"lazy\" decoding=\"async\" width=\"1024\" height=\"768\" src=\"https:\/\/www.grubaart.pl\/wp-content\/uploads\/2021\/01\/b-1024x768.jpg\" alt=\"\" class=\"wp-image-1487\" srcset=\"https:\/\/www.grubaart.pl\/wp-content\/uploads\/2021\/01\/b-1024x768.jpg 1024w, https:\/\/www.grubaart.pl\/wp-content\/uploads\/2021\/01\/b-300x225.jpg 300w, https:\/\/www.grubaart.pl\/wp-content\/uploads\/2021\/01\/b-768x576.jpg 768w, https:\/\/www.grubaart.pl\/wp-content\/uploads\/2021\/01\/b-1536x1152.jpg 1536w, https:\/\/www.grubaart.pl\/wp-content\/uploads\/2021\/01\/b-2048x1536.jpg 2048w, https:\/\/www.grubaart.pl\/wp-content\/uploads\/2021\/01\/b-1440x1080.jpg 1440w\" sizes=\"auto, (max-width: 1024px) 100vw, 1024px\" \/><\/figure><\/div>\n\n\n\n<div class=\"wp-block-image\"><figure class=\"aligncenter size-large\"><img loading=\"lazy\" decoding=\"async\" width=\"1024\" height=\"768\" src=\"https:\/\/www.grubaart.pl\/wp-content\/uploads\/2021\/01\/c-1024x768.jpg\" alt=\"\" class=\"wp-image-1488\" srcset=\"https:\/\/www.grubaart.pl\/wp-content\/uploads\/2021\/01\/c-1024x768.jpg 1024w, https:\/\/www.grubaart.pl\/wp-content\/uploads\/2021\/01\/c-300x225.jpg 300w, https:\/\/www.grubaart.pl\/wp-content\/uploads\/2021\/01\/c-768x576.jpg 768w, https:\/\/www.grubaart.pl\/wp-content\/uploads\/2021\/01\/c-1536x1152.jpg 1536w, https:\/\/www.grubaart.pl\/wp-content\/uploads\/2021\/01\/c-2048x1536.jpg 2048w, https:\/\/www.grubaart.pl\/wp-content\/uploads\/2021\/01\/c-1440x1080.jpg 1440w\" sizes=\"auto, (max-width: 1024px) 100vw, 1024px\" \/><figcaption>edf<\/figcaption><\/figure><\/div>\n\n\n\n<div class=\"wp-block-image\"><figure class=\"aligncenter size-large\"><img loading=\"lazy\" decoding=\"async\" width=\"768\" height=\"1024\" src=\"https:\/\/www.grubaart.pl\/wp-content\/uploads\/2021\/01\/h-768x1024.jpg\" alt=\"\" class=\"wp-image-1489\" srcset=\"https:\/\/www.grubaart.pl\/wp-content\/uploads\/2021\/01\/h-768x1024.jpg 768w, https:\/\/www.grubaart.pl\/wp-content\/uploads\/2021\/01\/h-225x300.jpg 225w, https:\/\/www.grubaart.pl\/wp-content\/uploads\/2021\/01\/h-1152x1536.jpg 1152w, https:\/\/www.grubaart.pl\/wp-content\/uploads\/2021\/01\/h-1536x2048.jpg 1536w, https:\/\/www.grubaart.pl\/wp-content\/uploads\/2021\/01\/h-1024x1365.jpg 1024w, https:\/\/www.grubaart.pl\/wp-content\/uploads\/2021\/01\/h-810x1080.jpg 810w, https:\/\/www.grubaart.pl\/wp-content\/uploads\/2021\/01\/h-scaled.jpg 1920w\" sizes=\"auto, (max-width: 768px) 100vw, 768px\" \/><\/figure><\/div>\n\n\n\n<div class=\"wp-block-image\"><figure class=\"aligncenter size-large\"><img loading=\"lazy\" decoding=\"async\" width=\"756\" height=\"1024\" src=\"https:\/\/www.grubaart.pl\/wp-content\/uploads\/2021\/01\/i-756x1024.jpg\" alt=\"\" class=\"wp-image-1496\" srcset=\"https:\/\/www.grubaart.pl\/wp-content\/uploads\/2021\/01\/i-756x1024.jpg 756w, https:\/\/www.grubaart.pl\/wp-content\/uploads\/2021\/01\/i-221x300.jpg 221w, https:\/\/www.grubaart.pl\/wp-content\/uploads\/2021\/01\/i-768x1041.jpg 768w, https:\/\/www.grubaart.pl\/wp-content\/uploads\/2021\/01\/i-1134x1536.jpg 1134w, https:\/\/www.grubaart.pl\/wp-content\/uploads\/2021\/01\/i-1512x2048.jpg 1512w, https:\/\/www.grubaart.pl\/wp-content\/uploads\/2021\/01\/i-1024x1387.jpg 1024w, https:\/\/www.grubaart.pl\/wp-content\/uploads\/2021\/01\/i-797x1080.jpg 797w, https:\/\/www.grubaart.pl\/wp-content\/uploads\/2021\/01\/i-scaled.jpg 1889w\" sizes=\"auto, (max-width: 756px) 100vw, 756px\" \/><figcaption>edf<\/figcaption><\/figure><\/div>\n\n\n\n<div class=\"wp-block-image\"><figure class=\"aligncenter size-large\"><img loading=\"lazy\" decoding=\"async\" width=\"768\" height=\"1024\" src=\"https:\/\/www.grubaart.pl\/wp-content\/uploads\/2021\/01\/j-768x1024.jpg\" alt=\"\" class=\"wp-image-1497\" srcset=\"https:\/\/www.grubaart.pl\/wp-content\/uploads\/2021\/01\/j-768x1024.jpg 768w, https:\/\/www.grubaart.pl\/wp-content\/uploads\/2021\/01\/j-225x300.jpg 225w, https:\/\/www.grubaart.pl\/wp-content\/uploads\/2021\/01\/j-1152x1536.jpg 1152w, https:\/\/www.grubaart.pl\/wp-content\/uploads\/2021\/01\/j-1536x2048.jpg 1536w, https:\/\/www.grubaart.pl\/wp-content\/uploads\/2021\/01\/j-1024x1365.jpg 1024w, https:\/\/www.grubaart.pl\/wp-content\/uploads\/2021\/01\/j-810x1080.jpg 810w, https:\/\/www.grubaart.pl\/wp-content\/uploads\/2021\/01\/j-scaled.jpg 1920w\" sizes=\"auto, (max-width: 768px) 100vw, 768px\" \/><\/figure><\/div>\n\n\n\n<div class=\"wp-block-image\"><figure class=\"aligncenter size-large\"><img loading=\"lazy\" decoding=\"async\" width=\"1024\" height=\"768\" src=\"https:\/\/www.grubaart.pl\/wp-content\/uploads\/2021\/01\/g-1024x768.jpg\" alt=\"\" class=\"wp-image-1490\" srcset=\"https:\/\/www.grubaart.pl\/wp-content\/uploads\/2021\/01\/g-1024x768.jpg 1024w, https:\/\/www.grubaart.pl\/wp-content\/uploads\/2021\/01\/g-300x225.jpg 300w, https:\/\/www.grubaart.pl\/wp-content\/uploads\/2021\/01\/g-768x576.jpg 768w, https:\/\/www.grubaart.pl\/wp-content\/uploads\/2021\/01\/g-1536x1152.jpg 1536w, https:\/\/www.grubaart.pl\/wp-content\/uploads\/2021\/01\/g-2048x1536.jpg 2048w, https:\/\/www.grubaart.pl\/wp-content\/uploads\/2021\/01\/g-1440x1080.jpg 1440w\" sizes=\"auto, (max-width: 1024px) 100vw, 1024px\" \/><\/figure><\/div>\n\n\n\n<div class=\"wp-block-image\"><figure class=\"aligncenter size-large\"><img loading=\"lazy\" decoding=\"async\" width=\"1024\" height=\"768\" src=\"https:\/\/www.grubaart.pl\/wp-content\/uploads\/2021\/01\/d-1024x768.jpg\" alt=\"\" class=\"wp-image-1491\" srcset=\"https:\/\/www.grubaart.pl\/wp-content\/uploads\/2021\/01\/d-1024x768.jpg 1024w, https:\/\/www.grubaart.pl\/wp-content\/uploads\/2021\/01\/d-300x225.jpg 300w, https:\/\/www.grubaart.pl\/wp-content\/uploads\/2021\/01\/d-768x576.jpg 768w, https:\/\/www.grubaart.pl\/wp-content\/uploads\/2021\/01\/d-1536x1152.jpg 1536w, https:\/\/www.grubaart.pl\/wp-content\/uploads\/2021\/01\/d-2048x1536.jpg 2048w, https:\/\/www.grubaart.pl\/wp-content\/uploads\/2021\/01\/d-1440x1080.jpg 1440w\" sizes=\"auto, (max-width: 1024px) 100vw, 1024px\" \/><\/figure><\/div>\n\n\n\n<div class=\"wp-block-image\"><figure class=\"aligncenter size-large\"><img loading=\"lazy\" decoding=\"async\" width=\"768\" height=\"1024\" src=\"https:\/\/www.grubaart.pl\/wp-content\/uploads\/2021\/01\/e-768x1024.jpg\" alt=\"\" class=\"wp-image-1492\" srcset=\"https:\/\/www.grubaart.pl\/wp-content\/uploads\/2021\/01\/e-768x1024.jpg 768w, https:\/\/www.grubaart.pl\/wp-content\/uploads\/2021\/01\/e-225x300.jpg 225w, https:\/\/www.grubaart.pl\/wp-content\/uploads\/2021\/01\/e-1152x1536.jpg 1152w, https:\/\/www.grubaart.pl\/wp-content\/uploads\/2021\/01\/e-1536x2048.jpg 1536w, https:\/\/www.grubaart.pl\/wp-content\/uploads\/2021\/01\/e-1024x1365.jpg 1024w, https:\/\/www.grubaart.pl\/wp-content\/uploads\/2021\/01\/e-810x1080.jpg 810w, https:\/\/www.grubaart.pl\/wp-content\/uploads\/2021\/01\/e-scaled.jpg 1920w\" sizes=\"auto, (max-width: 768px) 100vw, 768px\" \/><\/figure><\/div>\n\n\n\n<div class=\"wp-block-image\"><figure class=\"aligncenter size-large\"><img loading=\"lazy\" decoding=\"async\" width=\"1024\" height=\"768\" src=\"https:\/\/www.grubaart.pl\/wp-content\/uploads\/2021\/01\/f-1-1024x768.jpg\" alt=\"\" class=\"wp-image-1495\" srcset=\"https:\/\/www.grubaart.pl\/wp-content\/uploads\/2021\/01\/f-1-1024x768.jpg 1024w, https:\/\/www.grubaart.pl\/wp-content\/uploads\/2021\/01\/f-1-300x225.jpg 300w, https:\/\/www.grubaart.pl\/wp-content\/uploads\/2021\/01\/f-1-768x576.jpg 768w, https:\/\/www.grubaart.pl\/wp-content\/uploads\/2021\/01\/f-1-1536x1152.jpg 1536w, https:\/\/www.grubaart.pl\/wp-content\/uploads\/2021\/01\/f-1-2048x1536.jpg 2048w, https:\/\/www.grubaart.pl\/wp-content\/uploads\/2021\/01\/f-1-1440x1080.jpg 1440w\" sizes=\"auto, (max-width: 1024px) 100vw, 1024px\" \/><\/figure><\/div>\n","protected":false},"excerpt":{"rendered":"<p>Projekt aran\u017cacji pomieszcze\u0144 przedszkola wraz z wykonaniem malunk\u00f3w artystycznych \u015bciennych<\/p>\n","protected":false},"author":1,"featured_media":718,"parent":0,"menu_order":0,"comment_status":"closed","ping_status":"closed","template":"","meta":{"footnotes":""},"class_list":["post-322","page","type-page","status-publish","has-post-thumbnail","hentry"],"_links":{"self":[{"href":"https:\/\/www.grubaart.pl\/index.php\/wp-json\/wp\/v2\/pages\/322","targetHints":{"allow":["GET"]}}],"collection":[{"href":"https:\/\/www.grubaart.pl\/index.php\/wp-json\/wp\/v2\/pages"}],"about":[{"href":"https:\/\/www.grubaart.pl\/index.php\/wp-json\/wp\/v2\/types\/page"}],"author":[{"embeddable":true,"href":"https:\/\/www.grubaart.pl\/index.php\/wp-json\/wp\/v2\/users\/1"}],"replies":[{"embeddable":true,"href":"https:\/\/www.grubaart.pl\/index.php\/wp-json\/wp\/v2\/comments?post=322"}],"version-history":[{"count":5,"href":"https:\/\/www.grubaart.pl\/index.php\/wp-json\/wp\/v2\/pages\/322\/revisions"}],"predecessor-version":[{"id":1498,"href":"https:\/\/www.grubaart.pl\/index.php\/wp-json\/wp\/v2\/pages\/322\/revisions\/1498"}],"wp:featuredmedia":[{"embeddable":true,"href":"https:\/\/www.grubaart.pl\/index.php\/wp-json\/wp\/v2\/media\/718"}],"wp:attachment":[{"href":"https:\/\/www.grubaart.pl\/index.php\/wp-json\/wp\/v2\/media?parent=322"}],"curies":[{"name":"wp","href":"https:\/\/api.w.org\/{rel}","templated":true}]}}