{"id":254,"date":"2019-06-19T11:31:36","date_gmt":"2019-06-19T11:31:36","guid":{"rendered":"http:\/\/www.grubaart.pl\/?page_id=254"},"modified":"2023-11-28T09:17:19","modified_gmt":"2023-11-28T09:17:19","slug":"projekty-wnetrz","status":"publish","type":"page","link":"https:\/\/www.grubaart.pl\/index.php\/projekty-wnetrz\/","title":{"rendered":"Projekty wn\u0119trz"},"content":{"rendered":"\n<hr class=\"wp-block-separator has-alpha-channel-opacity is-style-dots\"\/>\n\n\n\n<h5 class=\"wp-block-heading has-text-align-center\"><a href=\"https:\/\/www.grubaart.pl\/index.php\/projekty-mebli\/\" data-type=\"page\" data-id=\"1785\">Projekty mebli<\/a><\/h5>\n\n\n\n<hr class=\"wp-block-separator has-alpha-channel-opacity is-style-dots\"\/>\n\n\n\n<h5 class=\"wp-block-heading has-text-align-center\">Projekt wn\u0119trza domu jednorodzinnego w Kie\u0142pinie<\/h5>\n\n\n<div class=\"wp-block-image\">\n<figure class=\"aligncenter size-large is-resized\"><a href=\"https:\/\/www.grubaart.pl\/index.php\/projekt-wnetrza-domu-jednorodzinnego-w-kielpinie\/\" target=\"_blank\" rel=\"noreferrer noopener\"><img loading=\"lazy\" decoding=\"async\" width=\"1024\" height=\"620\" src=\"https:\/\/www.grubaart.pl\/wp-content\/uploads\/2023\/11\/20230309_091220-2-1024x620.jpg\" alt=\"\" class=\"wp-image-2073\" style=\"aspect-ratio:1.6514285714285715;width:896px;height:auto\" srcset=\"https:\/\/www.grubaart.pl\/wp-content\/uploads\/2023\/11\/20230309_091220-2-1024x620.jpg 1024w, https:\/\/www.grubaart.pl\/wp-content\/uploads\/2023\/11\/20230309_091220-2-300x182.jpg 300w, https:\/\/www.grubaart.pl\/wp-content\/uploads\/2023\/11\/20230309_091220-2-768x465.jpg 768w, https:\/\/www.grubaart.pl\/wp-content\/uploads\/2023\/11\/20230309_091220-2-1536x930.jpg 1536w, https:\/\/www.grubaart.pl\/wp-content\/uploads\/2023\/11\/20230309_091220-2-2048x1240.jpg 2048w, https:\/\/www.grubaart.pl\/wp-content\/uploads\/2023\/11\/20230309_091220-2-1784x1080.jpg 1784w\" sizes=\"auto, (max-width: 1024px) 100vw, 1024px\" \/><\/a><\/figure>\n<\/div>\n\n\n<h5 class=\"wp-block-heading has-text-align-center\">Projekt wn\u0119trz przedszkola z oddzia\u0142ami integracyjnymi w Kie\u0142pinie<\/h5>\n\n\n<div class=\"wp-block-image\">\n<figure class=\"aligncenter size-large is-resized\"><a href=\"https:\/\/www.grubaart.pl\/index.php\/projekt-wnetrz-przedszkola-z-oddzialami-integracyjnymi-w-kielpinie\/\"><img loading=\"lazy\" decoding=\"async\" width=\"1024\" height=\"609\" src=\"https:\/\/www.grubaart.pl\/wp-content\/uploads\/2023\/01\/gggggg-1024x609.jpg\" alt=\"\" class=\"wp-image-1765\" style=\"width:900px;height:522px\" srcset=\"https:\/\/www.grubaart.pl\/wp-content\/uploads\/2023\/01\/gggggg-1024x609.jpg 1024w, https:\/\/www.grubaart.pl\/wp-content\/uploads\/2023\/01\/gggggg-300x178.jpg 300w, https:\/\/www.grubaart.pl\/wp-content\/uploads\/2023\/01\/gggggg-768x457.jpg 768w, https:\/\/www.grubaart.pl\/wp-content\/uploads\/2023\/01\/gggggg-1536x913.jpg 1536w, https:\/\/www.grubaart.pl\/wp-content\/uploads\/2023\/01\/gggggg.jpg 1800w\" sizes=\"auto, (max-width: 1024px) 100vw, 1024px\" \/><\/a><\/figure>\n<\/div>\n\n\n<hr class=\"wp-block-separator aligncenter has-text-color has-cyan-bluish-gray-color has-alpha-channel-opacity has-cyan-bluish-gray-background-color has-background is-style-dots\"\/>\n\n\n\n<h5 class=\"wp-block-heading has-text-align-center\">Projekt wn\u0119trz oraz elewacji Zespo\u0142u Kszta\u0142cenia i Wychowania w Brodnicy G\u00f3rnej<\/h5>\n\n\n<div class=\"wp-block-image\">\n<figure class=\"aligncenter size-large is-resized\"><a href=\"https:\/\/www.grubaart.pl\/index.php\/projekt-wnetrz-zespolu-ksztalcenia-i-wychowania-w-brodnicy-gornej\/\"><img loading=\"lazy\" decoding=\"async\" width=\"1024\" height=\"594\" src=\"https:\/\/www.grubaart.pl\/wp-content\/uploads\/2023\/01\/s1-1024x594.jpg\" alt=\"\" class=\"wp-image-1721\" style=\"width:900px;height:522px\" srcset=\"https:\/\/www.grubaart.pl\/wp-content\/uploads\/2023\/01\/s1-1024x594.jpg 1024w, https:\/\/www.grubaart.pl\/wp-content\/uploads\/2023\/01\/s1-300x174.jpg 300w, https:\/\/www.grubaart.pl\/wp-content\/uploads\/2023\/01\/s1-768x445.jpg 768w, https:\/\/www.grubaart.pl\/wp-content\/uploads\/2023\/01\/s1-1536x890.jpg 1536w, https:\/\/www.grubaart.pl\/wp-content\/uploads\/2023\/01\/s1-2048x1187.jpg 2048w, https:\/\/www.grubaart.pl\/wp-content\/uploads\/2023\/01\/s1-1863x1080.jpg 1863w\" sizes=\"auto, (max-width: 1024px) 100vw, 1024px\" \/><\/a><\/figure>\n<\/div>\n\n\n<hr class=\"wp-block-separator aligncenter has-text-color has-cyan-bluish-gray-color has-alpha-channel-opacity has-cyan-bluish-gray-background-color has-background is-style-dots\"\/>\n\n\n\n<h5 class=\"wp-block-heading has-text-align-center\">Projekt wn\u0119trz przedszkola w Pruszczu Gda\u0144skim<\/h5>\n\n\n<div class=\"wp-block-image\">\n<figure class=\"aligncenter size-large is-resized\"><a href=\"https:\/\/www.grubaart.pl\/index.php\/projekt-przedszkola-w-pruszczu-gdanskim\/\" target=\"_blank\" rel=\"noreferrer noopener\"><img loading=\"lazy\" decoding=\"async\" width=\"1024\" height=\"606\" src=\"https:\/\/www.grubaart.pl\/wp-content\/uploads\/2023\/01\/1111-1024x606.jpg\" alt=\"\" class=\"wp-image-1723\" style=\"width:900px;height:522px\" srcset=\"https:\/\/www.grubaart.pl\/wp-content\/uploads\/2023\/01\/1111-1024x606.jpg 1024w, https:\/\/www.grubaart.pl\/wp-content\/uploads\/2023\/01\/1111-300x178.jpg 300w, https:\/\/www.grubaart.pl\/wp-content\/uploads\/2023\/01\/1111-768x455.jpg 768w, https:\/\/www.grubaart.pl\/wp-content\/uploads\/2023\/01\/1111-1536x909.jpg 1536w, https:\/\/www.grubaart.pl\/wp-content\/uploads\/2023\/01\/1111-2048x1212.jpg 2048w, https:\/\/www.grubaart.pl\/wp-content\/uploads\/2023\/01\/1111-1824x1080.jpg 1824w\" sizes=\"auto, (max-width: 1024px) 100vw, 1024px\" \/><\/a><\/figure>\n<\/div>\n\n\n<hr class=\"wp-block-separator has-text-color has-cyan-bluish-gray-color has-alpha-channel-opacity has-cyan-bluish-gray-background-color has-background is-style-dots\"\/>\n\n\n\n<h5 class=\"wp-block-heading has-text-align-center\">Projekt przedszkola integracyjnego w Kartuzach<\/h5>\n\n\n<div class=\"wp-block-image\">\n<figure class=\"aligncenter size-large is-resized\"><a href=\"https:\/\/www.grubaart.pl\/?page_id=1503&amp;preview=true\" target=\"_blank\" rel=\"noopener noreferrer\"><img loading=\"lazy\" decoding=\"async\" width=\"1024\" height=\"546\" src=\"https:\/\/www.grubaart.pl\/wp-content\/uploads\/2021\/01\/a-1-1024x546.jpg\" alt=\"\" class=\"wp-image-1547\" style=\"width:900px\" srcset=\"https:\/\/www.grubaart.pl\/wp-content\/uploads\/2021\/01\/a-1-1024x546.jpg 1024w, https:\/\/www.grubaart.pl\/wp-content\/uploads\/2021\/01\/a-1-300x160.jpg 300w, https:\/\/www.grubaart.pl\/wp-content\/uploads\/2021\/01\/a-1-768x410.jpg 768w, https:\/\/www.grubaart.pl\/wp-content\/uploads\/2021\/01\/a-1-1536x819.jpg 1536w, https:\/\/www.grubaart.pl\/wp-content\/uploads\/2021\/01\/a-1-2048x1092.jpg 2048w, https:\/\/www.grubaart.pl\/wp-content\/uploads\/2021\/01\/a-1-1920x1024.jpg 1920w\" sizes=\"auto, (max-width: 1024px) 100vw, 1024px\" \/><\/a><\/figure>\n<\/div>\n\n\n<hr class=\"wp-block-separator has-css-opacity is-style-dots\"\/>\n\n\n\n<h5 class=\"wp-block-heading has-text-align-center\">Sto\u0142\u00f3wka szkolna w Szkole Podstawowej nr 2 w Kartuzach<\/h5>\n\n\n<div class=\"wp-block-image\">\n<figure class=\"aligncenter size-large is-resized\"><a href=\"https:\/\/www.grubaart.pl\/index.php\/stolowka-szkolna-w-szkole-podstawowej-nr-2-w-kartuzach\/\" target=\"_blank\" rel=\"noopener noreferrer\"><img loading=\"lazy\" decoding=\"async\" width=\"2560\" height=\"1440\" src=\"https:\/\/www.grubaart.pl\/wp-content\/uploads\/2020\/10\/2-edited-scaled.jpg\" alt=\"\" class=\"wp-image-1312\" style=\"width:900px;height:447px\" srcset=\"https:\/\/www.grubaart.pl\/wp-content\/uploads\/2020\/10\/2-edited-scaled.jpg 2560w, https:\/\/www.grubaart.pl\/wp-content\/uploads\/2020\/10\/2-edited-300x169.jpg 300w, https:\/\/www.grubaart.pl\/wp-content\/uploads\/2020\/10\/2-edited-1024x576.jpg 1024w, https:\/\/www.grubaart.pl\/wp-content\/uploads\/2020\/10\/2-edited-768x432.jpg 768w, https:\/\/www.grubaart.pl\/wp-content\/uploads\/2020\/10\/2-edited-1536x864.jpg 1536w, https:\/\/www.grubaart.pl\/wp-content\/uploads\/2020\/10\/2-edited-2048x1152.jpg 2048w, https:\/\/www.grubaart.pl\/wp-content\/uploads\/2020\/10\/2-edited-1920x1080.jpg 1920w\" sizes=\"auto, (max-width: 2560px) 100vw, 2560px\" \/><\/a><\/figure>\n<\/div>\n\n\n<hr class=\"wp-block-separator has-css-opacity is-style-dots\"\/>\n\n\n\n<h5 class=\"wp-block-heading has-text-align-center\" id=\"mce_28\">Szko\u0142a podstawowa w Kie\u0142pinie<\/h5>\n\n\n<div class=\"wp-block-image\">\n<figure class=\"aligncenter\"><a href=\"http:\/\/www.grubaart.pl\/index.php\/projekt-rozbudowy-szkoly-podstawowej-w-kielpinie\/\" target=\"_blank\" rel=\"noopener noreferrer\"><img loading=\"lazy\" decoding=\"async\" width=\"900\" height=\"447\" src=\"http:\/\/www.grubaart.pl\/wp-content\/uploads\/2019\/06\/15d.jpg\" alt=\"\" class=\"wp-image-300\" srcset=\"https:\/\/www.grubaart.pl\/wp-content\/uploads\/2019\/06\/15d.jpg 900w, https:\/\/www.grubaart.pl\/wp-content\/uploads\/2019\/06\/15d-300x149.jpg 300w, https:\/\/www.grubaart.pl\/wp-content\/uploads\/2019\/06\/15d-768x381.jpg 768w\" sizes=\"auto, (max-width: 900px) 100vw, 900px\" \/><\/a><\/figure>\n<\/div>\n\n\n<hr class=\"wp-block-separator has-css-opacity is-style-dots\"\/>\n\n\n\n<h5 class=\"wp-block-heading has-text-align-center\">Sto\u0142\u00f3wka szkolna w Kie\u0142pinie<\/h5>\n\n\n<div class=\"wp-block-image\">\n<figure class=\"aligncenter\"><a href=\"http:\/\/www.grubaart.pl\/index.php\/stolowka-szkolna-w-kielpinie\/\" target=\"_blank\" rel=\"noopener noreferrer\"><img loading=\"lazy\" decoding=\"async\" width=\"900\" height=\"447\" src=\"http:\/\/www.grubaart.pl\/wp-content\/uploads\/2019\/06\/aqq.jpg\" alt=\"\" class=\"wp-image-633\" srcset=\"https:\/\/www.grubaart.pl\/wp-content\/uploads\/2019\/06\/aqq.jpg 900w, https:\/\/www.grubaart.pl\/wp-content\/uploads\/2019\/06\/aqq-300x149.jpg 300w, https:\/\/www.grubaart.pl\/wp-content\/uploads\/2019\/06\/aqq-768x381.jpg 768w\" sizes=\"auto, (max-width: 900px) 100vw, 900px\" \/><\/a><\/figure>\n<\/div>\n\n\n<hr class=\"wp-block-separator has-css-opacity is-style-dots\"\/>\n\n\n\n<h5 class=\"wp-block-heading has-text-align-center\">Projekt elewacji oraz wn\u0119trz Szko\u0142y Podstawowej w \u0141apalicach<\/h5>\n\n\n<div class=\"wp-block-image\">\n<figure class=\"aligncenter size-large is-resized\"><a href=\"projekt-wnetrz-szkoly-podstawowej-w-lapalicach\" target=\"_blank\" rel=\"noopener noreferrer\"><img loading=\"lazy\" decoding=\"async\" width=\"1024\" height=\"491\" src=\"https:\/\/www.grubaart.pl\/wp-content\/uploads\/2020\/10\/elewacja-1-1024x491.jpg\" alt=\"\" class=\"wp-image-1397\" style=\"width:900px;height:447px\" srcset=\"https:\/\/www.grubaart.pl\/wp-content\/uploads\/2020\/10\/elewacja-1-1024x491.jpg 1024w, https:\/\/www.grubaart.pl\/wp-content\/uploads\/2020\/10\/elewacja-1-300x144.jpg 300w, https:\/\/www.grubaart.pl\/wp-content\/uploads\/2020\/10\/elewacja-1-768x368.jpg 768w, https:\/\/www.grubaart.pl\/wp-content\/uploads\/2020\/10\/elewacja-1-1536x736.jpg 1536w, https:\/\/www.grubaart.pl\/wp-content\/uploads\/2020\/10\/elewacja-1-2048x981.jpg 2048w, https:\/\/www.grubaart.pl\/wp-content\/uploads\/2020\/10\/elewacja-1-1920x920.jpg 1920w\" sizes=\"auto, (max-width: 1024px) 100vw, 1024px\" \/><\/a><\/figure>\n<\/div>\n\n\n<hr class=\"wp-block-separator has-css-opacity is-style-dots\"\/>\n\n\n\n<h5 class=\"wp-block-heading has-text-align-center\">Projekt wn\u0119trz Szko\u0142y Podstawowej Nr 2 w Kartuzach<\/h5>\n\n\n<div class=\"wp-block-image\">\n<figure class=\"aligncenter size-large is-resized\"><a href=\"projekt-wnetrz-szkoly-podstawowej-nr-2-w-kartuzach\" target=\"_blank\" rel=\"noopener noreferrer\"><img loading=\"lazy\" decoding=\"async\" width=\"1024\" height=\"454\" src=\"https:\/\/www.grubaart.pl\/wp-content\/uploads\/2020\/10\/SketchUp_1-2-1024x454.jpg\" alt=\"\" class=\"wp-image-1410\" style=\"width:900px;height:447px\" srcset=\"https:\/\/www.grubaart.pl\/wp-content\/uploads\/2020\/10\/SketchUp_1-2-1024x454.jpg 1024w, https:\/\/www.grubaart.pl\/wp-content\/uploads\/2020\/10\/SketchUp_1-2-300x133.jpg 300w, https:\/\/www.grubaart.pl\/wp-content\/uploads\/2020\/10\/SketchUp_1-2-768x341.jpg 768w, https:\/\/www.grubaart.pl\/wp-content\/uploads\/2020\/10\/SketchUp_1-2-1536x682.jpg 1536w, https:\/\/www.grubaart.pl\/wp-content\/uploads\/2020\/10\/SketchUp_1-2.jpg 1920w\" sizes=\"auto, (max-width: 1024px) 100vw, 1024px\" \/><\/a><\/figure>\n<\/div>\n\n\n<hr class=\"wp-block-separator has-css-opacity is-style-dots\"\/>\n\n\n\n<h5 class=\"wp-block-heading has-text-align-center\">Przedszkole w Kie\u0142pinie<\/h5>\n\n\n<div class=\"wp-block-image\">\n<figure class=\"aligncenter\"><a href=\"http:\/\/www.grubaart.pl\/index.php\/przedszkole-w-kielpinie-ii\/\" target=\"_blank\" rel=\"noopener noreferrer\"><img loading=\"lazy\" decoding=\"async\" width=\"900\" height=\"447\" src=\"http:\/\/www.grubaart.pl\/wp-content\/uploads\/2019\/06\/15d-1.jpg\" alt=\"\" class=\"wp-image-350\" srcset=\"https:\/\/www.grubaart.pl\/wp-content\/uploads\/2019\/06\/15d-1.jpg 900w, https:\/\/www.grubaart.pl\/wp-content\/uploads\/2019\/06\/15d-1-300x149.jpg 300w, https:\/\/www.grubaart.pl\/wp-content\/uploads\/2019\/06\/15d-1-768x381.jpg 768w\" sizes=\"auto, (max-width: 900px) 100vw, 900px\" \/><\/a><\/figure>\n<\/div>\n\n\n<hr class=\"wp-block-separator has-css-opacity is-style-dots\"\/>\n\n\n\n<h5 class=\"wp-block-heading has-text-align-center\">Przedszkole w Brodnicy G\u00f3rnej<\/h5>\n\n\n<div class=\"wp-block-image\">\n<figure class=\"aligncenter size-large is-resized\"><a href=\"http:\/\/www.grubaart.pl\/index.php\/przedszkole-w-brodnicy-gornej\/\"><img loading=\"lazy\" decoding=\"async\" width=\"1024\" height=\"482\" src=\"https:\/\/www.grubaart.pl\/wp-content\/uploads\/2020\/10\/1-2-1024x482.jpg\" alt=\"\" class=\"wp-image-1320\" style=\"width:900px;height:447px\" srcset=\"https:\/\/www.grubaart.pl\/wp-content\/uploads\/2020\/10\/1-2-1024x482.jpg 1024w, https:\/\/www.grubaart.pl\/wp-content\/uploads\/2020\/10\/1-2-300x141.jpg 300w, https:\/\/www.grubaart.pl\/wp-content\/uploads\/2020\/10\/1-2-768x361.jpg 768w, https:\/\/www.grubaart.pl\/wp-content\/uploads\/2020\/10\/1-2-1536x723.jpg 1536w, https:\/\/www.grubaart.pl\/wp-content\/uploads\/2020\/10\/1-2-2048x964.jpg 2048w, https:\/\/www.grubaart.pl\/wp-content\/uploads\/2020\/10\/1-2-1920x903.jpg 1920w\" sizes=\"auto, (max-width: 1024px) 100vw, 1024px\" \/><\/a><\/figure>\n<\/div>\n\n\n<hr class=\"wp-block-separator has-css-opacity is-style-dots\"\/>\n\n\n\n<h5 class=\"wp-block-heading has-text-align-center\">Przedszkole w Ko\u015bcierzynie<\/h5>\n\n\n<div class=\"wp-block-image\">\n<figure class=\"aligncenter size-large is-resized\"><a href=\"https:\/\/www.grubaart.pl\/index.php\/przedszkole-w-szkole-podstawowej-nr-6-w-koscierzynie\/\" target=\"_blank\" rel=\"noopener noreferrer\"><img loading=\"lazy\" decoding=\"async\" width=\"1024\" height=\"525\" src=\"https:\/\/www.grubaart.pl\/wp-content\/uploads\/2021\/01\/11-1024x525.jpg\" alt=\"\" class=\"wp-image-1481\" style=\"width:900px;height:447px\"\/><\/a><\/figure>\n<\/div>\n\n\n<hr class=\"wp-block-separator has-css-opacity is-style-dots\"\/>\n\n\n\n<h5 class=\"wp-block-heading has-text-align-center\">Przedszkole w Kartuzach<\/h5>\n\n\n<div class=\"wp-block-image\">\n<figure class=\"aligncenter\"><a href=\"http:\/\/www.grubaart.pl\/index.php\/przedszkole-w-kartuzach\/\" target=\"_blank\" rel=\"noopener noreferrer\"><img loading=\"lazy\" decoding=\"async\" width=\"900\" height=\"447\" src=\"http:\/\/www.grubaart.pl\/wp-content\/uploads\/2019\/06\/15d-4.jpg\" alt=\"\" class=\"wp-image-384\" srcset=\"https:\/\/www.grubaart.pl\/wp-content\/uploads\/2019\/06\/15d-4.jpg 900w, https:\/\/www.grubaart.pl\/wp-content\/uploads\/2019\/06\/15d-4-300x149.jpg 300w, https:\/\/www.grubaart.pl\/wp-content\/uploads\/2019\/06\/15d-4-768x381.jpg 768w\" sizes=\"auto, (max-width: 900px) 100vw, 900px\" \/><\/a><\/figure>\n<\/div>\n\n\n<hr class=\"wp-block-separator has-css-opacity is-style-dots\"\/>\n\n\n\n<h5 class=\"wp-block-heading has-text-align-center\">Sto\u0142\u00f3wka szkolna w Kartuzach<\/h5>\n\n\n<div class=\"wp-block-image\">\n<figure class=\"aligncenter\"><a href=\"http:\/\/www.grubaart.pl\/index.php\/stolowka-szkolna-w-kartuzach\/\"><img loading=\"lazy\" decoding=\"async\" width=\"900\" height=\"447\" src=\"http:\/\/www.grubaart.pl\/wp-content\/uploads\/2019\/06\/aaa.jpg\" alt=\"\" class=\"wp-image-379\" srcset=\"https:\/\/www.grubaart.pl\/wp-content\/uploads\/2019\/06\/aaa.jpg 900w, https:\/\/www.grubaart.pl\/wp-content\/uploads\/2019\/06\/aaa-300x149.jpg 300w, https:\/\/www.grubaart.pl\/wp-content\/uploads\/2019\/06\/aaa-768x381.jpg 768w\" sizes=\"auto, (max-width: 900px) 100vw, 900px\" \/><\/a><\/figure>\n<\/div>\n\n\n<hr class=\"wp-block-separator has-css-opacity is-style-dots\"\/>\n\n\n\n<h5 class=\"wp-block-heading has-text-align-center\">Sto\u0142\u00f3wka szkolna w Staniszewie<\/h5>\n\n\n<div class=\"wp-block-image\">\n<figure class=\"aligncenter\"><a href=\"http:\/\/www.grubaart.pl\/index.php\/stolowka-szkolna-w-staniszewie\/\"><img loading=\"lazy\" decoding=\"async\" width=\"900\" height=\"447\" src=\"http:\/\/www.grubaart.pl\/wp-content\/uploads\/2019\/06\/aaas.jpg\" alt=\"\" class=\"wp-image-382\" srcset=\"https:\/\/www.grubaart.pl\/wp-content\/uploads\/2019\/06\/aaas.jpg 900w, https:\/\/www.grubaart.pl\/wp-content\/uploads\/2019\/06\/aaas-300x149.jpg 300w, https:\/\/www.grubaart.pl\/wp-content\/uploads\/2019\/06\/aaas-768x381.jpg 768w\" sizes=\"auto, (max-width: 900px) 100vw, 900px\" \/><\/a><\/figure>\n<\/div>\n\n\n<hr class=\"wp-block-separator has-css-opacity is-style-dots\"\/>\n\n\n\n<h5 class=\"wp-block-heading has-text-align-center\">Sala zabaw Kic-Kic w Pruszczu Gda\u0144skim<\/h5>\n\n\n<div class=\"wp-block-image\">\n<figure class=\"aligncenter\"><a href=\"http:\/\/www.grubaart.pl\/index.php\/sala-zabaw-kic-kic-w-pruszczu-gdanskim\/\"><img loading=\"lazy\" decoding=\"async\" width=\"900\" height=\"447\" src=\"http:\/\/www.grubaart.pl\/wp-content\/uploads\/2019\/06\/15d-5.jpg\" alt=\"\" class=\"wp-image-386\" srcset=\"https:\/\/www.grubaart.pl\/wp-content\/uploads\/2019\/06\/15d-5.jpg 900w, https:\/\/www.grubaart.pl\/wp-content\/uploads\/2019\/06\/15d-5-300x149.jpg 300w, https:\/\/www.grubaart.pl\/wp-content\/uploads\/2019\/06\/15d-5-768x381.jpg 768w\" sizes=\"auto, (max-width: 900px) 100vw, 900px\" \/><\/a><\/figure>\n<\/div>\n\n\n<hr class=\"wp-block-separator has-css-opacity is-style-dots\"\/>\n\n\n\n<h5 class=\"wp-block-heading has-text-align-center\">Przedszkole w Kie\u0142pinie<\/h5>\n\n\n<div class=\"wp-block-image\">\n<figure class=\"aligncenter\"><a href=\"http:\/\/www.grubaart.pl\/index.php\/przedszkole-w-kielpinie\/\"><img loading=\"lazy\" decoding=\"async\" width=\"900\" height=\"447\" src=\"http:\/\/www.grubaart.pl\/wp-content\/uploads\/2019\/06\/15d-6.jpg\" alt=\"\" class=\"wp-image-400\" srcset=\"https:\/\/www.grubaart.pl\/wp-content\/uploads\/2019\/06\/15d-6.jpg 900w, https:\/\/www.grubaart.pl\/wp-content\/uploads\/2019\/06\/15d-6-300x149.jpg 300w, https:\/\/www.grubaart.pl\/wp-content\/uploads\/2019\/06\/15d-6-768x381.jpg 768w\" sizes=\"auto, (max-width: 900px) 100vw, 900px\" \/><\/a><\/figure>\n<\/div>\n\n\n<hr class=\"wp-block-separator has-css-opacity is-style-dots\"\/>\n\n\n\n<h5 class=\"wp-block-heading has-text-align-center\">Biblioteka szkolna w Staniszewie<\/h5>\n\n\n<div class=\"wp-block-image\">\n<figure class=\"aligncenter\"><a href=\"http:\/\/www.grubaart.pl\/index.php\/biblioteka-szkolna-w-staniszewie\/\"><img loading=\"lazy\" decoding=\"async\" width=\"900\" height=\"447\" src=\"http:\/\/www.grubaart.pl\/wp-content\/uploads\/2019\/06\/15d-7.jpg\" alt=\"\" class=\"wp-image-403\" srcset=\"https:\/\/www.grubaart.pl\/wp-content\/uploads\/2019\/06\/15d-7.jpg 900w, https:\/\/www.grubaart.pl\/wp-content\/uploads\/2019\/06\/15d-7-300x149.jpg 300w, https:\/\/www.grubaart.pl\/wp-content\/uploads\/2019\/06\/15d-7-768x381.jpg 768w\" sizes=\"auto, (max-width: 900px) 100vw, 900px\" \/><\/a><\/figure>\n<\/div>\n\n\n<hr class=\"wp-block-separator has-css-opacity is-style-dots\"\/>\n\n\n\n<h5 class=\"wp-block-heading has-text-align-center\">Przychodnia Lekarza Rodzinnego w Gda\u0144sku<\/h5>\n\n\n<div class=\"wp-block-image\">\n<figure class=\"aligncenter\"><a href=\"http:\/\/www.grubaart.pl\/index.php\/przychodnia-lekarza-rodzinnego-w-gdansku\/\" target=\"_blank\" rel=\"noopener noreferrer\"><img loading=\"lazy\" decoding=\"async\" width=\"900\" height=\"447\" src=\"http:\/\/www.grubaart.pl\/wp-content\/uploads\/2019\/06\/15d-2.jpg\" alt=\"\" class=\"wp-image-354\" srcset=\"https:\/\/www.grubaart.pl\/wp-content\/uploads\/2019\/06\/15d-2.jpg 900w, https:\/\/www.grubaart.pl\/wp-content\/uploads\/2019\/06\/15d-2-300x149.jpg 300w, https:\/\/www.grubaart.pl\/wp-content\/uploads\/2019\/06\/15d-2-768x381.jpg 768w\" sizes=\"auto, (max-width: 900px) 100vw, 900px\" \/><\/a><\/figure>\n<\/div>\n\n\n<hr class=\"wp-block-separator has-css-opacity is-style-dots\"\/>\n\n\n\n<h5 class=\"wp-block-heading has-text-align-center\">Pomieszczenia biurowe firmy GRASO w Starogardzie Gda\u0144skim         <\/h5>\n\n\n<div class=\"wp-block-image\">\n<figure class=\"aligncenter\"><a href=\"http:\/\/www.grubaart.pl\/index.php\/pomieszczenia-biurowe-firmy-graso-w-starogardzie-gdanskim\/\"><img loading=\"lazy\" decoding=\"async\" width=\"900\" height=\"447\" src=\"http:\/\/www.grubaart.pl\/wp-content\/uploads\/2019\/06\/15d-8.jpg\" alt=\"\" class=\"wp-image-405\" srcset=\"https:\/\/www.grubaart.pl\/wp-content\/uploads\/2019\/06\/15d-8.jpg 900w, https:\/\/www.grubaart.pl\/wp-content\/uploads\/2019\/06\/15d-8-300x149.jpg 300w, https:\/\/www.grubaart.pl\/wp-content\/uploads\/2019\/06\/15d-8-768x381.jpg 768w\" sizes=\"auto, (max-width: 900px) 100vw, 900px\" \/><\/a><\/figure>\n<\/div>","protected":false},"excerpt":{"rendered":"<p>Projekty mebli Projekt wn\u0119trza domu jednorodzinnego w Kie\u0142pinie Projekt wn\u0119trz przedszkola z oddzia\u0142ami integracyjnymi w Kie\u0142pinie Projekt wn\u0119trz oraz elewacji Zespo\u0142u Kszta\u0142cenia i Wychowania w Brodnicy G\u00f3rnej Projekt wn\u0119trz przedszkola w Pruszczu Gda\u0144skim Projekt przedszkola integracyjnego w Kartuzach Sto\u0142\u00f3wka szkolna w Szkole Podstawowej nr 2 w Kartuzach Szko\u0142a podstawowa w Kie\u0142pinie Sto\u0142\u00f3wka szkolna w Kie\u0142pinie&hellip; <br \/> <a class=\"read-more\" href=\"https:\/\/www.grubaart.pl\/index.php\/projekty-wnetrz\/\">Przeczytaj wi\u0119cej<\/a><\/p>\n","protected":false},"author":1,"featured_media":602,"parent":0,"menu_order":0,"comment_status":"closed","ping_status":"closed","template":"","meta":{"footnotes":""},"class_list":["post-254","page","type-page","status-publish","has-post-thumbnail","hentry"],"_links":{"self":[{"href":"https:\/\/www.grubaart.pl\/index.php\/wp-json\/wp\/v2\/pages\/254","targetHints":{"allow":["GET"]}}],"collection":[{"href":"https:\/\/www.grubaart.pl\/index.php\/wp-json\/wp\/v2\/pages"}],"about":[{"href":"https:\/\/www.grubaart.pl\/index.php\/wp-json\/wp\/v2\/types\/page"}],"author":[{"embeddable":true,"href":"https:\/\/www.grubaart.pl\/index.php\/wp-json\/wp\/v2\/users\/1"}],"replies":[{"embeddable":true,"href":"https:\/\/www.grubaart.pl\/index.php\/wp-json\/wp\/v2\/comments?post=254"}],"version-history":[{"count":117,"href":"https:\/\/www.grubaart.pl\/index.php\/wp-json\/wp\/v2\/pages\/254\/revisions"}],"predecessor-version":[{"id":2075,"href":"https:\/\/www.grubaart.pl\/index.php\/wp-json\/wp\/v2\/pages\/254\/revisions\/2075"}],"wp:featuredmedia":[{"embeddable":true,"href":"https:\/\/www.grubaart.pl\/index.php\/wp-json\/wp\/v2\/media\/602"}],"wp:attachment":[{"href":"https:\/\/www.grubaart.pl\/index.php\/wp-json\/wp\/v2\/media?parent=254"}],"curies":[{"name":"wp","href":"https:\/\/api.w.org\/{rel}","templated":true}]}}