{"id":2350,"date":"2026-04-27T08:13:52","date_gmt":"2026-04-27T08:13:52","guid":{"rendered":"https:\/\/www.grubaart.pl\/?page_id=2350"},"modified":"2026-04-27T09:32:51","modified_gmt":"2026-04-27T09:32:51","slug":"grupa-dorosli","status":"publish","type":"page","link":"https:\/\/www.grubaart.pl\/index.php\/grupa-dorosli\/","title":{"rendered":"GRUPA DORO\u015aLI"},"content":{"rendered":"\n<h2 class=\"wp-block-heading has-text-align-center\">WTOREK 17.00-19.30<\/h2>\n\n\n\n<p>Zaj\u0119cia kierowane s\u0105 przede wszystkim do os\u00f3b, kt\u00f3re dopiero chc\u0105 rozpocz\u0105\u0107 swoj\u0105 przygod\u0119 z rysunkiem lub malarstwem. Cz\u0119sto jednak do\u0142\u0105czaj\u0105 do nas tak\u017ce doro\u015bli, kt\u00f3rzy mieli ju\u017c wcze\u015bniej kontakt ze sztuk\u0105 i pragn\u0105 do niej wr\u00f3ci\u0107. To grupa o charakterze hobbystycznym, nie ma tu por\u00f3wnywania umiej\u0119tno\u015bci czy presji udanej pracy. Zaj\u0119cia maj\u0105 by\u0107 przede wszystkim czasem oderwania si\u0119 od rzeczywisto\u015bci i skupieni na sobie.<\/p>\n\n\n\n<p>Program zaj\u0119\u0107 daje mo\u017cliwo\u015b\u0107 rozwoju indywidualnych umiej\u0119tno\u015bci ka\u017cdego uczestnika, w wybranym przez niego obszarze. Na spotkaniach uczestnik b\u0119dzie mia\u0142 mo\u017cliwo\u015b\u0107 spr\u00f3bowania swoich si\u0142 w o\u0142\u00f3wku, w\u0119glu, sepii oraz malarstwie, pracuj\u0105c z akrylami, akwarel\u0105 czy farbami olejnymi.<\/p>\n\n\n\n<p>Uczestnicy mog\u0105 r\u00f3wnie\u017c realizowa\u0107 w\u0142asne pomys\u0142y. Ka\u017cdy rozwija si\u0119 we w\u0142asnym tempie i otrzymuje indywidualne wskaz\u00f3wki dostosowane do swoich potrzeb i mo\u017cliwo\u015bci.<\/p>\n\n\n\n<p>W cenie zaj\u0119\u0107 zapewniamy wszystkie materia\u0142y plastyczne, takie jak specjalistyczne podk\u0142ady, podobrazia, farby czy p\u0119dzle.<\/p>\n\n\n\n<p><\/p>\n","protected":false},"excerpt":{"rendered":"<p>WTOREK 17.00-19.30 Zaj\u0119cia kierowane s\u0105 przede wszystkim do os\u00f3b, kt\u00f3re dopiero chc\u0105 rozpocz\u0105\u0107 swoj\u0105 przygod\u0119 z rysunkiem lub malarstwem. Cz\u0119sto jednak do\u0142\u0105czaj\u0105 do nas tak\u017ce doro\u015bli, kt\u00f3rzy mieli ju\u017c wcze\u015bniej kontakt ze sztuk\u0105 i pragn\u0105 do niej wr\u00f3ci\u0107. To grupa o charakterze hobbystycznym, nie ma tu por\u00f3wnywania umiej\u0119tno\u015bci czy presji udanej pracy. Zaj\u0119cia maj\u0105 by\u0107&hellip; <br \/> <a class=\"read-more\" href=\"https:\/\/www.grubaart.pl\/index.php\/grupa-dorosli\/\">Dowiedz si\u0119 wi\u0119cej<\/a><\/p>\n","protected":false},"author":1,"featured_media":0,"parent":0,"menu_order":0,"comment_status":"closed","ping_status":"closed","template":"","meta":{"footnotes":""},"class_list":["post-2350","page","type-page","status-publish","hentry"],"_links":{"self":[{"href":"https:\/\/www.grubaart.pl\/index.php\/wp-json\/wp\/v2\/pages\/2350","targetHints":{"allow":["GET"]}}],"collection":[{"href":"https:\/\/www.grubaart.pl\/index.php\/wp-json\/wp\/v2\/pages"}],"about":[{"href":"https:\/\/www.grubaart.pl\/index.php\/wp-json\/wp\/v2\/types\/page"}],"author":[{"embeddable":true,"href":"https:\/\/www.grubaart.pl\/index.php\/wp-json\/wp\/v2\/users\/1"}],"replies":[{"embeddable":true,"href":"https:\/\/www.grubaart.pl\/index.php\/wp-json\/wp\/v2\/comments?post=2350"}],"version-history":[{"count":5,"href":"https:\/\/www.grubaart.pl\/index.php\/wp-json\/wp\/v2\/pages\/2350\/revisions"}],"predecessor-version":[{"id":2392,"href":"https:\/\/www.grubaart.pl\/index.php\/wp-json\/wp\/v2\/pages\/2350\/revisions\/2392"}],"wp:attachment":[{"href":"https:\/\/www.grubaart.pl\/index.php\/wp-json\/wp\/v2\/media?parent=2350"}],"curies":[{"name":"wp","href":"https:\/\/api.w.org\/{rel}","templated":true}]}}