{"id":2131,"date":"2026-03-12T13:03:28","date_gmt":"2026-03-12T13:03:28","guid":{"rendered":"https:\/\/www.grubaart.pl\/?page_id=2131"},"modified":"2026-04-27T09:31:03","modified_gmt":"2026-04-27T09:31:03","slug":"kurs-przygotowujacy-do-egzaminu-do-liceum-plastycznego","status":"publish","type":"page","link":"https:\/\/www.grubaart.pl\/index.php\/kurs-przygotowujacy-do-egzaminu-do-liceum-plastycznego\/","title":{"rendered":"KURS PRZYGOTOWUJ\u0104CY DO EGZAMINU DO LICEUM PLASTYCZNEGO"},"content":{"rendered":"\n<h2 class=\"wp-block-heading has-text-align-center\">UMAWIANY INDYWIDUALNIE<\/h2>\n\n\n\n<p>Zapraszam na zaj\u0119cia przygotowuj\u0105ce do egzamin\u00f3w do Liceum Plastycznego. Program dostosowany jest do wymog\u00f3w egzaminacyjnych danej szko\u0142y plastycznej.<\/p>\n\n\n\n<p>Zakres: rysunek + malarstwo + teoria (test\/ustny)<\/p>\n\n\n\n<p>Rysunek:<\/p>\n\n\n\n<ul class=\"wp-block-list\">\n<li>martwa natura z obserwacji<\/li>\n\n\n\n<li>proporcje, konstrukcja bry\u0142, perspektywa<\/li>\n\n\n\n<li>\u015bwiat\u0142ocie\u0144 (walor), cie\u0144 rzucony, kraw\u0119dzie, draperia<\/li>\n<\/ul>\n\n\n\n<p>Malarstwo:<\/p>\n\n\n\n<ul class=\"wp-block-list\">\n<li>martwa natura z obserwacji<\/li>\n\n\n\n<li>plama, relacje walorowe i barwne<\/li>\n\n\n\n<li>temperatura koloru, \u015bwiat\u0142o\/cie\u0144, harmonia + akcent<\/li>\n<\/ul>\n\n\n\n<p>Teoria:<\/p>\n\n\n\n<ul class=\"wp-block-list\">\n<li>podstawowe poj\u0119cia plastyczne (kompozycja, walor, perspektywa, kontrasty itd.)<\/li>\n\n\n\n<li>kolor: barwy podstawowe\/pochodne, dope\u0142nienia, ciep\u0142e &#8211; zimne<\/li>\n\n\n\n<li>podstawy historii sztuki<\/li>\n<\/ul>\n\n\n\n<p>Organizacja:<\/p>\n\n\n\n<ul class=\"wp-block-list\">\n<li>grupy: 3-5 os\u00f3b oraz indywidualnie<\/li>\n\n\n\n<li>poziomy: od zera i zaawansowani<\/li>\n\n\n\n<li>zaj\u0119cia: 1\u00d7tyg\/3 godziny.<\/li>\n<\/ul>\n\n\n\n<p><\/p>\n","protected":false},"excerpt":{"rendered":"<p>UMAWIANY INDYWIDUALNIE Zapraszam na zaj\u0119cia przygotowuj\u0105ce do egzamin\u00f3w do Liceum Plastycznego. Program dostosowany jest do wymog\u00f3w egzaminacyjnych danej szko\u0142y plastycznej. Zakres: rysunek + malarstwo + teoria (test\/ustny) Rysunek: Malarstwo: Teoria: Organizacja:<\/p>\n","protected":false},"author":1,"featured_media":0,"parent":0,"menu_order":0,"comment_status":"closed","ping_status":"closed","template":"","meta":{"footnotes":""},"class_list":["post-2131","page","type-page","status-publish","hentry"],"_links":{"self":[{"href":"https:\/\/www.grubaart.pl\/index.php\/wp-json\/wp\/v2\/pages\/2131","targetHints":{"allow":["GET"]}}],"collection":[{"href":"https:\/\/www.grubaart.pl\/index.php\/wp-json\/wp\/v2\/pages"}],"about":[{"href":"https:\/\/www.grubaart.pl\/index.php\/wp-json\/wp\/v2\/types\/page"}],"author":[{"embeddable":true,"href":"https:\/\/www.grubaart.pl\/index.php\/wp-json\/wp\/v2\/users\/1"}],"replies":[{"embeddable":true,"href":"https:\/\/www.grubaart.pl\/index.php\/wp-json\/wp\/v2\/comments?post=2131"}],"version-history":[{"count":5,"href":"https:\/\/www.grubaart.pl\/index.php\/wp-json\/wp\/v2\/pages\/2131\/revisions"}],"predecessor-version":[{"id":2389,"href":"https:\/\/www.grubaart.pl\/index.php\/wp-json\/wp\/v2\/pages\/2131\/revisions\/2389"}],"wp:attachment":[{"href":"https:\/\/www.grubaart.pl\/index.php\/wp-json\/wp\/v2\/media?parent=2131"}],"curies":[{"name":"wp","href":"https:\/\/api.w.org\/{rel}","templated":true}]}}