{"id":2127,"date":"2026-03-12T13:02:13","date_gmt":"2026-03-12T13:02:13","guid":{"rendered":"https:\/\/www.grubaart.pl\/?page_id=2127"},"modified":"2026-04-27T09:21:39","modified_gmt":"2026-04-27T09:21:39","slug":"grupa-9-14-lat-podstawowy","status":"publish","type":"page","link":"https:\/\/www.grubaart.pl\/index.php\/grupa-9-14-lat-podstawowy\/","title":{"rendered":"GRUPA 9-14 LAT PODSTAWOWY"},"content":{"rendered":"\n<h2 class=\"wp-block-heading has-text-align-center\">PONIEDZIA\u0141EK 16.30-19.00<\/h2>\n\n\n\n<p><\/p>\n\n\n\n<p>Kurs podstawowy rysunku i malarstwa dla dzieci i m\u0142odzie\u017cy w wieku 9-14 lat obejmuje systematyczne wprowadzenie w zagadnienia warsztatu plastycznego. Program zaj\u0119\u0107 koncentruje si\u0119 na rozwijaniu umiej\u0119tno\u015bci obserwacji, poprawnego odwzorowania formy oraz \u015bwiadomego pos\u0142ugiwania si\u0119 podstawowymi \u015brodkami wyrazu plastycznego.<\/p>\n\n\n\n<p>W ramach kursu uczestnicy pracuj\u0105 nad zagadnieniami takimi jak:<\/p>\n\n\n\n<ul class=\"wp-block-list\">\n<li>proporcje, <\/li>\n\n\n\n<li>kompozycja, <\/li>\n\n\n\n<li>perspektywa, perspektywa jedno-, dwu- i tr\u00f3jzbiegowa<\/li>\n\n\n\n<li>\u015bwiat\u0142ocie\u0144, walor oraz teoria koloru,<\/li>\n\n\n\n<li>rysunek studyjny, architektoniczny, wykre\u015blanie bry\u0142, analiza obiektu, budowanie przestrzeni na p\u0142aszczy\u017anie,<\/li>\n\n\n\n<li>anatomia ludzi, zwierz\u0105t i ro\u015blin,<\/li>\n\n\n\n<li>studium postaci,<\/li>\n\n\n\n<li>rysunek o\u0142\u00f3wkiem, w\u0119glem, pastelami suchymi i olejnymi,<\/li>\n\n\n\n<li>malarstwo olejne, akrylowe i akwarelowe,<\/li>\n\n\n\n<li>tworzenie koncepcyjne, creative thinking, &#8222;less i more&#8221;<\/li>\n\n\n\n<li>pejza\u017ce, plenery, rysowanie i malowanie natury<\/li>\n\n\n\n<li>projektowanie graficzne, projektowanie produktu oraz logotyp\u00f3w.<\/li>\n<\/ul>\n\n\n\n<p>Kurs stanowi solidn\u0105 podstaw\u0119 dalszej edukacji artystycznej. Sprzyja rozwijaniu precyzji, koncentracji, samodzielno\u015bci oraz konsekwencji w pracy tw\u00f3rczej, a jednocze\u015bnie pozwala uczestnikom stopniowo budowa\u0107 w\u0142asny j\u0119zyk wypowiedzi plastycznej w oparciu o rzetelne podstawy warsztatowe.<\/p>\n\n\n\n<p>Pracownia zapewnia wszelkie materia\u0142y. <\/p>\n\n\n\n<p><\/p>\n\n\n\n<figure class=\"wp-block-gallery has-nested-images columns-default is-cropped wp-block-gallery-1 is-layout-flex wp-block-gallery-is-layout-flex\">\n<figure class=\"wp-block-image size-large\"><img decoding=\"async\" width=\"768\" height=\"1024\" data-id=\"2121\" data-src=\"https:\/\/www.grubaart.pl\/wp-content\/uploads\/2026\/03\/20251001_184605-768x1024.jpg\" alt=\"\" class=\"wp-image-2121 lazyload\" data-srcset=\"https:\/\/www.grubaart.pl\/wp-content\/uploads\/2026\/03\/20251001_184605-768x1024.jpg 768w, https:\/\/www.grubaart.pl\/wp-content\/uploads\/2026\/03\/20251001_184605-225x300.jpg 225w, https:\/\/www.grubaart.pl\/wp-content\/uploads\/2026\/03\/20251001_184605-1152x1536.jpg 1152w, https:\/\/www.grubaart.pl\/wp-content\/uploads\/2026\/03\/20251001_184605-1536x2048.jpg 1536w, https:\/\/www.grubaart.pl\/wp-content\/uploads\/2026\/03\/20251001_184605-1024x1365.jpg 1024w, https:\/\/www.grubaart.pl\/wp-content\/uploads\/2026\/03\/20251001_184605-810x1080.jpg 810w, https:\/\/www.grubaart.pl\/wp-content\/uploads\/2026\/03\/20251001_184605-scaled.jpg 1920w\" data-sizes=\"(max-width: 768px) 100vw, 768px\" src=\"data:image\/svg+xml;base64,PHN2ZyB3aWR0aD0iMSIgaGVpZ2h0PSIxIiB4bWxucz0iaHR0cDovL3d3dy53My5vcmcvMjAwMC9zdmciPjwvc3ZnPg==\" style=\"--smush-placeholder-width: 768px; --smush-placeholder-aspect-ratio: 768\/1024;\" \/><\/figure>\n\n\n\n<figure class=\"wp-block-image size-large\"><img decoding=\"async\" width=\"1024\" height=\"1024\" data-id=\"2110\" data-src=\"https:\/\/www.grubaart.pl\/wp-content\/uploads\/2026\/03\/1.jpg\" alt=\"\" class=\"wp-image-2110 lazyload\" data-srcset=\"https:\/\/www.grubaart.pl\/wp-content\/uploads\/2026\/03\/1.jpg 1024w, https:\/\/www.grubaart.pl\/wp-content\/uploads\/2026\/03\/1-300x300.jpg 300w, https:\/\/www.grubaart.pl\/wp-content\/uploads\/2026\/03\/1-150x150.jpg 150w, https:\/\/www.grubaart.pl\/wp-content\/uploads\/2026\/03\/1-768x768.jpg 768w\" data-sizes=\"(max-width: 1024px) 100vw, 1024px\" src=\"data:image\/svg+xml;base64,PHN2ZyB3aWR0aD0iMSIgaGVpZ2h0PSIxIiB4bWxucz0iaHR0cDovL3d3dy53My5vcmcvMjAwMC9zdmciPjwvc3ZnPg==\" style=\"--smush-placeholder-width: 1024px; --smush-placeholder-aspect-ratio: 1024\/1024;\" \/><\/figure>\n\n\n\n<figure class=\"wp-block-image size-large\"><img decoding=\"async\" width=\"768\" height=\"1024\" data-id=\"2228\" data-src=\"https:\/\/www.grubaart.pl\/wp-content\/uploads\/2026\/03\/20241106_172519-768x1024.jpg\" alt=\"\" class=\"wp-image-2228 lazyload\" data-srcset=\"https:\/\/www.grubaart.pl\/wp-content\/uploads\/2026\/03\/20241106_172519-768x1024.jpg 768w, https:\/\/www.grubaart.pl\/wp-content\/uploads\/2026\/03\/20241106_172519-225x300.jpg 225w, https:\/\/www.grubaart.pl\/wp-content\/uploads\/2026\/03\/20241106_172519-1152x1536.jpg 1152w, https:\/\/www.grubaart.pl\/wp-content\/uploads\/2026\/03\/20241106_172519-1536x2048.jpg 1536w, https:\/\/www.grubaart.pl\/wp-content\/uploads\/2026\/03\/20241106_172519-1024x1365.jpg 1024w, https:\/\/www.grubaart.pl\/wp-content\/uploads\/2026\/03\/20241106_172519-810x1080.jpg 810w, https:\/\/www.grubaart.pl\/wp-content\/uploads\/2026\/03\/20241106_172519-scaled.jpg 1920w\" data-sizes=\"(max-width: 768px) 100vw, 768px\" src=\"data:image\/svg+xml;base64,PHN2ZyB3aWR0aD0iMSIgaGVpZ2h0PSIxIiB4bWxucz0iaHR0cDovL3d3dy53My5vcmcvMjAwMC9zdmciPjwvc3ZnPg==\" style=\"--smush-placeholder-width: 768px; --smush-placeholder-aspect-ratio: 768\/1024;\" \/><\/figure>\n\n\n\n<figure class=\"wp-block-image size-large\"><img decoding=\"async\" width=\"768\" height=\"1024\" data-id=\"2200\" data-src=\"https:\/\/www.grubaart.pl\/wp-content\/uploads\/2026\/03\/20260218_174248-768x1024.jpg\" alt=\"\" class=\"wp-image-2200 lazyload\" data-srcset=\"https:\/\/www.grubaart.pl\/wp-content\/uploads\/2026\/03\/20260218_174248-768x1024.jpg 768w, https:\/\/www.grubaart.pl\/wp-content\/uploads\/2026\/03\/20260218_174248-225x300.jpg 225w, https:\/\/www.grubaart.pl\/wp-content\/uploads\/2026\/03\/20260218_174248-1152x1536.jpg 1152w, https:\/\/www.grubaart.pl\/wp-content\/uploads\/2026\/03\/20260218_174248-1536x2048.jpg 1536w, https:\/\/www.grubaart.pl\/wp-content\/uploads\/2026\/03\/20260218_174248-1024x1365.jpg 1024w, https:\/\/www.grubaart.pl\/wp-content\/uploads\/2026\/03\/20260218_174248-810x1080.jpg 810w, https:\/\/www.grubaart.pl\/wp-content\/uploads\/2026\/03\/20260218_174248-scaled.jpg 1920w\" data-sizes=\"(max-width: 768px) 100vw, 768px\" src=\"data:image\/svg+xml;base64,PHN2ZyB3aWR0aD0iMSIgaGVpZ2h0PSIxIiB4bWxucz0iaHR0cDovL3d3dy53My5vcmcvMjAwMC9zdmciPjwvc3ZnPg==\" style=\"--smush-placeholder-width: 768px; --smush-placeholder-aspect-ratio: 768\/1024;\" \/><\/figure>\n\n\n\n<figure class=\"wp-block-image size-large\"><img decoding=\"async\" width=\"768\" height=\"1024\" data-id=\"2229\" data-src=\"https:\/\/www.grubaart.pl\/wp-content\/uploads\/2026\/03\/20241106_175958-768x1024.jpg\" alt=\"\" class=\"wp-image-2229 lazyload\" data-srcset=\"https:\/\/www.grubaart.pl\/wp-content\/uploads\/2026\/03\/20241106_175958-768x1024.jpg 768w, https:\/\/www.grubaart.pl\/wp-content\/uploads\/2026\/03\/20241106_175958-225x300.jpg 225w, https:\/\/www.grubaart.pl\/wp-content\/uploads\/2026\/03\/20241106_175958-1152x1536.jpg 1152w, https:\/\/www.grubaart.pl\/wp-content\/uploads\/2026\/03\/20241106_175958-1536x2048.jpg 1536w, https:\/\/www.grubaart.pl\/wp-content\/uploads\/2026\/03\/20241106_175958-1024x1365.jpg 1024w, https:\/\/www.grubaart.pl\/wp-content\/uploads\/2026\/03\/20241106_175958-810x1080.jpg 810w, https:\/\/www.grubaart.pl\/wp-content\/uploads\/2026\/03\/20241106_175958-scaled.jpg 1920w\" data-sizes=\"(max-width: 768px) 100vw, 768px\" src=\"data:image\/svg+xml;base64,PHN2ZyB3aWR0aD0iMSIgaGVpZ2h0PSIxIiB4bWxucz0iaHR0cDovL3d3dy53My5vcmcvMjAwMC9zdmciPjwvc3ZnPg==\" style=\"--smush-placeholder-width: 768px; --smush-placeholder-aspect-ratio: 768\/1024;\" \/><\/figure>\n\n\n\n<figure class=\"wp-block-image size-large\"><img decoding=\"async\" width=\"768\" height=\"1024\" data-id=\"2230\" data-src=\"https:\/\/www.grubaart.pl\/wp-content\/uploads\/2026\/03\/20241106_185508-768x1024.jpg\" alt=\"\" class=\"wp-image-2230 lazyload\" data-srcset=\"https:\/\/www.grubaart.pl\/wp-content\/uploads\/2026\/03\/20241106_185508-768x1024.jpg 768w, https:\/\/www.grubaart.pl\/wp-content\/uploads\/2026\/03\/20241106_185508-225x300.jpg 225w, https:\/\/www.grubaart.pl\/wp-content\/uploads\/2026\/03\/20241106_185508-1152x1536.jpg 1152w, https:\/\/www.grubaart.pl\/wp-content\/uploads\/2026\/03\/20241106_185508-1536x2048.jpg 1536w, https:\/\/www.grubaart.pl\/wp-content\/uploads\/2026\/03\/20241106_185508-1024x1365.jpg 1024w, https:\/\/www.grubaart.pl\/wp-content\/uploads\/2026\/03\/20241106_185508-810x1080.jpg 810w, https:\/\/www.grubaart.pl\/wp-content\/uploads\/2026\/03\/20241106_185508-scaled.jpg 1920w\" data-sizes=\"(max-width: 768px) 100vw, 768px\" src=\"data:image\/svg+xml;base64,PHN2ZyB3aWR0aD0iMSIgaGVpZ2h0PSIxIiB4bWxucz0iaHR0cDovL3d3dy53My5vcmcvMjAwMC9zdmciPjwvc3ZnPg==\" style=\"--smush-placeholder-width: 768px; --smush-placeholder-aspect-ratio: 768\/1024;\" \/><\/figure>\n\n\n\n<figure class=\"wp-block-image size-large\"><img decoding=\"async\" width=\"768\" height=\"1024\" data-id=\"2231\" data-src=\"https:\/\/www.grubaart.pl\/wp-content\/uploads\/2026\/03\/20250717_174637-768x1024.jpg\" alt=\"\" class=\"wp-image-2231 lazyload\" data-srcset=\"https:\/\/www.grubaart.pl\/wp-content\/uploads\/2026\/03\/20250717_174637-768x1024.jpg 768w, https:\/\/www.grubaart.pl\/wp-content\/uploads\/2026\/03\/20250717_174637-225x300.jpg 225w, https:\/\/www.grubaart.pl\/wp-content\/uploads\/2026\/03\/20250717_174637-1152x1536.jpg 1152w, https:\/\/www.grubaart.pl\/wp-content\/uploads\/2026\/03\/20250717_174637-1536x2048.jpg 1536w, https:\/\/www.grubaart.pl\/wp-content\/uploads\/2026\/03\/20250717_174637-1024x1365.jpg 1024w, https:\/\/www.grubaart.pl\/wp-content\/uploads\/2026\/03\/20250717_174637-810x1080.jpg 810w, https:\/\/www.grubaart.pl\/wp-content\/uploads\/2026\/03\/20250717_174637-scaled.jpg 1920w\" data-sizes=\"(max-width: 768px) 100vw, 768px\" src=\"data:image\/svg+xml;base64,PHN2ZyB3aWR0aD0iMSIgaGVpZ2h0PSIxIiB4bWxucz0iaHR0cDovL3d3dy53My5vcmcvMjAwMC9zdmciPjwvc3ZnPg==\" style=\"--smush-placeholder-width: 768px; --smush-placeholder-aspect-ratio: 768\/1024;\" \/><\/figure>\n\n\n\n<figure class=\"wp-block-image size-large\"><img decoding=\"async\" width=\"768\" height=\"1024\" data-id=\"2232\" data-src=\"https:\/\/www.grubaart.pl\/wp-content\/uploads\/2026\/03\/20250717_174619-768x1024.jpg\" alt=\"\" class=\"wp-image-2232 lazyload\" data-srcset=\"https:\/\/www.grubaart.pl\/wp-content\/uploads\/2026\/03\/20250717_174619-768x1024.jpg 768w, https:\/\/www.grubaart.pl\/wp-content\/uploads\/2026\/03\/20250717_174619-225x300.jpg 225w, https:\/\/www.grubaart.pl\/wp-content\/uploads\/2026\/03\/20250717_174619-1152x1536.jpg 1152w, https:\/\/www.grubaart.pl\/wp-content\/uploads\/2026\/03\/20250717_174619-1536x2048.jpg 1536w, https:\/\/www.grubaart.pl\/wp-content\/uploads\/2026\/03\/20250717_174619-1024x1365.jpg 1024w, https:\/\/www.grubaart.pl\/wp-content\/uploads\/2026\/03\/20250717_174619-810x1080.jpg 810w, https:\/\/www.grubaart.pl\/wp-content\/uploads\/2026\/03\/20250717_174619-scaled.jpg 1920w\" data-sizes=\"(max-width: 768px) 100vw, 768px\" src=\"data:image\/svg+xml;base64,PHN2ZyB3aWR0aD0iMSIgaGVpZ2h0PSIxIiB4bWxucz0iaHR0cDovL3d3dy53My5vcmcvMjAwMC9zdmciPjwvc3ZnPg==\" style=\"--smush-placeholder-width: 768px; --smush-placeholder-aspect-ratio: 768\/1024;\" \/><\/figure>\n\n\n\n<figure class=\"wp-block-image size-large\"><img decoding=\"async\" width=\"768\" height=\"1024\" data-id=\"2233\" data-src=\"https:\/\/www.grubaart.pl\/wp-content\/uploads\/2026\/03\/20250717_181743-768x1024.jpg\" alt=\"\" class=\"wp-image-2233 lazyload\" data-srcset=\"https:\/\/www.grubaart.pl\/wp-content\/uploads\/2026\/03\/20250717_181743-768x1024.jpg 768w, https:\/\/www.grubaart.pl\/wp-content\/uploads\/2026\/03\/20250717_181743-225x300.jpg 225w, https:\/\/www.grubaart.pl\/wp-content\/uploads\/2026\/03\/20250717_181743-1152x1536.jpg 1152w, https:\/\/www.grubaart.pl\/wp-content\/uploads\/2026\/03\/20250717_181743-1536x2048.jpg 1536w, https:\/\/www.grubaart.pl\/wp-content\/uploads\/2026\/03\/20250717_181743-1024x1365.jpg 1024w, https:\/\/www.grubaart.pl\/wp-content\/uploads\/2026\/03\/20250717_181743-810x1080.jpg 810w, https:\/\/www.grubaart.pl\/wp-content\/uploads\/2026\/03\/20250717_181743-scaled.jpg 1920w\" data-sizes=\"(max-width: 768px) 100vw, 768px\" src=\"data:image\/svg+xml;base64,PHN2ZyB3aWR0aD0iMSIgaGVpZ2h0PSIxIiB4bWxucz0iaHR0cDovL3d3dy53My5vcmcvMjAwMC9zdmciPjwvc3ZnPg==\" style=\"--smush-placeholder-width: 768px; --smush-placeholder-aspect-ratio: 768\/1024;\" \/><\/figure>\n\n\n\n<figure class=\"wp-block-image size-large\"><img decoding=\"async\" width=\"768\" height=\"1024\" data-id=\"2211\" data-src=\"https:\/\/www.grubaart.pl\/wp-content\/uploads\/2026\/03\/612452715_122098225269203442_3541209269513235771_n-768x1024.jpg\" alt=\"\" class=\"wp-image-2211 lazyload\" data-srcset=\"https:\/\/www.grubaart.pl\/wp-content\/uploads\/2026\/03\/612452715_122098225269203442_3541209269513235771_n-768x1024.jpg 768w, https:\/\/www.grubaart.pl\/wp-content\/uploads\/2026\/03\/612452715_122098225269203442_3541209269513235771_n-225x300.jpg 225w, https:\/\/www.grubaart.pl\/wp-content\/uploads\/2026\/03\/612452715_122098225269203442_3541209269513235771_n-1152x1536.jpg 1152w, https:\/\/www.grubaart.pl\/wp-content\/uploads\/2026\/03\/612452715_122098225269203442_3541209269513235771_n-1024x1365.jpg 1024w, https:\/\/www.grubaart.pl\/wp-content\/uploads\/2026\/03\/612452715_122098225269203442_3541209269513235771_n-810x1080.jpg 810w, https:\/\/www.grubaart.pl\/wp-content\/uploads\/2026\/03\/612452715_122098225269203442_3541209269513235771_n.jpg 1536w\" data-sizes=\"(max-width: 768px) 100vw, 768px\" src=\"data:image\/svg+xml;base64,PHN2ZyB3aWR0aD0iMSIgaGVpZ2h0PSIxIiB4bWxucz0iaHR0cDovL3d3dy53My5vcmcvMjAwMC9zdmciPjwvc3ZnPg==\" style=\"--smush-placeholder-width: 768px; --smush-placeholder-aspect-ratio: 768\/1024;\" \/><\/figure>\n\n\n\n<figure class=\"wp-block-image size-large\"><img decoding=\"async\" width=\"768\" height=\"1024\" data-id=\"2204\" data-src=\"https:\/\/www.grubaart.pl\/wp-content\/uploads\/2026\/03\/612069389_122098225065203442_8631003054414348575_n-768x1024.jpg\" alt=\"\" class=\"wp-image-2204 lazyload\" data-srcset=\"https:\/\/www.grubaart.pl\/wp-content\/uploads\/2026\/03\/612069389_122098225065203442_8631003054414348575_n-768x1024.jpg 768w, https:\/\/www.grubaart.pl\/wp-content\/uploads\/2026\/03\/612069389_122098225065203442_8631003054414348575_n-225x300.jpg 225w, https:\/\/www.grubaart.pl\/wp-content\/uploads\/2026\/03\/612069389_122098225065203442_8631003054414348575_n-1152x1536.jpg 1152w, https:\/\/www.grubaart.pl\/wp-content\/uploads\/2026\/03\/612069389_122098225065203442_8631003054414348575_n-1024x1365.jpg 1024w, https:\/\/www.grubaart.pl\/wp-content\/uploads\/2026\/03\/612069389_122098225065203442_8631003054414348575_n-810x1080.jpg 810w, https:\/\/www.grubaart.pl\/wp-content\/uploads\/2026\/03\/612069389_122098225065203442_8631003054414348575_n.jpg 1536w\" data-sizes=\"(max-width: 768px) 100vw, 768px\" src=\"data:image\/svg+xml;base64,PHN2ZyB3aWR0aD0iMSIgaGVpZ2h0PSIxIiB4bWxucz0iaHR0cDovL3d3dy53My5vcmcvMjAwMC9zdmciPjwvc3ZnPg==\" style=\"--smush-placeholder-width: 768px; --smush-placeholder-aspect-ratio: 768\/1024;\" \/><\/figure>\n\n\n\n<figure class=\"wp-block-image size-large\"><img decoding=\"async\" width=\"768\" height=\"1024\" data-id=\"2205\" data-src=\"https:\/\/www.grubaart.pl\/wp-content\/uploads\/2026\/03\/612250174_122098224975203442_5371171732154299082_n-768x1024.jpg\" alt=\"\" class=\"wp-image-2205 lazyload\" data-srcset=\"https:\/\/www.grubaart.pl\/wp-content\/uploads\/2026\/03\/612250174_122098224975203442_5371171732154299082_n-768x1024.jpg 768w, https:\/\/www.grubaart.pl\/wp-content\/uploads\/2026\/03\/612250174_122098224975203442_5371171732154299082_n-225x300.jpg 225w, https:\/\/www.grubaart.pl\/wp-content\/uploads\/2026\/03\/612250174_122098224975203442_5371171732154299082_n-1152x1536.jpg 1152w, https:\/\/www.grubaart.pl\/wp-content\/uploads\/2026\/03\/612250174_122098224975203442_5371171732154299082_n-1024x1365.jpg 1024w, https:\/\/www.grubaart.pl\/wp-content\/uploads\/2026\/03\/612250174_122098224975203442_5371171732154299082_n-810x1080.jpg 810w, https:\/\/www.grubaart.pl\/wp-content\/uploads\/2026\/03\/612250174_122098224975203442_5371171732154299082_n.jpg 1536w\" data-sizes=\"(max-width: 768px) 100vw, 768px\" src=\"data:image\/svg+xml;base64,PHN2ZyB3aWR0aD0iMSIgaGVpZ2h0PSIxIiB4bWxucz0iaHR0cDovL3d3dy53My5vcmcvMjAwMC9zdmciPjwvc3ZnPg==\" style=\"--smush-placeholder-width: 768px; --smush-placeholder-aspect-ratio: 768\/1024;\" \/><\/figure>\n<\/figure>\n\n\n\n<p><\/p>\n","protected":false},"excerpt":{"rendered":"<p>PONIEDZIA\u0141EK 16.30-19.00 Kurs podstawowy rysunku i malarstwa dla dzieci i m\u0142odzie\u017cy w wieku 9-14 lat obejmuje systematyczne wprowadzenie w zagadnienia warsztatu plastycznego. Program zaj\u0119\u0107 koncentruje si\u0119 na rozwijaniu umiej\u0119tno\u015bci obserwacji, poprawnego odwzorowania formy oraz \u015bwiadomego pos\u0142ugiwania si\u0119 podstawowymi \u015brodkami wyrazu plastycznego. W ramach kursu uczestnicy pracuj\u0105 nad zagadnieniami takimi jak: Kurs stanowi solidn\u0105 podstaw\u0119 dalszej&hellip; <br \/> <a class=\"read-more\" href=\"https:\/\/www.grubaart.pl\/index.php\/grupa-9-14-lat-podstawowy\/\">Dowiedz si\u0119 wi\u0119cej<\/a><\/p>\n","protected":false},"author":1,"featured_media":0,"parent":0,"menu_order":0,"comment_status":"closed","ping_status":"closed","template":"","meta":{"footnotes":""},"class_list":["post-2127","page","type-page","status-publish","hentry"],"_links":{"self":[{"href":"https:\/\/www.grubaart.pl\/index.php\/wp-json\/wp\/v2\/pages\/2127","targetHints":{"allow":["GET"]}}],"collection":[{"href":"https:\/\/www.grubaart.pl\/index.php\/wp-json\/wp\/v2\/pages"}],"about":[{"href":"https:\/\/www.grubaart.pl\/index.php\/wp-json\/wp\/v2\/types\/page"}],"author":[{"embeddable":true,"href":"https:\/\/www.grubaart.pl\/index.php\/wp-json\/wp\/v2\/users\/1"}],"replies":[{"embeddable":true,"href":"https:\/\/www.grubaart.pl\/index.php\/wp-json\/wp\/v2\/comments?post=2127"}],"version-history":[{"count":7,"href":"https:\/\/www.grubaart.pl\/index.php\/wp-json\/wp\/v2\/pages\/2127\/revisions"}],"predecessor-version":[{"id":2384,"href":"https:\/\/www.grubaart.pl\/index.php\/wp-json\/wp\/v2\/pages\/2127\/revisions\/2384"}],"wp:attachment":[{"href":"https:\/\/www.grubaart.pl\/index.php\/wp-json\/wp\/v2\/media?parent=2127"}],"curies":[{"name":"wp","href":"https:\/\/api.w.org\/{rel}","templated":true}]}}