{"id":2125,"date":"2026-03-12T13:01:28","date_gmt":"2026-03-12T13:01:28","guid":{"rendered":"https:\/\/www.grubaart.pl\/?page_id=2125"},"modified":"2026-04-27T09:32:59","modified_gmt":"2026-04-27T09:32:59","slug":"grupa-6-8-lat","status":"publish","type":"page","link":"https:\/\/www.grubaart.pl\/index.php\/grupa-6-8-lat\/","title":{"rendered":"GRUPA 6-8 lat"},"content":{"rendered":"\n<h2 class=\"wp-block-heading has-text-align-center\">\u015aRODA 15.00- 16.30<\/h2>\n\n\n\n<p><\/p>\n\n\n\n<p>Starannie zaprojektowany kurs rysunku i malarstwa dla dzieci w wieku 6-8 lat, kt\u00f3ry wprowadza najm\u0142odszych w \u015bwiat sztuki z uwa\u017cno\u015bci\u0105, rado\u015bci\u0105 i swobod\u0105 tw\u00f3rcz\u0105. Podczas zaj\u0119\u0107 dzieci maj\u0105 mo\u017cliwo\u015b\u0107 pozna\u0107:<\/p>\n\n\n\n<ul class=\"wp-block-list\">\n<li>podstawy rysunku (o\u0142\u00f3wek, w\u0119giel, kredki, pastele olejne i suche, promarkery),<\/li>\n\n\n\n<li>podstawy malarstwa (malarstwo akrylowe i akwarelowe),<\/li>\n\n\n\n<li>podstawy kompozycji i koloru, <\/li>\n\n\n\n<li>podstawy proporcji,<\/li>\n\n\n\n<li>anatomi\u0119 ludzi, ro\u015blin i zwierz\u0105t,<\/li>\n\n\n\n<li>tworzenie koncepcyjne,<\/li>\n\n\n\n<li>wielkich malarzy i artyst\u00f3w,<\/li>\n\n\n\n<li>martw\u0105 natur\u0119,<\/li>\n\n\n\n<li>podstawy projektowania graficznego<\/li>\n\n\n\n<li>pierwsze kroki w rze\u017abie<\/li>\n\n\n\n<li>tworzenie obraz\u00f3w strukturalnych<\/li>\n<\/ul>\n\n\n\n<p>pracuj\u0105c z r\u00f3\u017cnorodnymi materia\u0142ami w inspiruj\u0105cej, przyjaznej atmosferze. To wyj\u0105tkowa przestrze\u0144 do rozwijania wyobra\u017ani, wra\u017cliwo\u015bci estetycznej i pewno\u015bci siebie poprzez tw\u00f3rcze dzia\u0142anie.<\/p>\n\n\n\n<p>Pracownia zapewnia wszelkie materia\u0142y. Ucze\u0144 na zaj\u0119cia przynosi jedynie dobry humor \ud83d\ude42<\/p>\n\n\n\n<p><\/p>\n\n\n\n<figure class=\"wp-block-gallery has-nested-images columns-default is-cropped wp-block-gallery-1 is-layout-flex wp-block-gallery-is-layout-flex\">\n<figure class=\"wp-block-image size-large is-style-default\"><img decoding=\"async\" width=\"768\" height=\"1024\" data-id=\"2191\" data-src=\"https:\/\/www.grubaart.pl\/wp-content\/uploads\/2026\/03\/20260218_162552-768x1024.jpg\" alt=\"\" class=\"wp-image-2191 lazyload\" data-srcset=\"https:\/\/www.grubaart.pl\/wp-content\/uploads\/2026\/03\/20260218_162552-768x1024.jpg 768w, https:\/\/www.grubaart.pl\/wp-content\/uploads\/2026\/03\/20260218_162552-225x300.jpg 225w, https:\/\/www.grubaart.pl\/wp-content\/uploads\/2026\/03\/20260218_162552-1152x1536.jpg 1152w, https:\/\/www.grubaart.pl\/wp-content\/uploads\/2026\/03\/20260218_162552-1536x2048.jpg 1536w, https:\/\/www.grubaart.pl\/wp-content\/uploads\/2026\/03\/20260218_162552-1024x1365.jpg 1024w, https:\/\/www.grubaart.pl\/wp-content\/uploads\/2026\/03\/20260218_162552-810x1080.jpg 810w, https:\/\/www.grubaart.pl\/wp-content\/uploads\/2026\/03\/20260218_162552-scaled.jpg 1920w\" data-sizes=\"(max-width: 768px) 100vw, 768px\" src=\"data:image\/svg+xml;base64,PHN2ZyB3aWR0aD0iMSIgaGVpZ2h0PSIxIiB4bWxucz0iaHR0cDovL3d3dy53My5vcmcvMjAwMC9zdmciPjwvc3ZnPg==\" style=\"--smush-placeholder-width: 768px; --smush-placeholder-aspect-ratio: 768\/1024;\" \/><\/figure>\n\n\n\n<figure class=\"wp-block-image size-large\"><img decoding=\"async\" width=\"768\" height=\"1024\" data-id=\"2192\" data-src=\"https:\/\/www.grubaart.pl\/wp-content\/uploads\/2026\/03\/20260218_162554-768x1024.jpg\" alt=\"\" class=\"wp-image-2192 lazyload\" data-srcset=\"https:\/\/www.grubaart.pl\/wp-content\/uploads\/2026\/03\/20260218_162554-768x1024.jpg 768w, https:\/\/www.grubaart.pl\/wp-content\/uploads\/2026\/03\/20260218_162554-225x300.jpg 225w, https:\/\/www.grubaart.pl\/wp-content\/uploads\/2026\/03\/20260218_162554-1152x1536.jpg 1152w, https:\/\/www.grubaart.pl\/wp-content\/uploads\/2026\/03\/20260218_162554-1536x2048.jpg 1536w, https:\/\/www.grubaart.pl\/wp-content\/uploads\/2026\/03\/20260218_162554-1024x1365.jpg 1024w, https:\/\/www.grubaart.pl\/wp-content\/uploads\/2026\/03\/20260218_162554-810x1080.jpg 810w, https:\/\/www.grubaart.pl\/wp-content\/uploads\/2026\/03\/20260218_162554-scaled.jpg 1920w\" data-sizes=\"(max-width: 768px) 100vw, 768px\" src=\"data:image\/svg+xml;base64,PHN2ZyB3aWR0aD0iMSIgaGVpZ2h0PSIxIiB4bWxucz0iaHR0cDovL3d3dy53My5vcmcvMjAwMC9zdmciPjwvc3ZnPg==\" style=\"--smush-placeholder-width: 768px; --smush-placeholder-aspect-ratio: 768\/1024;\" \/><\/figure>\n\n\n\n<figure class=\"wp-block-image size-large\"><img decoding=\"async\" width=\"768\" height=\"1024\" data-id=\"2193\" data-src=\"https:\/\/www.grubaart.pl\/wp-content\/uploads\/2026\/03\/20260218_163137-768x1024.jpg\" alt=\"\" class=\"wp-image-2193 lazyload\" data-srcset=\"https:\/\/www.grubaart.pl\/wp-content\/uploads\/2026\/03\/20260218_163137-768x1024.jpg 768w, https:\/\/www.grubaart.pl\/wp-content\/uploads\/2026\/03\/20260218_163137-225x300.jpg 225w, https:\/\/www.grubaart.pl\/wp-content\/uploads\/2026\/03\/20260218_163137-1152x1536.jpg 1152w, https:\/\/www.grubaart.pl\/wp-content\/uploads\/2026\/03\/20260218_163137-1536x2048.jpg 1536w, https:\/\/www.grubaart.pl\/wp-content\/uploads\/2026\/03\/20260218_163137-1024x1365.jpg 1024w, https:\/\/www.grubaart.pl\/wp-content\/uploads\/2026\/03\/20260218_163137-810x1080.jpg 810w, https:\/\/www.grubaart.pl\/wp-content\/uploads\/2026\/03\/20260218_163137-scaled.jpg 1920w\" data-sizes=\"(max-width: 768px) 100vw, 768px\" src=\"data:image\/svg+xml;base64,PHN2ZyB3aWR0aD0iMSIgaGVpZ2h0PSIxIiB4bWxucz0iaHR0cDovL3d3dy53My5vcmcvMjAwMC9zdmciPjwvc3ZnPg==\" style=\"--smush-placeholder-width: 768px; --smush-placeholder-aspect-ratio: 768\/1024;\" \/><\/figure>\n\n\n\n<figure class=\"wp-block-image size-large\"><img decoding=\"async\" width=\"768\" height=\"1024\" data-id=\"2176\" data-src=\"https:\/\/www.grubaart.pl\/wp-content\/uploads\/2026\/03\/20260304_162453-768x1024.jpg\" alt=\"\" class=\"wp-image-2176 lazyload\" data-srcset=\"https:\/\/www.grubaart.pl\/wp-content\/uploads\/2026\/03\/20260304_162453-768x1024.jpg 768w, https:\/\/www.grubaart.pl\/wp-content\/uploads\/2026\/03\/20260304_162453-225x300.jpg 225w, https:\/\/www.grubaart.pl\/wp-content\/uploads\/2026\/03\/20260304_162453-1152x1536.jpg 1152w, https:\/\/www.grubaart.pl\/wp-content\/uploads\/2026\/03\/20260304_162453-1536x2048.jpg 1536w, https:\/\/www.grubaart.pl\/wp-content\/uploads\/2026\/03\/20260304_162453-1024x1365.jpg 1024w, https:\/\/www.grubaart.pl\/wp-content\/uploads\/2026\/03\/20260304_162453-810x1080.jpg 810w, https:\/\/www.grubaart.pl\/wp-content\/uploads\/2026\/03\/20260304_162453-scaled.jpg 1920w\" data-sizes=\"(max-width: 768px) 100vw, 768px\" src=\"data:image\/svg+xml;base64,PHN2ZyB3aWR0aD0iMSIgaGVpZ2h0PSIxIiB4bWxucz0iaHR0cDovL3d3dy53My5vcmcvMjAwMC9zdmciPjwvc3ZnPg==\" style=\"--smush-placeholder-width: 768px; --smush-placeholder-aspect-ratio: 768\/1024;\" \/><\/figure>\n\n\n\n<figure class=\"wp-block-image size-large\"><img decoding=\"async\" width=\"768\" height=\"1024\" data-id=\"2190\" data-src=\"https:\/\/www.grubaart.pl\/wp-content\/uploads\/2026\/03\/20260225_155838-768x1024.jpg\" alt=\"\" class=\"wp-image-2190 lazyload\" data-srcset=\"https:\/\/www.grubaart.pl\/wp-content\/uploads\/2026\/03\/20260225_155838-768x1024.jpg 768w, https:\/\/www.grubaart.pl\/wp-content\/uploads\/2026\/03\/20260225_155838-225x300.jpg 225w, https:\/\/www.grubaart.pl\/wp-content\/uploads\/2026\/03\/20260225_155838-1152x1536.jpg 1152w, https:\/\/www.grubaart.pl\/wp-content\/uploads\/2026\/03\/20260225_155838-1536x2048.jpg 1536w, https:\/\/www.grubaart.pl\/wp-content\/uploads\/2026\/03\/20260225_155838-1024x1365.jpg 1024w, https:\/\/www.grubaart.pl\/wp-content\/uploads\/2026\/03\/20260225_155838-810x1080.jpg 810w, https:\/\/www.grubaart.pl\/wp-content\/uploads\/2026\/03\/20260225_155838-scaled.jpg 1920w\" data-sizes=\"(max-width: 768px) 100vw, 768px\" src=\"data:image\/svg+xml;base64,PHN2ZyB3aWR0aD0iMSIgaGVpZ2h0PSIxIiB4bWxucz0iaHR0cDovL3d3dy53My5vcmcvMjAwMC9zdmciPjwvc3ZnPg==\" style=\"--smush-placeholder-width: 768px; --smush-placeholder-aspect-ratio: 768\/1024;\" \/><\/figure>\n\n\n\n<figure class=\"wp-block-image size-large\"><img decoding=\"async\" width=\"768\" height=\"1024\" data-id=\"2199\" data-src=\"https:\/\/www.grubaart.pl\/wp-content\/uploads\/2026\/03\/20260225_160203-768x1024.jpg\" alt=\"\" class=\"wp-image-2199 lazyload\" data-srcset=\"https:\/\/www.grubaart.pl\/wp-content\/uploads\/2026\/03\/20260225_160203-768x1024.jpg 768w, https:\/\/www.grubaart.pl\/wp-content\/uploads\/2026\/03\/20260225_160203-225x300.jpg 225w, https:\/\/www.grubaart.pl\/wp-content\/uploads\/2026\/03\/20260225_160203-1152x1536.jpg 1152w, https:\/\/www.grubaart.pl\/wp-content\/uploads\/2026\/03\/20260225_160203-1536x2048.jpg 1536w, https:\/\/www.grubaart.pl\/wp-content\/uploads\/2026\/03\/20260225_160203-1024x1365.jpg 1024w, https:\/\/www.grubaart.pl\/wp-content\/uploads\/2026\/03\/20260225_160203-810x1080.jpg 810w, https:\/\/www.grubaart.pl\/wp-content\/uploads\/2026\/03\/20260225_160203-scaled.jpg 1920w\" data-sizes=\"(max-width: 768px) 100vw, 768px\" src=\"data:image\/svg+xml;base64,PHN2ZyB3aWR0aD0iMSIgaGVpZ2h0PSIxIiB4bWxucz0iaHR0cDovL3d3dy53My5vcmcvMjAwMC9zdmciPjwvc3ZnPg==\" style=\"--smush-placeholder-width: 768px; --smush-placeholder-aspect-ratio: 768\/1024;\" \/><\/figure>\n\n\n\n<figure class=\"wp-block-image size-large\"><img decoding=\"async\" width=\"768\" height=\"1024\" data-id=\"2198\" data-src=\"https:\/\/www.grubaart.pl\/wp-content\/uploads\/2026\/03\/20260225_160825-768x1024.jpg\" alt=\"\" class=\"wp-image-2198 lazyload\" data-srcset=\"https:\/\/www.grubaart.pl\/wp-content\/uploads\/2026\/03\/20260225_160825-768x1024.jpg 768w, https:\/\/www.grubaart.pl\/wp-content\/uploads\/2026\/03\/20260225_160825-225x300.jpg 225w, https:\/\/www.grubaart.pl\/wp-content\/uploads\/2026\/03\/20260225_160825-1152x1536.jpg 1152w, https:\/\/www.grubaart.pl\/wp-content\/uploads\/2026\/03\/20260225_160825-1536x2048.jpg 1536w, https:\/\/www.grubaart.pl\/wp-content\/uploads\/2026\/03\/20260225_160825-1024x1365.jpg 1024w, https:\/\/www.grubaart.pl\/wp-content\/uploads\/2026\/03\/20260225_160825-810x1080.jpg 810w, https:\/\/www.grubaart.pl\/wp-content\/uploads\/2026\/03\/20260225_160825-scaled.jpg 1920w\" data-sizes=\"(max-width: 768px) 100vw, 768px\" src=\"data:image\/svg+xml;base64,PHN2ZyB3aWR0aD0iMSIgaGVpZ2h0PSIxIiB4bWxucz0iaHR0cDovL3d3dy53My5vcmcvMjAwMC9zdmciPjwvc3ZnPg==\" style=\"--smush-placeholder-width: 768px; --smush-placeholder-aspect-ratio: 768\/1024;\" \/><\/figure>\n\n\n\n<figure class=\"wp-block-image size-large\"><img decoding=\"async\" width=\"768\" height=\"1024\" data-id=\"2188\" data-src=\"https:\/\/www.grubaart.pl\/wp-content\/uploads\/2026\/03\/20260225_160842-768x1024.jpg\" alt=\"\" class=\"wp-image-2188 lazyload\" data-srcset=\"https:\/\/www.grubaart.pl\/wp-content\/uploads\/2026\/03\/20260225_160842-768x1024.jpg 768w, https:\/\/www.grubaart.pl\/wp-content\/uploads\/2026\/03\/20260225_160842-225x300.jpg 225w, https:\/\/www.grubaart.pl\/wp-content\/uploads\/2026\/03\/20260225_160842-1152x1536.jpg 1152w, https:\/\/www.grubaart.pl\/wp-content\/uploads\/2026\/03\/20260225_160842-1536x2048.jpg 1536w, https:\/\/www.grubaart.pl\/wp-content\/uploads\/2026\/03\/20260225_160842-1024x1365.jpg 1024w, https:\/\/www.grubaart.pl\/wp-content\/uploads\/2026\/03\/20260225_160842-810x1080.jpg 810w, https:\/\/www.grubaart.pl\/wp-content\/uploads\/2026\/03\/20260225_160842-scaled.jpg 1920w\" data-sizes=\"(max-width: 768px) 100vw, 768px\" src=\"data:image\/svg+xml;base64,PHN2ZyB3aWR0aD0iMSIgaGVpZ2h0PSIxIiB4bWxucz0iaHR0cDovL3d3dy53My5vcmcvMjAwMC9zdmciPjwvc3ZnPg==\" style=\"--smush-placeholder-width: 768px; --smush-placeholder-aspect-ratio: 768\/1024;\" \/><\/figure>\n\n\n\n<figure class=\"wp-block-image size-large\"><img decoding=\"async\" width=\"768\" height=\"1024\" data-id=\"2197\" data-src=\"https:\/\/www.grubaart.pl\/wp-content\/uploads\/2026\/03\/20260225_161125-768x1024.jpg\" alt=\"\" class=\"wp-image-2197 lazyload\" data-srcset=\"https:\/\/www.grubaart.pl\/wp-content\/uploads\/2026\/03\/20260225_161125-768x1024.jpg 768w, https:\/\/www.grubaart.pl\/wp-content\/uploads\/2026\/03\/20260225_161125-225x300.jpg 225w, https:\/\/www.grubaart.pl\/wp-content\/uploads\/2026\/03\/20260225_161125-1152x1536.jpg 1152w, https:\/\/www.grubaart.pl\/wp-content\/uploads\/2026\/03\/20260225_161125-1536x2048.jpg 1536w, https:\/\/www.grubaart.pl\/wp-content\/uploads\/2026\/03\/20260225_161125-1024x1365.jpg 1024w, https:\/\/www.grubaart.pl\/wp-content\/uploads\/2026\/03\/20260225_161125-810x1080.jpg 810w, https:\/\/www.grubaart.pl\/wp-content\/uploads\/2026\/03\/20260225_161125-scaled.jpg 1920w\" data-sizes=\"(max-width: 768px) 100vw, 768px\" src=\"data:image\/svg+xml;base64,PHN2ZyB3aWR0aD0iMSIgaGVpZ2h0PSIxIiB4bWxucz0iaHR0cDovL3d3dy53My5vcmcvMjAwMC9zdmciPjwvc3ZnPg==\" style=\"--smush-placeholder-width: 768px; --smush-placeholder-aspect-ratio: 768\/1024;\" \/><\/figure>\n\n\n\n<figure class=\"wp-block-image size-large\"><img decoding=\"async\" width=\"768\" height=\"1024\" data-id=\"2160\" data-src=\"https:\/\/www.grubaart.pl\/wp-content\/uploads\/2026\/03\/20260311_161020-1-1-768x1024.jpg\" alt=\"\" class=\"wp-image-2160 lazyload\" data-srcset=\"https:\/\/www.grubaart.pl\/wp-content\/uploads\/2026\/03\/20260311_161020-1-1-768x1024.jpg 768w, https:\/\/www.grubaart.pl\/wp-content\/uploads\/2026\/03\/20260311_161020-1-1-225x300.jpg 225w, https:\/\/www.grubaart.pl\/wp-content\/uploads\/2026\/03\/20260311_161020-1-1-1152x1536.jpg 1152w, https:\/\/www.grubaart.pl\/wp-content\/uploads\/2026\/03\/20260311_161020-1-1-1536x2048.jpg 1536w, https:\/\/www.grubaart.pl\/wp-content\/uploads\/2026\/03\/20260311_161020-1-1-1024x1365.jpg 1024w, https:\/\/www.grubaart.pl\/wp-content\/uploads\/2026\/03\/20260311_161020-1-1-810x1080.jpg 810w, https:\/\/www.grubaart.pl\/wp-content\/uploads\/2026\/03\/20260311_161020-1-1-scaled.jpg 1920w\" data-sizes=\"(max-width: 768px) 100vw, 768px\" src=\"data:image\/svg+xml;base64,PHN2ZyB3aWR0aD0iMSIgaGVpZ2h0PSIxIiB4bWxucz0iaHR0cDovL3d3dy53My5vcmcvMjAwMC9zdmciPjwvc3ZnPg==\" style=\"--smush-placeholder-width: 768px; --smush-placeholder-aspect-ratio: 768\/1024;\" \/><\/figure>\n\n\n\n<figure class=\"wp-block-image size-large\"><img decoding=\"async\" width=\"768\" height=\"1024\" data-id=\"2167\" data-src=\"https:\/\/www.grubaart.pl\/wp-content\/uploads\/2026\/03\/20260311_161443-768x1024.jpg\" alt=\"\" class=\"wp-image-2167 lazyload\" data-srcset=\"https:\/\/www.grubaart.pl\/wp-content\/uploads\/2026\/03\/20260311_161443-768x1024.jpg 768w, https:\/\/www.grubaart.pl\/wp-content\/uploads\/2026\/03\/20260311_161443-225x300.jpg 225w, https:\/\/www.grubaart.pl\/wp-content\/uploads\/2026\/03\/20260311_161443-1152x1536.jpg 1152w, https:\/\/www.grubaart.pl\/wp-content\/uploads\/2026\/03\/20260311_161443-1536x2048.jpg 1536w, https:\/\/www.grubaart.pl\/wp-content\/uploads\/2026\/03\/20260311_161443-1024x1365.jpg 1024w, https:\/\/www.grubaart.pl\/wp-content\/uploads\/2026\/03\/20260311_161443-810x1080.jpg 810w, https:\/\/www.grubaart.pl\/wp-content\/uploads\/2026\/03\/20260311_161443-scaled.jpg 1920w\" data-sizes=\"(max-width: 768px) 100vw, 768px\" src=\"data:image\/svg+xml;base64,PHN2ZyB3aWR0aD0iMSIgaGVpZ2h0PSIxIiB4bWxucz0iaHR0cDovL3d3dy53My5vcmcvMjAwMC9zdmciPjwvc3ZnPg==\" style=\"--smush-placeholder-width: 768px; --smush-placeholder-aspect-ratio: 768\/1024;\" \/><\/figure>\n\n\n\n<figure class=\"wp-block-image size-large\"><img decoding=\"async\" width=\"768\" height=\"1024\" data-id=\"2156\" data-src=\"https:\/\/www.grubaart.pl\/wp-content\/uploads\/2026\/03\/20260311_155423-1-768x1024.jpg\" alt=\"\" class=\"wp-image-2156 lazyload\" data-srcset=\"https:\/\/www.grubaart.pl\/wp-content\/uploads\/2026\/03\/20260311_155423-1-768x1024.jpg 768w, https:\/\/www.grubaart.pl\/wp-content\/uploads\/2026\/03\/20260311_155423-1-225x300.jpg 225w, https:\/\/www.grubaart.pl\/wp-content\/uploads\/2026\/03\/20260311_155423-1-1152x1536.jpg 1152w, https:\/\/www.grubaart.pl\/wp-content\/uploads\/2026\/03\/20260311_155423-1-1536x2048.jpg 1536w, https:\/\/www.grubaart.pl\/wp-content\/uploads\/2026\/03\/20260311_155423-1-1024x1365.jpg 1024w, https:\/\/www.grubaart.pl\/wp-content\/uploads\/2026\/03\/20260311_155423-1-810x1080.jpg 810w, https:\/\/www.grubaart.pl\/wp-content\/uploads\/2026\/03\/20260311_155423-1-scaled.jpg 1920w\" data-sizes=\"(max-width: 768px) 100vw, 768px\" src=\"data:image\/svg+xml;base64,PHN2ZyB3aWR0aD0iMSIgaGVpZ2h0PSIxIiB4bWxucz0iaHR0cDovL3d3dy53My5vcmcvMjAwMC9zdmciPjwvc3ZnPg==\" style=\"--smush-placeholder-width: 768px; --smush-placeholder-aspect-ratio: 768\/1024;\" \/><\/figure>\n\n\n\n<figure class=\"wp-block-image size-large\"><img decoding=\"async\" width=\"768\" height=\"1024\" data-id=\"2178\" data-src=\"https:\/\/www.grubaart.pl\/wp-content\/uploads\/2026\/03\/20260304_160705-768x1024.jpg\" alt=\"\" class=\"wp-image-2178 lazyload\" data-srcset=\"https:\/\/www.grubaart.pl\/wp-content\/uploads\/2026\/03\/20260304_160705-768x1024.jpg 768w, https:\/\/www.grubaart.pl\/wp-content\/uploads\/2026\/03\/20260304_160705-225x300.jpg 225w, https:\/\/www.grubaart.pl\/wp-content\/uploads\/2026\/03\/20260304_160705-1152x1536.jpg 1152w, https:\/\/www.grubaart.pl\/wp-content\/uploads\/2026\/03\/20260304_160705-1536x2048.jpg 1536w, https:\/\/www.grubaart.pl\/wp-content\/uploads\/2026\/03\/20260304_160705-1024x1365.jpg 1024w, https:\/\/www.grubaart.pl\/wp-content\/uploads\/2026\/03\/20260304_160705-810x1080.jpg 810w, https:\/\/www.grubaart.pl\/wp-content\/uploads\/2026\/03\/20260304_160705-scaled.jpg 1920w\" data-sizes=\"(max-width: 768px) 100vw, 768px\" src=\"data:image\/svg+xml;base64,PHN2ZyB3aWR0aD0iMSIgaGVpZ2h0PSIxIiB4bWxucz0iaHR0cDovL3d3dy53My5vcmcvMjAwMC9zdmciPjwvc3ZnPg==\" style=\"--smush-placeholder-width: 768px; --smush-placeholder-aspect-ratio: 768\/1024;\" \/><\/figure>\n\n\n\n<figure class=\"wp-block-image size-large\"><img decoding=\"async\" width=\"768\" height=\"1024\" data-id=\"2175\" data-src=\"https:\/\/www.grubaart.pl\/wp-content\/uploads\/2026\/03\/20260304_161515-768x1024.jpg\" alt=\"\" class=\"wp-image-2175 lazyload\" data-srcset=\"https:\/\/www.grubaart.pl\/wp-content\/uploads\/2026\/03\/20260304_161515-768x1024.jpg 768w, https:\/\/www.grubaart.pl\/wp-content\/uploads\/2026\/03\/20260304_161515-225x300.jpg 225w, https:\/\/www.grubaart.pl\/wp-content\/uploads\/2026\/03\/20260304_161515-1152x1536.jpg 1152w, https:\/\/www.grubaart.pl\/wp-content\/uploads\/2026\/03\/20260304_161515-1536x2048.jpg 1536w, https:\/\/www.grubaart.pl\/wp-content\/uploads\/2026\/03\/20260304_161515-1024x1365.jpg 1024w, https:\/\/www.grubaart.pl\/wp-content\/uploads\/2026\/03\/20260304_161515-810x1080.jpg 810w, https:\/\/www.grubaart.pl\/wp-content\/uploads\/2026\/03\/20260304_161515-scaled.jpg 1920w\" data-sizes=\"(max-width: 768px) 100vw, 768px\" src=\"data:image\/svg+xml;base64,PHN2ZyB3aWR0aD0iMSIgaGVpZ2h0PSIxIiB4bWxucz0iaHR0cDovL3d3dy53My5vcmcvMjAwMC9zdmciPjwvc3ZnPg==\" style=\"--smush-placeholder-width: 768px; --smush-placeholder-aspect-ratio: 768\/1024;\" \/><\/figure>\n\n\n\n<figure class=\"wp-block-image size-large\"><img decoding=\"async\" width=\"768\" height=\"1024\" data-id=\"2174\" data-src=\"https:\/\/www.grubaart.pl\/wp-content\/uploads\/2026\/03\/20260304_161013-768x1024.jpg\" alt=\"\" class=\"wp-image-2174 lazyload\" data-srcset=\"https:\/\/www.grubaart.pl\/wp-content\/uploads\/2026\/03\/20260304_161013-768x1024.jpg 768w, https:\/\/www.grubaart.pl\/wp-content\/uploads\/2026\/03\/20260304_161013-225x300.jpg 225w, https:\/\/www.grubaart.pl\/wp-content\/uploads\/2026\/03\/20260304_161013-1152x1536.jpg 1152w, https:\/\/www.grubaart.pl\/wp-content\/uploads\/2026\/03\/20260304_161013-1536x2048.jpg 1536w, https:\/\/www.grubaart.pl\/wp-content\/uploads\/2026\/03\/20260304_161013-1024x1365.jpg 1024w, https:\/\/www.grubaart.pl\/wp-content\/uploads\/2026\/03\/20260304_161013-810x1080.jpg 810w, https:\/\/www.grubaart.pl\/wp-content\/uploads\/2026\/03\/20260304_161013-scaled.jpg 1920w\" data-sizes=\"(max-width: 768px) 100vw, 768px\" src=\"data:image\/svg+xml;base64,PHN2ZyB3aWR0aD0iMSIgaGVpZ2h0PSIxIiB4bWxucz0iaHR0cDovL3d3dy53My5vcmcvMjAwMC9zdmciPjwvc3ZnPg==\" style=\"--smush-placeholder-width: 768px; --smush-placeholder-aspect-ratio: 768\/1024;\" \/><\/figure>\n<\/figure>\n\n\n\n<p><\/p>\n","protected":false},"excerpt":{"rendered":"<p>\u015aRODA 15.00- 16.30 Starannie zaprojektowany kurs rysunku i malarstwa dla dzieci w wieku 6-8 lat, kt\u00f3ry wprowadza najm\u0142odszych w \u015bwiat sztuki z uwa\u017cno\u015bci\u0105, rado\u015bci\u0105 i swobod\u0105 tw\u00f3rcz\u0105. Podczas zaj\u0119\u0107 dzieci maj\u0105 mo\u017cliwo\u015b\u0107 pozna\u0107: pracuj\u0105c z r\u00f3\u017cnorodnymi materia\u0142ami w inspiruj\u0105cej, przyjaznej atmosferze. To wyj\u0105tkowa przestrze\u0144 do rozwijania wyobra\u017ani, wra\u017cliwo\u015bci estetycznej i pewno\u015bci siebie poprzez tw\u00f3rcze dzia\u0142anie.&hellip; <br \/> <a class=\"read-more\" href=\"https:\/\/www.grubaart.pl\/index.php\/grupa-6-8-lat\/\">Dowiedz si\u0119 wi\u0119cej<\/a><\/p>\n","protected":false},"author":1,"featured_media":0,"parent":0,"menu_order":0,"comment_status":"closed","ping_status":"closed","template":"","meta":{"footnotes":""},"class_list":["post-2125","page","type-page","status-publish","hentry"],"_links":{"self":[{"href":"https:\/\/www.grubaart.pl\/index.php\/wp-json\/wp\/v2\/pages\/2125","targetHints":{"allow":["GET"]}}],"collection":[{"href":"https:\/\/www.grubaart.pl\/index.php\/wp-json\/wp\/v2\/pages"}],"about":[{"href":"https:\/\/www.grubaart.pl\/index.php\/wp-json\/wp\/v2\/types\/page"}],"author":[{"embeddable":true,"href":"https:\/\/www.grubaart.pl\/index.php\/wp-json\/wp\/v2\/users\/1"}],"replies":[{"embeddable":true,"href":"https:\/\/www.grubaart.pl\/index.php\/wp-json\/wp\/v2\/comments?post=2125"}],"version-history":[{"count":12,"href":"https:\/\/www.grubaart.pl\/index.php\/wp-json\/wp\/v2\/pages\/2125\/revisions"}],"predecessor-version":[{"id":2393,"href":"https:\/\/www.grubaart.pl\/index.php\/wp-json\/wp\/v2\/pages\/2125\/revisions\/2393"}],"wp:attachment":[{"href":"https:\/\/www.grubaart.pl\/index.php\/wp-json\/wp\/v2\/media?parent=2125"}],"curies":[{"name":"wp","href":"https:\/\/api.w.org\/{rel}","templated":true}]}}