{"id":1745,"date":"2023-01-04T21:31:00","date_gmt":"2023-01-04T21:31:00","guid":{"rendered":"https:\/\/www.grubaart.pl\/?page_id=1745"},"modified":"2023-01-04T21:32:30","modified_gmt":"2023-01-04T21:32:30","slug":"projekt-wnetrz-przedszkola-z-oddzialami-integracyjnymi-w-kielpinie","status":"publish","type":"page","link":"https:\/\/www.grubaart.pl\/index.php\/projekt-wnetrz-przedszkola-z-oddzialami-integracyjnymi-w-kielpinie\/","title":{"rendered":"Projekt wn\u0119trz przedszkola z oddzia\u0142ami integracyjnymi w Kie\u0142pinie"},"content":{"rendered":"\n<figure class=\"wp-block-gallery has-nested-images columns-1 is-cropped wp-block-gallery-1 is-layout-flex wp-block-gallery-is-layout-flex\">\n<figure class=\"wp-block-image size-full\"><img loading=\"lazy\" decoding=\"async\" width=\"1600\" height=\"1200\" data-id=\"1747\" src=\"https:\/\/www.grubaart.pl\/wp-content\/uploads\/2023\/01\/korytarz-1.jpg\" alt=\"\" class=\"wp-image-1747\" srcset=\"https:\/\/www.grubaart.pl\/wp-content\/uploads\/2023\/01\/korytarz-1.jpg 1600w, https:\/\/www.grubaart.pl\/wp-content\/uploads\/2023\/01\/korytarz-1-300x225.jpg 300w, https:\/\/www.grubaart.pl\/wp-content\/uploads\/2023\/01\/korytarz-1-1024x768.jpg 1024w, https:\/\/www.grubaart.pl\/wp-content\/uploads\/2023\/01\/korytarz-1-768x576.jpg 768w, https:\/\/www.grubaart.pl\/wp-content\/uploads\/2023\/01\/korytarz-1-1536x1152.jpg 1536w, https:\/\/www.grubaart.pl\/wp-content\/uploads\/2023\/01\/korytarz-1-1440x1080.jpg 1440w\" sizes=\"auto, (max-width: 1600px) 100vw, 1600px\" \/><\/figure>\n\n\n\n<figure class=\"wp-block-image size-full\"><img loading=\"lazy\" decoding=\"async\" width=\"1600\" height=\"1200\" data-id=\"1748\" src=\"https:\/\/www.grubaart.pl\/wp-content\/uploads\/2023\/01\/korytarz1.jpg\" alt=\"\" class=\"wp-image-1748\" srcset=\"https:\/\/www.grubaart.pl\/wp-content\/uploads\/2023\/01\/korytarz1.jpg 1600w, https:\/\/www.grubaart.pl\/wp-content\/uploads\/2023\/01\/korytarz1-300x225.jpg 300w, https:\/\/www.grubaart.pl\/wp-content\/uploads\/2023\/01\/korytarz1-1024x768.jpg 1024w, https:\/\/www.grubaart.pl\/wp-content\/uploads\/2023\/01\/korytarz1-768x576.jpg 768w, https:\/\/www.grubaart.pl\/wp-content\/uploads\/2023\/01\/korytarz1-1536x1152.jpg 1536w, https:\/\/www.grubaart.pl\/wp-content\/uploads\/2023\/01\/korytarz1-1440x1080.jpg 1440w\" sizes=\"auto, (max-width: 1600px) 100vw, 1600px\" \/><\/figure>\n\n\n\n<figure class=\"wp-block-image size-full\"><img loading=\"lazy\" decoding=\"async\" width=\"1600\" height=\"1200\" data-id=\"1749\" src=\"https:\/\/www.grubaart.pl\/wp-content\/uploads\/2023\/01\/korytarz2-1.jpg\" alt=\"\" class=\"wp-image-1749\" srcset=\"https:\/\/www.grubaart.pl\/wp-content\/uploads\/2023\/01\/korytarz2-1.jpg 1600w, https:\/\/www.grubaart.pl\/wp-content\/uploads\/2023\/01\/korytarz2-1-300x225.jpg 300w, https:\/\/www.grubaart.pl\/wp-content\/uploads\/2023\/01\/korytarz2-1-1024x768.jpg 1024w, https:\/\/www.grubaart.pl\/wp-content\/uploads\/2023\/01\/korytarz2-1-768x576.jpg 768w, https:\/\/www.grubaart.pl\/wp-content\/uploads\/2023\/01\/korytarz2-1-1536x1152.jpg 1536w, https:\/\/www.grubaart.pl\/wp-content\/uploads\/2023\/01\/korytarz2-1-1440x1080.jpg 1440w\" sizes=\"auto, (max-width: 1600px) 100vw, 1600px\" \/><\/figure>\n\n\n\n<figure class=\"wp-block-image size-full\"><img loading=\"lazy\" decoding=\"async\" width=\"1600\" height=\"1200\" data-id=\"1750\" src=\"https:\/\/www.grubaart.pl\/wp-content\/uploads\/2023\/01\/sala-1-1.jpg\" alt=\"\" class=\"wp-image-1750\" srcset=\"https:\/\/www.grubaart.pl\/wp-content\/uploads\/2023\/01\/sala-1-1.jpg 1600w, https:\/\/www.grubaart.pl\/wp-content\/uploads\/2023\/01\/sala-1-1-300x225.jpg 300w, https:\/\/www.grubaart.pl\/wp-content\/uploads\/2023\/01\/sala-1-1-1024x768.jpg 1024w, https:\/\/www.grubaart.pl\/wp-content\/uploads\/2023\/01\/sala-1-1-768x576.jpg 768w, https:\/\/www.grubaart.pl\/wp-content\/uploads\/2023\/01\/sala-1-1-1536x1152.jpg 1536w, https:\/\/www.grubaart.pl\/wp-content\/uploads\/2023\/01\/sala-1-1-1440x1080.jpg 1440w\" sizes=\"auto, (max-width: 1600px) 100vw, 1600px\" \/><\/figure>\n\n\n\n<figure class=\"wp-block-image size-full\"><img loading=\"lazy\" decoding=\"async\" width=\"1600\" height=\"1200\" data-id=\"1751\" src=\"https:\/\/www.grubaart.pl\/wp-content\/uploads\/2023\/01\/sala-2-1.jpg\" alt=\"\" class=\"wp-image-1751\" srcset=\"https:\/\/www.grubaart.pl\/wp-content\/uploads\/2023\/01\/sala-2-1.jpg 1600w, https:\/\/www.grubaart.pl\/wp-content\/uploads\/2023\/01\/sala-2-1-300x225.jpg 300w, https:\/\/www.grubaart.pl\/wp-content\/uploads\/2023\/01\/sala-2-1-1024x768.jpg 1024w, https:\/\/www.grubaart.pl\/wp-content\/uploads\/2023\/01\/sala-2-1-768x576.jpg 768w, https:\/\/www.grubaart.pl\/wp-content\/uploads\/2023\/01\/sala-2-1-1536x1152.jpg 1536w, https:\/\/www.grubaart.pl\/wp-content\/uploads\/2023\/01\/sala-2-1-1440x1080.jpg 1440w\" sizes=\"auto, (max-width: 1600px) 100vw, 1600px\" \/><\/figure>\n\n\n\n<figure class=\"wp-block-image size-full\"><img loading=\"lazy\" decoding=\"async\" width=\"1600\" height=\"1200\" data-id=\"1752\" src=\"https:\/\/www.grubaart.pl\/wp-content\/uploads\/2023\/01\/sala-11.jpg\" alt=\"\" class=\"wp-image-1752\" srcset=\"https:\/\/www.grubaart.pl\/wp-content\/uploads\/2023\/01\/sala-11.jpg 1600w, https:\/\/www.grubaart.pl\/wp-content\/uploads\/2023\/01\/sala-11-300x225.jpg 300w, https:\/\/www.grubaart.pl\/wp-content\/uploads\/2023\/01\/sala-11-1024x768.jpg 1024w, https:\/\/www.grubaart.pl\/wp-content\/uploads\/2023\/01\/sala-11-768x576.jpg 768w, https:\/\/www.grubaart.pl\/wp-content\/uploads\/2023\/01\/sala-11-1536x1152.jpg 1536w, https:\/\/www.grubaart.pl\/wp-content\/uploads\/2023\/01\/sala-11-1440x1080.jpg 1440w\" sizes=\"auto, (max-width: 1600px) 100vw, 1600px\" \/><\/figure>\n\n\n\n<figure class=\"wp-block-image size-full\"><img loading=\"lazy\" decoding=\"async\" width=\"1600\" height=\"1200\" data-id=\"1753\" src=\"https:\/\/www.grubaart.pl\/wp-content\/uploads\/2023\/01\/sala-111.jpg\" alt=\"\" class=\"wp-image-1753\" srcset=\"https:\/\/www.grubaart.pl\/wp-content\/uploads\/2023\/01\/sala-111.jpg 1600w, https:\/\/www.grubaart.pl\/wp-content\/uploads\/2023\/01\/sala-111-300x225.jpg 300w, https:\/\/www.grubaart.pl\/wp-content\/uploads\/2023\/01\/sala-111-1024x768.jpg 1024w, https:\/\/www.grubaart.pl\/wp-content\/uploads\/2023\/01\/sala-111-768x576.jpg 768w, https:\/\/www.grubaart.pl\/wp-content\/uploads\/2023\/01\/sala-111-1536x1152.jpg 1536w, https:\/\/www.grubaart.pl\/wp-content\/uploads\/2023\/01\/sala-111-1440x1080.jpg 1440w\" sizes=\"auto, (max-width: 1600px) 100vw, 1600px\" \/><\/figure>\n\n\n\n<figure class=\"wp-block-image size-full\"><img loading=\"lazy\" decoding=\"async\" width=\"1772\" height=\"1328\" data-id=\"1754\" src=\"https:\/\/www.grubaart.pl\/wp-content\/uploads\/2023\/01\/sala-cw-1.jpg\" alt=\"\" class=\"wp-image-1754\" srcset=\"https:\/\/www.grubaart.pl\/wp-content\/uploads\/2023\/01\/sala-cw-1.jpg 1772w, https:\/\/www.grubaart.pl\/wp-content\/uploads\/2023\/01\/sala-cw-1-300x225.jpg 300w, https:\/\/www.grubaart.pl\/wp-content\/uploads\/2023\/01\/sala-cw-1-1024x767.jpg 1024w, https:\/\/www.grubaart.pl\/wp-content\/uploads\/2023\/01\/sala-cw-1-768x576.jpg 768w, https:\/\/www.grubaart.pl\/wp-content\/uploads\/2023\/01\/sala-cw-1-1536x1151.jpg 1536w, https:\/\/www.grubaart.pl\/wp-content\/uploads\/2023\/01\/sala-cw-1-1441x1080.jpg 1441w\" sizes=\"auto, (max-width: 1772px) 100vw, 1772px\" \/><\/figure>\n\n\n\n<figure class=\"wp-block-image size-full\"><img loading=\"lazy\" decoding=\"async\" width=\"1772\" height=\"1328\" data-id=\"1755\" src=\"https:\/\/www.grubaart.pl\/wp-content\/uploads\/2023\/01\/sala-cw-2.jpg\" alt=\"\" class=\"wp-image-1755\" srcset=\"https:\/\/www.grubaart.pl\/wp-content\/uploads\/2023\/01\/sala-cw-2.jpg 1772w, https:\/\/www.grubaart.pl\/wp-content\/uploads\/2023\/01\/sala-cw-2-300x225.jpg 300w, https:\/\/www.grubaart.pl\/wp-content\/uploads\/2023\/01\/sala-cw-2-1024x767.jpg 1024w, https:\/\/www.grubaart.pl\/wp-content\/uploads\/2023\/01\/sala-cw-2-768x576.jpg 768w, https:\/\/www.grubaart.pl\/wp-content\/uploads\/2023\/01\/sala-cw-2-1536x1151.jpg 1536w, https:\/\/www.grubaart.pl\/wp-content\/uploads\/2023\/01\/sala-cw-2-1441x1080.jpg 1441w\" sizes=\"auto, (max-width: 1772px) 100vw, 1772px\" \/><\/figure>\n\n\n\n<figure class=\"wp-block-image size-full\"><img loading=\"lazy\" decoding=\"async\" width=\"1600\" height=\"1200\" data-id=\"1756\" src=\"https:\/\/www.grubaart.pl\/wp-content\/uploads\/2023\/01\/wc.jpg\" alt=\"\" class=\"wp-image-1756\" srcset=\"https:\/\/www.grubaart.pl\/wp-content\/uploads\/2023\/01\/wc.jpg 1600w, https:\/\/www.grubaart.pl\/wp-content\/uploads\/2023\/01\/wc-300x225.jpg 300w, https:\/\/www.grubaart.pl\/wp-content\/uploads\/2023\/01\/wc-1024x768.jpg 1024w, https:\/\/www.grubaart.pl\/wp-content\/uploads\/2023\/01\/wc-768x576.jpg 768w, https:\/\/www.grubaart.pl\/wp-content\/uploads\/2023\/01\/wc-1536x1152.jpg 1536w, https:\/\/www.grubaart.pl\/wp-content\/uploads\/2023\/01\/wc-1440x1080.jpg 1440w\" sizes=\"auto, (max-width: 1600px) 100vw, 1600px\" \/><\/figure>\n\n\n\n<figure class=\"wp-block-image size-full\"><img loading=\"lazy\" decoding=\"async\" width=\"1600\" height=\"1200\" data-id=\"1757\" src=\"https:\/\/www.grubaart.pl\/wp-content\/uploads\/2023\/01\/wc2.jpg\" alt=\"\" class=\"wp-image-1757\" srcset=\"https:\/\/www.grubaart.pl\/wp-content\/uploads\/2023\/01\/wc2.jpg 1600w, https:\/\/www.grubaart.pl\/wp-content\/uploads\/2023\/01\/wc2-300x225.jpg 300w, https:\/\/www.grubaart.pl\/wp-content\/uploads\/2023\/01\/wc2-1024x768.jpg 1024w, https:\/\/www.grubaart.pl\/wp-content\/uploads\/2023\/01\/wc2-768x576.jpg 768w, https:\/\/www.grubaart.pl\/wp-content\/uploads\/2023\/01\/wc2-1536x1152.jpg 1536w, https:\/\/www.grubaart.pl\/wp-content\/uploads\/2023\/01\/wc2-1440x1080.jpg 1440w\" sizes=\"auto, (max-width: 1600px) 100vw, 1600px\" \/><\/figure>\n\n\n\n<figure class=\"wp-block-image size-full\"><img loading=\"lazy\" decoding=\"async\" width=\"1600\" height=\"1200\" data-id=\"1758\" src=\"https:\/\/www.grubaart.pl\/wp-content\/uploads\/2023\/01\/wcnp.jpg\" alt=\"\" class=\"wp-image-1758\" srcset=\"https:\/\/www.grubaart.pl\/wp-content\/uploads\/2023\/01\/wcnp.jpg 1600w, https:\/\/www.grubaart.pl\/wp-content\/uploads\/2023\/01\/wcnp-300x225.jpg 300w, https:\/\/www.grubaart.pl\/wp-content\/uploads\/2023\/01\/wcnp-1024x768.jpg 1024w, https:\/\/www.grubaart.pl\/wp-content\/uploads\/2023\/01\/wcnp-768x576.jpg 768w, https:\/\/www.grubaart.pl\/wp-content\/uploads\/2023\/01\/wcnp-1536x1152.jpg 1536w, https:\/\/www.grubaart.pl\/wp-content\/uploads\/2023\/01\/wcnp-1440x1080.jpg 1440w\" sizes=\"auto, (max-width: 1600px) 100vw, 1600px\" \/><\/figure>\n\n\n\n<figure class=\"wp-block-image size-full\"><img loading=\"lazy\" decoding=\"async\" width=\"1600\" height=\"1200\" data-id=\"1759\" src=\"https:\/\/www.grubaart.pl\/wp-content\/uploads\/2023\/01\/wcnp2.jpg\" alt=\"\" class=\"wp-image-1759\" srcset=\"https:\/\/www.grubaart.pl\/wp-content\/uploads\/2023\/01\/wcnp2.jpg 1600w, https:\/\/www.grubaart.pl\/wp-content\/uploads\/2023\/01\/wcnp2-300x225.jpg 300w, https:\/\/www.grubaart.pl\/wp-content\/uploads\/2023\/01\/wcnp2-1024x768.jpg 1024w, https:\/\/www.grubaart.pl\/wp-content\/uploads\/2023\/01\/wcnp2-768x576.jpg 768w, https:\/\/www.grubaart.pl\/wp-content\/uploads\/2023\/01\/wcnp2-1536x1152.jpg 1536w, https:\/\/www.grubaart.pl\/wp-content\/uploads\/2023\/01\/wcnp2-1440x1080.jpg 1440w\" sizes=\"auto, (max-width: 1600px) 100vw, 1600px\" \/><\/figure>\n<\/figure>\n","protected":false},"excerpt":{"rendered":"","protected":false},"author":1,"featured_media":1748,"parent":0,"menu_order":0,"comment_status":"closed","ping_status":"closed","template":"","meta":{"footnotes":""},"class_list":["post-1745","page","type-page","status-publish","has-post-thumbnail","hentry"],"_links":{"self":[{"href":"https:\/\/www.grubaart.pl\/index.php\/wp-json\/wp\/v2\/pages\/1745","targetHints":{"allow":["GET"]}}],"collection":[{"href":"https:\/\/www.grubaart.pl\/index.php\/wp-json\/wp\/v2\/pages"}],"about":[{"href":"https:\/\/www.grubaart.pl\/index.php\/wp-json\/wp\/v2\/types\/page"}],"author":[{"embeddable":true,"href":"https:\/\/www.grubaart.pl\/index.php\/wp-json\/wp\/v2\/users\/1"}],"replies":[{"embeddable":true,"href":"https:\/\/www.grubaart.pl\/index.php\/wp-json\/wp\/v2\/comments?post=1745"}],"version-history":[{"count":3,"href":"https:\/\/www.grubaart.pl\/index.php\/wp-json\/wp\/v2\/pages\/1745\/revisions"}],"predecessor-version":[{"id":1763,"href":"https:\/\/www.grubaart.pl\/index.php\/wp-json\/wp\/v2\/pages\/1745\/revisions\/1763"}],"wp:featuredmedia":[{"embeddable":true,"href":"https:\/\/www.grubaart.pl\/index.php\/wp-json\/wp\/v2\/media\/1748"}],"wp:attachment":[{"href":"https:\/\/www.grubaart.pl\/index.php\/wp-json\/wp\/v2\/media?parent=1745"}],"curies":[{"name":"wp","href":"https:\/\/api.w.org\/{rel}","templated":true}]}}