{"id":1377,"date":"2020-10-10T21:18:43","date_gmt":"2020-10-10T21:18:43","guid":{"rendered":"https:\/\/www.grubaart.pl\/?page_id=1377"},"modified":"2021-01-30T22:53:29","modified_gmt":"2021-01-30T22:53:29","slug":"projekt-wnetrz-szkoly-podstawowej-w-lapalicach","status":"publish","type":"page","link":"https:\/\/www.grubaart.pl\/index.php\/projekt-wnetrz-szkoly-podstawowej-w-lapalicach\/","title":{"rendered":"Projekt elewacji oraz wn\u0119trz Szko\u0142y Podstawowej w \u0141apalicach"},"content":{"rendered":"\n<figure class=\"wp-block-gallery columns-1 is-cropped wp-block-gallery-1 is-layout-flex wp-block-gallery-is-layout-flex\"><ul class=\"blocks-gallery-grid\"><li class=\"blocks-gallery-item\"><figure><a href=\"https:\/\/www.grubaart.pl\/wp-content\/uploads\/2020\/10\/elewacja-scaled.jpg\"><img loading=\"lazy\" decoding=\"async\" width=\"1811\" height=\"2560\" src=\"https:\/\/www.grubaart.pl\/wp-content\/uploads\/2020\/10\/elewacja-scaled.jpg\" alt=\"\" data-id=\"1379\" data-full-url=\"https:\/\/www.grubaart.pl\/wp-content\/uploads\/2020\/10\/elewacja-scaled.jpg\" data-link=\"https:\/\/www.grubaart.pl\/?attachment_id=1379\" class=\"wp-image-1379\" srcset=\"https:\/\/www.grubaart.pl\/wp-content\/uploads\/2020\/10\/elewacja-scaled.jpg 1811w, https:\/\/www.grubaart.pl\/wp-content\/uploads\/2020\/10\/elewacja-212x300.jpg 212w, https:\/\/www.grubaart.pl\/wp-content\/uploads\/2020\/10\/elewacja-724x1024.jpg 724w, https:\/\/www.grubaart.pl\/wp-content\/uploads\/2020\/10\/elewacja-768x1086.jpg 768w, https:\/\/www.grubaart.pl\/wp-content\/uploads\/2020\/10\/elewacja-1086x1536.jpg 1086w, https:\/\/www.grubaart.pl\/wp-content\/uploads\/2020\/10\/elewacja-1448x2048.jpg 1448w, https:\/\/www.grubaart.pl\/wp-content\/uploads\/2020\/10\/elewacja-1024x1448.jpg 1024w, https:\/\/www.grubaart.pl\/wp-content\/uploads\/2020\/10\/elewacja-764x1080.jpg 764w\" sizes=\"auto, (max-width: 1811px) 100vw, 1811px\" \/><\/a><\/figure><\/li><li class=\"blocks-gallery-item\"><figure><a href=\"https:\/\/www.grubaart.pl\/wp-content\/uploads\/2020\/10\/korytarz-scaled.jpg\"><img loading=\"lazy\" decoding=\"async\" width=\"1811\" height=\"2560\" src=\"https:\/\/www.grubaart.pl\/wp-content\/uploads\/2020\/10\/korytarz-scaled.jpg\" alt=\"\" data-id=\"1380\" data-full-url=\"https:\/\/www.grubaart.pl\/wp-content\/uploads\/2020\/10\/korytarz-scaled.jpg\" data-link=\"https:\/\/www.grubaart.pl\/?attachment_id=1380\" class=\"wp-image-1380\" srcset=\"https:\/\/www.grubaart.pl\/wp-content\/uploads\/2020\/10\/korytarz-scaled.jpg 1811w, https:\/\/www.grubaart.pl\/wp-content\/uploads\/2020\/10\/korytarz-212x300.jpg 212w, https:\/\/www.grubaart.pl\/wp-content\/uploads\/2020\/10\/korytarz-724x1024.jpg 724w, https:\/\/www.grubaart.pl\/wp-content\/uploads\/2020\/10\/korytarz-768x1086.jpg 768w, https:\/\/www.grubaart.pl\/wp-content\/uploads\/2020\/10\/korytarz-1086x1536.jpg 1086w, https:\/\/www.grubaart.pl\/wp-content\/uploads\/2020\/10\/korytarz-1448x2048.jpg 1448w, https:\/\/www.grubaart.pl\/wp-content\/uploads\/2020\/10\/korytarz-1024x1448.jpg 1024w, https:\/\/www.grubaart.pl\/wp-content\/uploads\/2020\/10\/korytarz-764x1080.jpg 764w\" sizes=\"auto, (max-width: 1811px) 100vw, 1811px\" \/><\/a><\/figure><\/li><li class=\"blocks-gallery-item\"><figure><a href=\"https:\/\/www.grubaart.pl\/wp-content\/uploads\/2020\/10\/korytarz2-scaled.jpg\"><img loading=\"lazy\" decoding=\"async\" width=\"1811\" height=\"2560\" src=\"https:\/\/www.grubaart.pl\/wp-content\/uploads\/2020\/10\/korytarz2-scaled.jpg\" alt=\"\" data-id=\"1381\" data-full-url=\"https:\/\/www.grubaart.pl\/wp-content\/uploads\/2020\/10\/korytarz2-scaled.jpg\" data-link=\"https:\/\/www.grubaart.pl\/?attachment_id=1381\" class=\"wp-image-1381\" srcset=\"https:\/\/www.grubaart.pl\/wp-content\/uploads\/2020\/10\/korytarz2-scaled.jpg 1811w, https:\/\/www.grubaart.pl\/wp-content\/uploads\/2020\/10\/korytarz2-212x300.jpg 212w, https:\/\/www.grubaart.pl\/wp-content\/uploads\/2020\/10\/korytarz2-724x1024.jpg 724w, https:\/\/www.grubaart.pl\/wp-content\/uploads\/2020\/10\/korytarz2-768x1086.jpg 768w, https:\/\/www.grubaart.pl\/wp-content\/uploads\/2020\/10\/korytarz2-1086x1536.jpg 1086w, https:\/\/www.grubaart.pl\/wp-content\/uploads\/2020\/10\/korytarz2-1448x2048.jpg 1448w, https:\/\/www.grubaart.pl\/wp-content\/uploads\/2020\/10\/korytarz2-1024x1448.jpg 1024w, https:\/\/www.grubaart.pl\/wp-content\/uploads\/2020\/10\/korytarz2-764x1080.jpg 764w\" sizes=\"auto, (max-width: 1811px) 100vw, 1811px\" \/><\/a><\/figure><\/li><li class=\"blocks-gallery-item\"><figure><a href=\"https:\/\/www.grubaart.pl\/wp-content\/uploads\/2020\/10\/korytarz3-scaled.jpg\"><img loading=\"lazy\" decoding=\"async\" width=\"1811\" height=\"2560\" src=\"https:\/\/www.grubaart.pl\/wp-content\/uploads\/2020\/10\/korytarz3-scaled.jpg\" alt=\"\" data-id=\"1382\" data-full-url=\"https:\/\/www.grubaart.pl\/wp-content\/uploads\/2020\/10\/korytarz3-scaled.jpg\" data-link=\"https:\/\/www.grubaart.pl\/?attachment_id=1382\" class=\"wp-image-1382\" srcset=\"https:\/\/www.grubaart.pl\/wp-content\/uploads\/2020\/10\/korytarz3-scaled.jpg 1811w, https:\/\/www.grubaart.pl\/wp-content\/uploads\/2020\/10\/korytarz3-212x300.jpg 212w, https:\/\/www.grubaart.pl\/wp-content\/uploads\/2020\/10\/korytarz3-724x1024.jpg 724w, https:\/\/www.grubaart.pl\/wp-content\/uploads\/2020\/10\/korytarz3-768x1086.jpg 768w, https:\/\/www.grubaart.pl\/wp-content\/uploads\/2020\/10\/korytarz3-1086x1536.jpg 1086w, https:\/\/www.grubaart.pl\/wp-content\/uploads\/2020\/10\/korytarz3-1448x2048.jpg 1448w, https:\/\/www.grubaart.pl\/wp-content\/uploads\/2020\/10\/korytarz3-1024x1448.jpg 1024w, https:\/\/www.grubaart.pl\/wp-content\/uploads\/2020\/10\/korytarz3-764x1080.jpg 764w\" sizes=\"auto, (max-width: 1811px) 100vw, 1811px\" \/><\/a><\/figure><\/li><li class=\"blocks-gallery-item\"><figure><a href=\"https:\/\/www.grubaart.pl\/wp-content\/uploads\/2020\/10\/sala-biol-chem-scaled.jpg\"><img loading=\"lazy\" decoding=\"async\" width=\"1811\" height=\"2560\" src=\"https:\/\/www.grubaart.pl\/wp-content\/uploads\/2020\/10\/sala-biol-chem-scaled.jpg\" alt=\"\" data-id=\"1383\" data-full-url=\"https:\/\/www.grubaart.pl\/wp-content\/uploads\/2020\/10\/sala-biol-chem-scaled.jpg\" data-link=\"https:\/\/www.grubaart.pl\/?attachment_id=1383\" class=\"wp-image-1383\" srcset=\"https:\/\/www.grubaart.pl\/wp-content\/uploads\/2020\/10\/sala-biol-chem-scaled.jpg 1811w, https:\/\/www.grubaart.pl\/wp-content\/uploads\/2020\/10\/sala-biol-chem-212x300.jpg 212w, https:\/\/www.grubaart.pl\/wp-content\/uploads\/2020\/10\/sala-biol-chem-724x1024.jpg 724w, https:\/\/www.grubaart.pl\/wp-content\/uploads\/2020\/10\/sala-biol-chem-768x1086.jpg 768w, https:\/\/www.grubaart.pl\/wp-content\/uploads\/2020\/10\/sala-biol-chem-1086x1536.jpg 1086w, https:\/\/www.grubaart.pl\/wp-content\/uploads\/2020\/10\/sala-biol-chem-1448x2048.jpg 1448w, https:\/\/www.grubaart.pl\/wp-content\/uploads\/2020\/10\/sala-biol-chem-1024x1448.jpg 1024w, https:\/\/www.grubaart.pl\/wp-content\/uploads\/2020\/10\/sala-biol-chem-764x1080.jpg 764w\" sizes=\"auto, (max-width: 1811px) 100vw, 1811px\" \/><\/a><\/figure><\/li><li class=\"blocks-gallery-item\"><figure><a href=\"https:\/\/www.grubaart.pl\/wp-content\/uploads\/2020\/10\/sala-biol-chem2-scaled.jpg\"><img loading=\"lazy\" decoding=\"async\" width=\"1811\" height=\"2560\" src=\"https:\/\/www.grubaart.pl\/wp-content\/uploads\/2020\/10\/sala-biol-chem2-scaled.jpg\" alt=\"\" data-id=\"1384\" data-full-url=\"https:\/\/www.grubaart.pl\/wp-content\/uploads\/2020\/10\/sala-biol-chem2-scaled.jpg\" data-link=\"https:\/\/www.grubaart.pl\/?attachment_id=1384\" class=\"wp-image-1384\" srcset=\"https:\/\/www.grubaart.pl\/wp-content\/uploads\/2020\/10\/sala-biol-chem2-scaled.jpg 1811w, https:\/\/www.grubaart.pl\/wp-content\/uploads\/2020\/10\/sala-biol-chem2-212x300.jpg 212w, https:\/\/www.grubaart.pl\/wp-content\/uploads\/2020\/10\/sala-biol-chem2-724x1024.jpg 724w, https:\/\/www.grubaart.pl\/wp-content\/uploads\/2020\/10\/sala-biol-chem2-768x1086.jpg 768w, https:\/\/www.grubaart.pl\/wp-content\/uploads\/2020\/10\/sala-biol-chem2-1086x1536.jpg 1086w, https:\/\/www.grubaart.pl\/wp-content\/uploads\/2020\/10\/sala-biol-chem2-1448x2048.jpg 1448w, https:\/\/www.grubaart.pl\/wp-content\/uploads\/2020\/10\/sala-biol-chem2-1024x1448.jpg 1024w, https:\/\/www.grubaart.pl\/wp-content\/uploads\/2020\/10\/sala-biol-chem2-764x1080.jpg 764w\" sizes=\"auto, (max-width: 1811px) 100vw, 1811px\" \/><\/a><\/figure><\/li><li class=\"blocks-gallery-item\"><figure><a href=\"https:\/\/www.grubaart.pl\/wp-content\/uploads\/2020\/10\/sala-human-scaled.jpg\"><img loading=\"lazy\" decoding=\"async\" width=\"1811\" height=\"2560\" src=\"https:\/\/www.grubaart.pl\/wp-content\/uploads\/2020\/10\/sala-human-scaled.jpg\" alt=\"\" data-id=\"1385\" data-full-url=\"https:\/\/www.grubaart.pl\/wp-content\/uploads\/2020\/10\/sala-human-scaled.jpg\" data-link=\"https:\/\/www.grubaart.pl\/?attachment_id=1385\" class=\"wp-image-1385\" srcset=\"https:\/\/www.grubaart.pl\/wp-content\/uploads\/2020\/10\/sala-human-scaled.jpg 1811w, https:\/\/www.grubaart.pl\/wp-content\/uploads\/2020\/10\/sala-human-212x300.jpg 212w, https:\/\/www.grubaart.pl\/wp-content\/uploads\/2020\/10\/sala-human-724x1024.jpg 724w, https:\/\/www.grubaart.pl\/wp-content\/uploads\/2020\/10\/sala-human-768x1086.jpg 768w, https:\/\/www.grubaart.pl\/wp-content\/uploads\/2020\/10\/sala-human-1086x1536.jpg 1086w, https:\/\/www.grubaart.pl\/wp-content\/uploads\/2020\/10\/sala-human-1448x2048.jpg 1448w, https:\/\/www.grubaart.pl\/wp-content\/uploads\/2020\/10\/sala-human-1024x1448.jpg 1024w, https:\/\/www.grubaart.pl\/wp-content\/uploads\/2020\/10\/sala-human-764x1080.jpg 764w\" sizes=\"auto, (max-width: 1811px) 100vw, 1811px\" \/><\/a><\/figure><\/li><li class=\"blocks-gallery-item\"><figure><a href=\"https:\/\/www.grubaart.pl\/wp-content\/uploads\/2020\/10\/sala-informatyczna-scaled.jpg\"><img loading=\"lazy\" decoding=\"async\" width=\"1811\" height=\"2560\" src=\"https:\/\/www.grubaart.pl\/wp-content\/uploads\/2020\/10\/sala-informatyczna-scaled.jpg\" alt=\"\" data-id=\"1386\" data-full-url=\"https:\/\/www.grubaart.pl\/wp-content\/uploads\/2020\/10\/sala-informatyczna-scaled.jpg\" data-link=\"https:\/\/www.grubaart.pl\/?attachment_id=1386\" class=\"wp-image-1386\" srcset=\"https:\/\/www.grubaart.pl\/wp-content\/uploads\/2020\/10\/sala-informatyczna-scaled.jpg 1811w, https:\/\/www.grubaart.pl\/wp-content\/uploads\/2020\/10\/sala-informatyczna-212x300.jpg 212w, https:\/\/www.grubaart.pl\/wp-content\/uploads\/2020\/10\/sala-informatyczna-724x1024.jpg 724w, https:\/\/www.grubaart.pl\/wp-content\/uploads\/2020\/10\/sala-informatyczna-768x1086.jpg 768w, https:\/\/www.grubaart.pl\/wp-content\/uploads\/2020\/10\/sala-informatyczna-1086x1536.jpg 1086w, https:\/\/www.grubaart.pl\/wp-content\/uploads\/2020\/10\/sala-informatyczna-1448x2048.jpg 1448w, https:\/\/www.grubaart.pl\/wp-content\/uploads\/2020\/10\/sala-informatyczna-1024x1448.jpg 1024w, https:\/\/www.grubaart.pl\/wp-content\/uploads\/2020\/10\/sala-informatyczna-764x1080.jpg 764w\" sizes=\"auto, (max-width: 1811px) 100vw, 1811px\" \/><\/a><\/figure><\/li><li class=\"blocks-gallery-item\"><figure><a href=\"https:\/\/www.grubaart.pl\/wp-content\/uploads\/2020\/10\/sala-matematyczna-scaled.jpg\"><img loading=\"lazy\" decoding=\"async\" width=\"1811\" height=\"2560\" src=\"https:\/\/www.grubaart.pl\/wp-content\/uploads\/2020\/10\/sala-matematyczna-scaled.jpg\" alt=\"\" data-id=\"1387\" data-full-url=\"https:\/\/www.grubaart.pl\/wp-content\/uploads\/2020\/10\/sala-matematyczna-scaled.jpg\" data-link=\"https:\/\/www.grubaart.pl\/?attachment_id=1387\" class=\"wp-image-1387\" srcset=\"https:\/\/www.grubaart.pl\/wp-content\/uploads\/2020\/10\/sala-matematyczna-scaled.jpg 1811w, https:\/\/www.grubaart.pl\/wp-content\/uploads\/2020\/10\/sala-matematyczna-212x300.jpg 212w, https:\/\/www.grubaart.pl\/wp-content\/uploads\/2020\/10\/sala-matematyczna-724x1024.jpg 724w, https:\/\/www.grubaart.pl\/wp-content\/uploads\/2020\/10\/sala-matematyczna-768x1086.jpg 768w, https:\/\/www.grubaart.pl\/wp-content\/uploads\/2020\/10\/sala-matematyczna-1086x1536.jpg 1086w, https:\/\/www.grubaart.pl\/wp-content\/uploads\/2020\/10\/sala-matematyczna-1448x2048.jpg 1448w, https:\/\/www.grubaart.pl\/wp-content\/uploads\/2020\/10\/sala-matematyczna-1024x1448.jpg 1024w, https:\/\/www.grubaart.pl\/wp-content\/uploads\/2020\/10\/sala-matematyczna-764x1080.jpg 764w\" sizes=\"auto, (max-width: 1811px) 100vw, 1811px\" \/><\/a><\/figure><\/li><li class=\"blocks-gallery-item\"><figure><a href=\"https:\/\/www.grubaart.pl\/wp-content\/uploads\/2020\/10\/stolowka-scaled.jpg\"><img loading=\"lazy\" decoding=\"async\" width=\"1811\" height=\"2560\" src=\"https:\/\/www.grubaart.pl\/wp-content\/uploads\/2020\/10\/stolowka-scaled.jpg\" alt=\"\" data-id=\"1388\" data-full-url=\"https:\/\/www.grubaart.pl\/wp-content\/uploads\/2020\/10\/stolowka-scaled.jpg\" data-link=\"https:\/\/www.grubaart.pl\/?attachment_id=1388\" class=\"wp-image-1388\" srcset=\"https:\/\/www.grubaart.pl\/wp-content\/uploads\/2020\/10\/stolowka-scaled.jpg 1811w, https:\/\/www.grubaart.pl\/wp-content\/uploads\/2020\/10\/stolowka-212x300.jpg 212w, https:\/\/www.grubaart.pl\/wp-content\/uploads\/2020\/10\/stolowka-724x1024.jpg 724w, https:\/\/www.grubaart.pl\/wp-content\/uploads\/2020\/10\/stolowka-768x1086.jpg 768w, https:\/\/www.grubaart.pl\/wp-content\/uploads\/2020\/10\/stolowka-1086x1536.jpg 1086w, https:\/\/www.grubaart.pl\/wp-content\/uploads\/2020\/10\/stolowka-1448x2048.jpg 1448w, https:\/\/www.grubaart.pl\/wp-content\/uploads\/2020\/10\/stolowka-1024x1448.jpg 1024w, https:\/\/www.grubaart.pl\/wp-content\/uploads\/2020\/10\/stolowka-764x1080.jpg 764w\" sizes=\"auto, (max-width: 1811px) 100vw, 1811px\" \/><\/a><\/figure><\/li><li class=\"blocks-gallery-item\"><figure><a href=\"https:\/\/www.grubaart.pl\/wp-content\/uploads\/2020\/10\/stolowka2-scaled.jpg\"><img loading=\"lazy\" decoding=\"async\" width=\"1811\" height=\"2560\" src=\"https:\/\/www.grubaart.pl\/wp-content\/uploads\/2020\/10\/stolowka2-scaled.jpg\" alt=\"\" data-id=\"1389\" data-full-url=\"https:\/\/www.grubaart.pl\/wp-content\/uploads\/2020\/10\/stolowka2-scaled.jpg\" data-link=\"https:\/\/www.grubaart.pl\/?attachment_id=1389\" class=\"wp-image-1389\" srcset=\"https:\/\/www.grubaart.pl\/wp-content\/uploads\/2020\/10\/stolowka2-scaled.jpg 1811w, https:\/\/www.grubaart.pl\/wp-content\/uploads\/2020\/10\/stolowka2-212x300.jpg 212w, https:\/\/www.grubaart.pl\/wp-content\/uploads\/2020\/10\/stolowka2-724x1024.jpg 724w, https:\/\/www.grubaart.pl\/wp-content\/uploads\/2020\/10\/stolowka2-768x1086.jpg 768w, https:\/\/www.grubaart.pl\/wp-content\/uploads\/2020\/10\/stolowka2-1086x1536.jpg 1086w, https:\/\/www.grubaart.pl\/wp-content\/uploads\/2020\/10\/stolowka2-1448x2048.jpg 1448w, https:\/\/www.grubaart.pl\/wp-content\/uploads\/2020\/10\/stolowka2-1024x1448.jpg 1024w, https:\/\/www.grubaart.pl\/wp-content\/uploads\/2020\/10\/stolowka2-764x1080.jpg 764w\" sizes=\"auto, (max-width: 1811px) 100vw, 1811px\" \/><\/a><\/figure><\/li><\/ul><\/figure>\n","protected":false},"excerpt":{"rendered":"","protected":false},"author":1,"featured_media":1397,"parent":0,"menu_order":0,"comment_status":"closed","ping_status":"closed","template":"","meta":{"footnotes":""},"class_list":["post-1377","page","type-page","status-publish","has-post-thumbnail","hentry"],"_links":{"self":[{"href":"https:\/\/www.grubaart.pl\/index.php\/wp-json\/wp\/v2\/pages\/1377","targetHints":{"allow":["GET"]}}],"collection":[{"href":"https:\/\/www.grubaart.pl\/index.php\/wp-json\/wp\/v2\/pages"}],"about":[{"href":"https:\/\/www.grubaart.pl\/index.php\/wp-json\/wp\/v2\/types\/page"}],"author":[{"embeddable":true,"href":"https:\/\/www.grubaart.pl\/index.php\/wp-json\/wp\/v2\/users\/1"}],"replies":[{"embeddable":true,"href":"https:\/\/www.grubaart.pl\/index.php\/wp-json\/wp\/v2\/comments?post=1377"}],"version-history":[{"count":4,"href":"https:\/\/www.grubaart.pl\/index.php\/wp-json\/wp\/v2\/pages\/1377\/revisions"}],"predecessor-version":[{"id":1500,"href":"https:\/\/www.grubaart.pl\/index.php\/wp-json\/wp\/v2\/pages\/1377\/revisions\/1500"}],"wp:featuredmedia":[{"embeddable":true,"href":"https:\/\/www.grubaart.pl\/index.php\/wp-json\/wp\/v2\/media\/1397"}],"wp:attachment":[{"href":"https:\/\/www.grubaart.pl\/index.php\/wp-json\/wp\/v2\/media?parent=1377"}],"curies":[{"name":"wp","href":"https:\/\/api.w.org\/{rel}","templated":true}]}}