{"id":1224,"date":"2020-09-04T21:07:50","date_gmt":"2020-09-04T21:07:50","guid":{"rendered":"https:\/\/www.grubaart.pl\/?page_id=1224"},"modified":"2023-01-04T23:31:08","modified_gmt":"2023-01-04T23:31:08","slug":"place-zabaw","status":"publish","type":"page","link":"https:\/\/www.grubaart.pl\/index.php\/place-zabaw\/","title":{"rendered":"Place zabaw i tereny zielone"},"content":{"rendered":"\n<h5 class=\"has-text-align-center wp-block-heading\">\u015acie\u017cka edukacyjna w Brodnicy G\u00f3rnej \u2013 koncepcja<\/h5>\n\n\n<div class=\"wp-block-image\">\n<figure class=\"aligncenter size-large is-resized\"><a href=\"https:\/\/www.grubaart.pl\/index.php\/sciezka-edukacyjna-w-brodnicy-gornej-koncepcja\/\"><img loading=\"lazy\" decoding=\"async\" src=\"https:\/\/www.grubaart.pl\/wp-content\/uploads\/2023\/01\/7-1-1024x576.jpg\" alt=\"\" class=\"wp-image-1674\" width=\"900\" height=\"522\"\/><\/a><\/figure>\n<\/div>\n\n\n<hr class=\"wp-block-separator has-alpha-channel-opacity is-style-dots\"\/>\n\n\n\n<h5 class=\"has-text-align-center wp-block-heading\">Integracyjny plac zabaw w Kartuzach<\/h5>\n\n\n<div class=\"wp-block-image\">\n<figure class=\"aligncenter size-large is-resized\"><a href=\"https:\/\/www.grubaart.pl\/index.php\/integracyjny-plac-zabaw-w-kartuzach-chowamy-sie-i-odkrywamy-sie\/\" target=\"_blank\" rel=\"noopener noreferrer\"><img loading=\"lazy\" decoding=\"async\" src=\"https:\/\/www.grubaart.pl\/wp-content\/uploads\/2023\/01\/3-3-1024x587.jpg\" alt=\"\" class=\"wp-image-1782\" width=\"900\" height=\"522\"\/><\/a><\/figure>\n<\/div>\n\n\n<hr class=\"wp-block-separator has-css-opacity is-style-dots\"\/>\n\n\n\n<h5 class=\"has-text-align-center wp-block-heading\">Integracyjny plac zabaw w Kie\u0142pinie<\/h5>\n\n\n<div class=\"wp-block-image\">\n<figure class=\"aligncenter size-large is-resized\"><a href=\"https:\/\/www.grubaart.pl\/index.php\/plac-zabaw-w-kielpinie\/\" target=\"_blank\" rel=\"noopener noreferrer\"><img loading=\"lazy\" decoding=\"async\" src=\"https:\/\/www.grubaart.pl\/wp-content\/uploads\/2023\/01\/jg-1024x570.jpg\" alt=\"\" class=\"wp-image-1779\" width=\"900\" height=\"522\"\/><\/a><\/figure>\n<\/div>\n\n\n<hr class=\"wp-block-separator has-text-color has-cyan-bluish-gray-color has-css-opacity has-cyan-bluish-gray-background-color has-background is-style-dots\"\/>\n\n\n\n<h5 class=\"has-text-align-center wp-block-heading\">\u015acie\u017cka edukacyjna w Brodnicy G\u00f3rnej<\/h5>\n\n\n<div class=\"wp-block-image\">\n<figure class=\"aligncenter size-large is-resized\"><a href=\"sciezka-edukacyjna-w-brodnicy\" target=\"_blank\" rel=\"noopener noreferrer\"><img loading=\"lazy\" decoding=\"async\" src=\"https:\/\/www.grubaart.pl\/wp-content\/uploads\/2020\/10\/8-1024x484.jpg\" alt=\"\" class=\"wp-image-1339\" width=\"900\" height=\"447\"\/><\/a><\/figure>\n<\/div>\n\n\n<hr class=\"wp-block-separator has-css-opacity is-style-dots\"\/>\n\n\n\n<h5 class=\"has-text-align-center wp-block-heading\">Plac zabaw w Mirachowie<\/h5>\n\n\n<div class=\"wp-block-image\">\n<figure class=\"aligncenter size-large is-resized\"><a href=\"plac-zabaw-w-mirachowie-2\" target=\"_blank\" rel=\"noopener noreferrer\"><img loading=\"lazy\" decoding=\"async\" src=\"https:\/\/www.grubaart.pl\/wp-content\/uploads\/2020\/10\/Mirachowo-8-1-1024x413.jpg\" alt=\"\" class=\"wp-image-1445\" width=\"900\" height=\"447\"\/><\/a><\/figure>\n<\/div>\n\n\n<hr class=\"wp-block-separator has-css-opacity is-style-dots\"\/>\n\n\n\n<h5 class=\"has-text-align-center wp-block-heading\">Plac zabaw w Mezowie<\/h5>\n\n\n<div class=\"wp-block-image\">\n<figure class=\"aligncenter size-large is-resized\"><a href=\"plac-zabaw-w-mezowie-2\" target=\"_blank\" rel=\"noopener noreferrer\"><img loading=\"lazy\" decoding=\"async\" src=\"https:\/\/www.grubaart.pl\/wp-content\/uploads\/2020\/10\/Mezowo-1-1-1024x462.jpg\" alt=\"\" class=\"wp-image-1433\" width=\"900\" height=\"447\"\/><\/a><\/figure>\n<\/div>\n\n\n<hr class=\"wp-block-separator has-css-opacity is-style-dots\"\/>\n\n\n\n<h5 class=\"has-text-align-center wp-block-heading\">Plac zabaw w Kolonii<\/h5>\n\n\n<div class=\"wp-block-image\">\n<figure class=\"aligncenter size-large is-resized\"><a href=\"plac-zabaw-w-kolonii\" target=\"_blank\" rel=\"noopener noreferrer\"><img loading=\"lazy\" decoding=\"async\" src=\"https:\/\/www.grubaart.pl\/wp-content\/uploads\/2020\/10\/1-5-1024x464.jpg\" alt=\"\" class=\"wp-image-1423\" width=\"900\" height=\"447\"\/><\/a><\/figure>\n<\/div>\n\n\n<p><\/p>\n","protected":false},"excerpt":{"rendered":"<p>\u015acie\u017cka edukacyjna w Brodnicy G\u00f3rnej \u2013 koncepcja Integracyjny plac zabaw w Kartuzach Integracyjny plac zabaw w Kie\u0142pinie \u015acie\u017cka edukacyjna w Brodnicy G\u00f3rnej Plac zabaw w Mirachowie Plac zabaw w Mezowie Plac zabaw w Kolonii<\/p>\n","protected":false},"author":1,"featured_media":1742,"parent":0,"menu_order":0,"comment_status":"closed","ping_status":"closed","template":"","meta":{"footnotes":""},"class_list":["post-1224","page","type-page","status-publish","has-post-thumbnail","hentry"],"_links":{"self":[{"href":"https:\/\/www.grubaart.pl\/index.php\/wp-json\/wp\/v2\/pages\/1224","targetHints":{"allow":["GET"]}}],"collection":[{"href":"https:\/\/www.grubaart.pl\/index.php\/wp-json\/wp\/v2\/pages"}],"about":[{"href":"https:\/\/www.grubaart.pl\/index.php\/wp-json\/wp\/v2\/types\/page"}],"author":[{"embeddable":true,"href":"https:\/\/www.grubaart.pl\/index.php\/wp-json\/wp\/v2\/users\/1"}],"replies":[{"embeddable":true,"href":"https:\/\/www.grubaart.pl\/index.php\/wp-json\/wp\/v2\/comments?post=1224"}],"version-history":[{"count":26,"href":"https:\/\/www.grubaart.pl\/index.php\/wp-json\/wp\/v2\/pages\/1224\/revisions"}],"predecessor-version":[{"id":1909,"href":"https:\/\/www.grubaart.pl\/index.php\/wp-json\/wp\/v2\/pages\/1224\/revisions\/1909"}],"wp:featuredmedia":[{"embeddable":true,"href":"https:\/\/www.grubaart.pl\/index.php\/wp-json\/wp\/v2\/media\/1742"}],"wp:attachment":[{"href":"https:\/\/www.grubaart.pl\/index.php\/wp-json\/wp\/v2\/media?parent=1224"}],"curies":[{"name":"wp","href":"https:\/\/api.w.org\/{rel}","templated":true}]}}