{"id":109,"date":"2019-06-18T19:39:14","date_gmt":"2019-06-18T19:39:14","guid":{"rendered":"http:\/\/www.grubaart.pl\/index.php\/mesmerize\/"},"modified":"2026-03-19T09:31:56","modified_gmt":"2026-03-19T09:31:56","slug":"mesmerize","status":"publish","type":"page","link":"https:\/\/www.grubaart.pl\/","title":{"rendered":"Front Page"},"content":{"rendered":"<div  id=\"overlappable-4\" class=\"overlappable-4 content-section content-section-spacing\" style=\"background-color: #ffffff;\" data-label=\"Overlappable\" data-id=\"overlappable-4\" data-export-id=\"overlappable-4\" data-category=\"overlappable\" data-overlap=\"true\">\n<div  class=\"\">\n<div  class=\"row spaced-cols text-center content-center-sm\" data-type=\"row\">\n<div  class=\"col-xs-12 col-sm-4 col-padding col-md-3 \"><a  data-cp-link=\"1\" href=\"#\"><\/a><a  data-cp-link=\"1\" href=\"https:\/\/www.grubaart.pl\/index.php\/projekty-wnetrz\" target=\"_self\" rel=\"noopener noreferrer\"><i  class=\"fa icon shadow-large-black aligncenter color1 fa-connectdevelop bordered round large\"><\/i><\/a>\n<div  class=\"\" data-type=\"column\">\n<h5  class=\"\"><a  style=\"text-decoration: none;\" href=\"https:\/\/www.grubaart.pl\/index.php\/projekty-wnetrz\" target=\"_self\" rel=\"noopener noreferrer\">projekty wn\u0119trz<\/a> \n<br >projekty mebli<\/h5>\n<p  class=\"\"><\/p>\n<span  class=\"\" style=\"font-family: calibri;\">Motywem przewodnim mojej pracy jest design oparty na nowoczesnych trendach oraz minimalistycznej formie.\nJednocze\u015bnie nie ulegam obowi\u0105zuj\u0105cym formom i projektuj\u0119 przestrzenie w oparciu o preferencje klienta oraz jego indywidualne potrzeby. S\u0105 one precyzyjne i spersonalizowane. Du\u017ce znaczenie ma dla mnie ciep\u0142y klimat i pozytywne emocje.<\/span>\n\n<span  class=\"\" style=\"font-family: calibri;\">Ka\u017cdy projekt jest dla mnie wyzwaniem. W\u0142a\u015bciwe proporcje, estetyka, funkcjonalno\u015b\u0107 oraz ergonomia pomieszcze\u0144 to cechy moich projekt\u00f3w.<\/span>\n\n<span  class=\"\" style=\"font-family: calibri;\">\n<\/span><span  class=\"\" style=\"font-family: calibri;\">Oferuj\u0119 kompleksowe us\u0142ugi z zakresu projektowania i aran\u017cacji wn\u0119trz dom\u00f3w, mieszka\u0144 oraz lokali u\u017cyteczno\u015bci publicznej.<\/span>\n\n<\/div>\n<\/div>\n<div  class=\"col-xs-12 col-sm-4 col-padding col-md-3 \"><a  data-cp-link=\"1\" href=\"https:\/\/www.grubaart.pl\/index.php\/malarstwo\" target=\"_self\" rel=\"noopener noreferrer\"><i  class=\"fa icon shadow-large-black aligncenter color1 fa-paint-brush bordered round large\"><\/i><\/a>\n<div  class=\"\" data-type=\"column\">\n<h5  class=\"\"><a  style=\"text-decoration: none;\" href=\"https:\/\/www.grubaart.pl\/index.php\/malarstwo\" target=\"_self\" rel=\"noopener noreferrer\">malarstwo artystyczne<\/a><\/h5>\n<p  class=\"\"><span  style=\"font-family: calibri;\">Malarstwo olejne<br >to jedna z popularniejszych technik malarskich. Uznane jest za metod\u0119 wyj\u0105tkowo znacz\u0105c\u0105. Zwi\u0105zane jest to z bardzo du\u017cymi mo\u017cliwo\u015bciami mieszania i \u0142\u0105czenia barw, uzyskiwania efektu po\u0142ysku b\u0105d\u017a matu czy tworzenia wra\u017cenia p\u00f3\u0142przezroczysto\u015bci lub przenikania si\u0119 barw. Pozwala r\u00f3wnie\u017c uzyska\u0107 efekt z\u0142o\u017conych faktur. Umo\u017cliwia nanoszenie na obraz drobnych poprawek, poprzez nak\u0142adanie kolejnych warstw farby. W wyniku tego obrazy olejne charakteryzuje wyj\u0105tkowo du\u017ca trwa\u0142o\u015b\u0107. \n<br >Zapraszam do galerii.<\/span>\n<\/p>\n\n<\/div>\n<\/div>\n<div  class=\"col-xs-12 col-sm-4 col-padding col-md-3 \"><a  data-cp-link=\"1\" href=\"https:\/\/www.grubaart.pl\/index.php\/malarstwo-scienne\" target=\"_self\" rel=\"noopener noreferrer\"><i  class=\"fa icon shadow-large-black aligncenter color1 fa-pencil-square-o bordered round large\"><\/i><\/a>\n<div  class=\"\" data-type=\"column\">\n<h5  class=\"\"><a  style=\"text-decoration: none;\" href=\"https:\/\/www.grubaart.pl\/index.php\/malarstwo-scienne\" target=\"_self\" rel=\"noopener noreferrer\">malarstwo \u015bcienne<\/a><\/h5>\n<p  class=\"\"><span  style=\"font-family: calibri;\">Artystyczne malunki \u015bcienne wykonuj\u0119 farbami akrylowymi, opatrzonymi odpowiednimi certyfikatami. Podejmuj\u0119 si\u0119 r\u00f3\u017cnej tematyki, zgodnie z wol\u0105 klienta. <\/span><\/p>\n\n<\/div>\n<\/div>\n<div  class=\"col-xs-12 col-sm-4 col-padding col-md-3 \"><a  data-cp-link=\"1\" href=\"#\"><\/a><a  data-cp-link=\"1\" href=\"https:\/\/www.grubaart.pl\/index.php\/place-zabaw\" target=\"_self\" rel=\"noopener noreferrer\"><i  class=\"fa icon shadow-large-black aligncenter color1 fa-child bordered round large\"><\/i><\/a>\n<div  class=\"\" data-type=\"column\">\n<h5  class=\"\"><a  style=\"text-decoration: none;\" href=\"https:\/\/www.grubaart.pl\/index.php\/projekty-wnetrz\" target=\"_self\" rel=\"noopener noreferrer\">place zabaw<\/a> i tereny zielone<\/h5>\n<p  class=\"\"><\/p>\n\n\n<span  class=\"\" style=\"font-family: calibri;\">Projektowanie teren\u00f3w otwartych sta\u0142o si\u0119 moj\u0105 trzeci\u0105 pasj\u0105 i sprawia mi ogromn\u0105 przyjemno\u015b\u0107. Tworzenie przestrzeni dla dzieci jest jak zatopienie si\u0119 w ich kolorowych umys\u0142ach i cofni\u0119cie do lat dzieci\u0119cych. I wci\u0105\u017c zadawanie sobie pytania: \u201eco bym chcia\u0142a doda\u0107, gdybym by\u0142a dzieckiem?\u201d<\/span>\n\n<span  class=\"\" style=\"font-family: calibri;\">\n<\/span>\n\n<\/div>\n<\/div><\/div>\n<\/div>\n<\/div><div  id=\"portfolio-3\" class=\"portfolio-4 content-section content-section-spacing-top\" style=\"background-color: rgb(245, 250, 253); background-image: none;\" data-label=\"Portfolio\" data-id=\"portfolio-4\" data-export-id=\"portfolio-4\" data-category=\"portfolio\">\n<div  class=\"\">\n<div  class=\"row text-center\">\n<div  class=\"section-title-col\" data-type=\"column\">\n<h3  class=\"\">Najnowsze realizacje:<\/h3>\n<\/div>\n<\/div>\n<div  class=\"row\" data-type=\"row\" data-fixed=\"true\">\n\n<div  class=\"col-xs-12 col-sm-3 no-gutter-col\">\n<div  class=\"contentswap-effect\" data-hover-fx=\"portfolio-4\">\n<div  class=\"initial-image\"><img  decoding=\"async\" src=\"https:\/\/www.grubaart.pl\/wp-content\/uploads\/2019\/06\/cropped-korytarz-2-6.jpg\" data-size=\"542x360\"><\/div>\n<div  class=\"overlay bg-color1\"><\/div>\n<div  class=\"swap-inner col-xs-12\">\n<div  class=\"row full-height-row middle-xs middle-sm\">\n<div  class=\"col-xs-12 text-center content-holder\"><\/div>\n<\/div>\n<\/div>\n<\/div>\n<\/div>\n<div  class=\"col-xs-12 col-sm-3 no-gutter-col\">\n<div  class=\"contentswap-effect\" data-hover-fx=\"portfolio-4\">\n<div  class=\"initial-image\"><img  decoding=\"async\" src=\"https:\/\/www.grubaart.pl\/wp-content\/uploads\/2021\/02\/cropped-2-scaled-1.jpg\" data-size=\"542x360\"><\/div>\n<div  class=\"overlay bg-color1\"><\/div>\n<div  class=\"swap-inner col-xs-12\">\n<div  class=\"row full-height-row middle-xs middle-sm\">\n<div  class=\"col-xs-12 text-center content-holder\"><\/div>\n<\/div>\n<\/div>\n<\/div>\n<\/div>\n<div  class=\"col-xs-12 col-sm-3 no-gutter-col\">\n<div  class=\"contentswap-effect\" data-hover-fx=\"portfolio-4\">\n<div  class=\"initial-image\"><img  decoding=\"async\" src=\"https:\/\/www.grubaart.pl\/wp-content\/uploads\/2023\/01\/cropped-20220831_154602-scaled-1.jpg\" data-size=\"542x360\"><\/div>\n<div  class=\"overlay bg-color1\"><\/div>\n<div  class=\"swap-inner col-xs-12\">\n<div  class=\"row full-height-row middle-xs middle-sm\">\n<div  class=\"col-xs-12 text-center content-holder\"><\/div>\n<\/div>\n<\/div>\n<\/div>\n<\/div>\n<div  class=\"col-xs-12 col-sm-3 no-gutter-col\">\n<div  class=\"contentswap-effect\" data-hover-fx=\"portfolio-4\">\n<div  class=\"initial-image\"><img  decoding=\"async\" src=\"https:\/\/www.grubaart.pl\/wp-content\/uploads\/2023\/01\/cropped-20220824_135453-scaled-1.jpg\" data-size=\"542x360\"><\/div>\n<div  class=\"overlay bg-color1\"><\/div>\n<div  class=\"swap-inner col-xs-12\">\n<div  class=\"row full-height-row middle-xs middle-sm\">\n<div  class=\"col-xs-12 text-center content-holder\"><\/div>\n<\/div>\n<\/div>\n<\/div>\n<\/div>\n<div  class=\"col-xs-12 col-sm-3 no-gutter-col\">\n<div  class=\"contentswap-effect\" data-hover-fx=\"portfolio-4\">\n<div  class=\"initial-image\"><img  decoding=\"async\" src=\"https:\/\/www.grubaart.pl\/wp-content\/uploads\/2020\/10\/cropped-1-1-scaled-1.jpg\" data-size=\"542x360\"><\/div>\n<div  class=\"overlay bg-color1\"><\/div>\n<div  class=\"swap-inner col-xs-12\">\n<div  class=\"row full-height-row middle-xs middle-sm\">\n<div  class=\"col-xs-12 text-center content-holder\"><\/div>\n<\/div>\n<\/div>\n<\/div>\n<\/div>\n<div  class=\"col-xs-12 col-sm-3 no-gutter-col\">\n<div  class=\"contentswap-effect\" data-hover-fx=\"portfolio-4\">\n<div  class=\"initial-image\"><img  decoding=\"async\" src=\"https:\/\/www.grubaart.pl\/wp-content\/uploads\/2020\/10\/cropped-2-scaled-1.jpg\" data-size=\"542x360\"><\/div>\n<div  class=\"overlay bg-color1\"><\/div>\n<div  class=\"swap-inner col-xs-12\">\n<div  class=\"row full-height-row middle-xs middle-sm\">\n<div  class=\"col-xs-12 text-center content-holder\"><\/div>\n<\/div>\n<\/div>\n<\/div>\n<\/div>\n<div  class=\"col-xs-12 col-sm-3 no-gutter-col\">\n<div  class=\"contentswap-effect\" data-hover-fx=\"portfolio-4\">\n<div  class=\"initial-image\"><img  decoding=\"async\" src=\"https:\/\/www.grubaart.pl\/wp-content\/uploads\/2023\/01\/cropped-7.jpg\" data-size=\"542x360\"><\/div>\n<div  class=\"overlay bg-color1\"><\/div>\n<div  class=\"swap-inner col-xs-12\">\n<div  class=\"row full-height-row middle-xs middle-sm\">\n<div  class=\"col-xs-12 text-center content-holder\"><\/div>\n<\/div>\n<\/div>\n<\/div>\n<\/div>\n<div  class=\"col-xs-12 col-sm-3 no-gutter-col\">\n<div  class=\"contentswap-effect\" data-hover-fx=\"portfolio-4\">\n<div  class=\"initial-image\"><img  decoding=\"async\" src=\"https:\/\/www.grubaart.pl\/wp-content\/uploads\/2023\/01\/cropped-IMG_20210825_125238-scaled-1.jpg\" data-size=\"542x360\"><\/div>\n<div  class=\"overlay bg-color1\"><\/div>\n<div  class=\"swap-inner col-xs-12\">\n<div  class=\"row full-height-row middle-xs middle-sm\">\n<div  class=\"col-xs-12 text-center content-holder\"><\/div>\n<\/div>\n<\/div>\n<\/div>\n<\/div><div  class=\"col-xs-12 col-sm-3 no-gutter-col\">\n<div  class=\"contentswap-effect\" data-hover-fx=\"portfolio-4\">\n<div  class=\"initial-image\"><img  decoding=\"async\" src=\"https:\/\/www.grubaart.pl\/wp-content\/uploads\/2023\/01\/cropped-9-scaled-1.jpg\" data-size=\"542x360\"><\/div>\n<div  class=\"overlay bg-color1\"><\/div>\n<div  class=\"swap-inner col-xs-12\">\n<div  class=\"row full-height-row middle-xs middle-sm\">\n<div  class=\"col-xs-12 text-center content-holder\"><\/div>\n<\/div>\n<\/div>\n<\/div>\n<\/div><div  class=\"col-xs-12 col-sm-3 no-gutter-col\">\n<div  class=\"contentswap-effect\" data-hover-fx=\"portfolio-4\">\n<div  class=\"initial-image\"><img  decoding=\"async\" src=\"https:\/\/www.grubaart.pl\/wp-content\/uploads\/2023\/01\/cropped-SALA.jpg\" data-size=\"542x360\"><\/div>\n<div  class=\"overlay bg-color1\"><\/div>\n<div  class=\"swap-inner col-xs-12\">\n<div  class=\"row full-height-row middle-xs middle-sm\">\n<div  class=\"col-xs-12 text-center content-holder\"><\/div>\n<\/div>\n<\/div>\n<\/div>\n<\/div><div  class=\"col-xs-12 col-sm-3 no-gutter-col\">\n<div  class=\"contentswap-effect\" data-hover-fx=\"portfolio-4\">\n<div  class=\"initial-image\"><img  decoding=\"async\" src=\"https:\/\/www.grubaart.pl\/wp-content\/uploads\/2023\/01\/cropped-cropped-3-1-scaled-1.jpg\" data-size=\"542x360\"><\/div>\n<div  class=\"overlay bg-color1\"><\/div>\n<div  class=\"swap-inner col-xs-12\">\n<div  class=\"row full-height-row middle-xs middle-sm\">\n<div  class=\"col-xs-12 text-center content-holder\"><\/div>\n<\/div>\n<\/div>\n<\/div>\n<\/div><div  class=\"col-xs-12 col-sm-3 no-gutter-col\">\n<div  class=\"contentswap-effect\" data-hover-fx=\"portfolio-4\">\n<div  class=\"initial-image\"><img  decoding=\"async\" src=\"https:\/\/www.grubaart.pl\/wp-content\/uploads\/2023\/01\/cropped-korytarz2.jpg\" data-size=\"542x360\"><\/div>\n<div  class=\"overlay bg-color1\"><\/div>\n<div  class=\"swap-inner col-xs-12\">\n<div  class=\"row full-height-row middle-xs middle-sm\">\n<div  class=\"col-xs-12 text-center content-holder\"><\/div>\n<\/div>\n<\/div>\n<\/div>\n<\/div><\/div>\n<\/div>\n<\/div><div  id=\"features-3\" class=\"features-12-card-bordered content-section content-section-spacing \" style=\"background-color: #ffffff;\" data-label=\"Features\" data-id=\"features-12-card-bordered\" data-export-id=\"features-12-card-bordered\" data-category=\"features\">\n<div  class=\"gridContainer\">\n<div  class=\"row text-center\">\n<div  class=\"section-title-col\" data-type=\"column\">\n<h3  class=\"\">Wsp\u00f3\u0142praca przy projektach wn\u0119trz podzielona jest na etapy:<\/h3>\n<\/div>\n<\/div>\n<div  class=\"row spaced-cols\" data-type=\"row\">\n<div  class=\"col-sm-6\">\n<div  class=\"card row-card bordered y-move\">\n<div  class=\"row\">\n<div  class=\"col-sm-fit icon-column\"><\/div>\n<div  class=\"col-sm\" data-type=\"column\">\n<h5  class=\"color2\">Etap I<\/h5>\n<h5  class=\"\">Spotkanie i inwentaryzacja<\/h5>\n<span  class=\"\" style=\"font-family: calibri;\">&nbsp;<\/span>\n<p  class=\"\"><span  style=\"font-family: calibri;\">Wsp\u00f3\u0142praca rozpoczyna si\u0119 od rozmowy z klientem. Definiujemy jego potrzeby, upodobania, wizj\u0119 oraz bud\u017cet. Szczeg\u00f3\u0142owy wywiad na temat oczekiwa\u0144 wzgl\u0119dem inwestycji, stylu i materia\u0142\u00f3w pozwala rozpocz\u0105\u0107 ca\u0142y etap projektowy. Zbierane s\u0105 pomiary i wykonywana dokumentacja fotograficzna. W przypadku braku dost\u0119pu do inwestycji bazujemy na dokumentacji otrzymanej od klienta.<\/span><\/p>\n\n<\/div>\n<\/div>\n<\/div>\n<\/div>\n<div  class=\"col-sm-6\">\n<div  class=\"card row-card bordered y-move\">\n<div  class=\"row\">\n<div  class=\"col-sm-fit icon-column\"><\/div>\n<div  class=\"col-sm\" data-type=\"column\">\n<h5  class=\"color2\">Etap II<\/h5>\n<h5  class=\"\">Rzuty koncepcyjne i wizualizacje 3D<\/h5>\n<p  class=\"\"><span  style=\"font-family: calibri;\">Etap ten, jest kluczowy dla ca\u0142ej inwestycji. Tu bowiem przedstawiane s\u0105 propozycje uk\u0142adu pomieszcze\u0144 i omawiane wszystkie rozwi\u0105zania. Nast\u0119pnie wsp\u00f3lnie wybierana jest najlepsza wersja. Jest to podstawa do stworzenia wizualizacji komputerowych, kt\u00f3re przedstawi\u0105 po\u017c\u0105dan\u0105 wizj\u0119. Umieszczone na nich s\u0105 konkretne meble, materia\u0142y i o\u015bwietlenie. Jest to r\u00f3wnie\u017c czas do wprowadzania ewentualnych poprawek i zmian.<\/span><\/p>\n\n<\/div>\n<\/div>\n<\/div>\n<\/div>\n<div  class=\"col-sm-6\">\n<div  class=\"card row-card bordered y-move\">\n<div  class=\"row\">\n<div  class=\"col-sm-fit icon-column\"><\/div>\n<div  class=\"col-sm\" data-type=\"column\">\n<h5  class=\"color2\">Etap III<\/h5>\n<h5  class=\"\">Projekt wykonawczy i wyceny<\/h5>\n<p  class=\"\"><span  style=\"font-family: calibri;\">Po zaakceptowaniu przez klienta wizualizacji i zastosowanych materia\u0142\u00f3w, powstaj\u0105 kompletne rysunki wykonawcze stanowi\u0105ce opis dla ka\u017cdej bran\u017cy. Gotowy projekt przekazany zostaje klientowi w dw\u00f3ch egzemplarzach oraz w wersji elektronicznej.<\/span><\/p>\n<span  class=\"\" style=\"font-family: calibri;\">\n<\/span><span  class=\"\" style=\"font-family: calibri;\">Wraz z projektem klient otrzymuje spis wszystkich zastosowanych materia\u0142\u00f3w w projekcie wraz ze specyfikacj\u0105 ilo\u015bciow\u0105 i cenow\u0105. Natomiast wyceny wykonawstwa projektu s\u0105 tworzone przez sprawdzonych fachowc\u00f3w.<\/span>\n\n<\/div>\n<\/div>\n<\/div>\n<\/div>\n<div  class=\"col-sm-6\">\n<div  class=\"card row-card bordered y-move\">\n<div  class=\"row\">\n<div  class=\"col-sm-fit icon-column\"><\/div>\n<div  class=\"col-sm\" data-type=\"column\">\n<h5  class=\"color2\">Etap IV<\/h5>\n<h5  class=\"\">Realizacja i nadz\u00f3r autorski<\/h5>\n<p  class=\"\"><span  style=\"font-family: calibri;\">Wszelkie pytania i w\u0105tpliwo\u015bci rozwi\u0105zywane s\u0105 na bie\u017c\u0105co podczas wizyt na placu budowy, oraz, je\u015bli jest taka potrzeba,&nbsp; telefonicznie. Sprawdzane jest czy wszystkie prace wykonywane s\u0105 zgodne z projektem.<\/span><\/p>\n\n<\/div>\n<\/div>\n<\/div>\n<\/div>\n<\/div>\n<\/div>\n<\/div><div  id=\"about-1\" class=\"about-4 content-section content-section-spacing\" style=\"background-color: #f5fafd;\" data-label=\"About\" data-id=\"about--1\" data-export-id=\"about-4\" data-category=\"about\">\n<div  class=\"gridContainer\">\n<div  class=\"row middle-sm text-center\">\n<div  class=\"col-sm-5 space-bottom-xs\" data-type=\"column\">\n<h5  class=\"\">\u2013 o mnie \u2013<\/h5>\n<h2  class=\"\">Z pasji\ndo <span  style=\"font-family: Playfair Display,sans-serif; font-weight: bold; font-style: italic;\">projektowania<\/span>\n\ni malarstwa<\/h2>\n<p  class=\"\"><span  style=\"font-family: calibri;\">Projektowanie wn\u0119trz to moja pasja,\nale i do\u015bwiadczenie oparte na wiedzy uzyskanej na studiach oraz ci\u0105g\u0142ej pracy. Poszukiwanie pomys\u0142\u00f3w, inspiracji i niebanalnych rozwi\u0105za\u0144 to klucz, kt\u00f3rym si\u0119 kieruj\u0119 oraz hobby, kt\u00f3re uprawiam.<\/span>\n\n<span  class=\"\" style=\"font-family: calibri;\"><\/span>\n\n<font  face=\"calibri\">Malarstwo to moje \u017cycie.<\/font>\n\n<span  class=\"\" style=\"font-family: calibri;\">Maluj\u0119 od zawsze i na zawsze.<\/span>\n<\/p><h5  class=\"\">Ma\u0142gorzata Kulawczuk-Gruba<\/h5>\n\u2013 Architekt Wn\u0119trz \u2013\n\n<\/div>\n<div  class=\"col-sm-7 flexbox center-xs middle-xs image-group-2-img\"><img  decoding=\"async\" class=\"img-1 shadow-large\" title=\"cropped-DSC06446-2-2.jpg\" src=\"https:\/\/www.grubaart.pl\/wp-content\/uploads\/2019\/06\/cropped-DSC06446-2-2.jpg\" alt=\"\" data-size=\"250x200\"> <img  decoding=\"async\" class=\"img-2 shadow-large\" title=\"\" src=\"https:\/\/www.grubaart.pl\/wp-content\/uploads\/2019\/06\/IMG_0036-1.jpg\" alt=\"\" data-size=\"220x170\"><\/div>\n<\/div>\n<\/div>\n<\/div><div  id=\"cta-1\" class=\"cta-blue-section content-section content-section-spacing-medium bg-color1 white-text\" data-label=\"Cta\" data-id=\"cta-blue-section\" data-export-id=\"cta-blue-section\" data-category=\"cta\">\n<div  class=\"gridContainer\">\n<div  class=\"row middle-xs\">\n<div  class=\"col-sm-8 space-bottom-xs\" data-type=\"column\"><\/div>\n<div  class=\"col-sm-4 end-sm\" data-type=\"column\"><\/div>\n<\/div>\n<\/div>\n<\/div><div  id=\"contact-1\" class=\"contact-1 content-section content-section-spacing white-text\" style=\"background-size: cover; background-position: center top; background-image: url(&quot;https:\/\/www.grubaart.pl\/wp-content\/uploads\/2019\/06\/1A-RZUT-PARTER-1.jpg&quot;);\" data-label=\"Contact\" data-id=\"contact-1\" data-export-id=\"contact-1\" data-category=\"contact\" data-parallax-depth=\"20\">\n<div  class=\"gridContainer\">\n<div  class=\"row text-center\">\n<div  class=\"section-title-col\" data-type=\"column\">\n<h5  class=\"\">KONTAKT<\/h5>\n<h5  class=\"\">GrubaART Architektura Wn\u0119trz oraz Malarstwo Artystyczne\n<br >Ma\u0142gorzata Kulawczuk-Gruba<br >ul. E. Orzeszkowej 18c\/2, Kie\u0142pino<br >tel. 663 534 678\n\n<br >biuro@grubaart.pl<br ><br >Godziny otwarcia 8.00-16.00&nbsp;<br >Spotkania umawiane telefonicznie lub mailowo.&nbsp;\n<br ><br >\n<\/h5><a  class=\"link\" href=\"https:\/\/www.grubaart.pl\/index.php\/standardy-ochrony-maloletnich\" target=\"_self\" data-cp-link=\"1\" rel=\"noopener\">Standardy Ochrony Ma\u0142oletnich<\/a>\n\n\n<a class=\"link\"  href=\"https:\/\/www.grubaart.pl\/index.php\/polityka-prywatnosci\" target=\"_self\" data-cp-link=\"1\">Polityka Prywatno\u015bci<\/a><\/div>\n<\/div>\n<\/div>\n<\/div>","protected":false},"excerpt":{"rendered":"<p>projekty wn\u0119trz projekty mebli Motywem przewodnim mojej pracy jest design oparty na nowoczesnych trendach oraz minimalistycznej formie. Jednocze\u015bnie nie ulegam obowi\u0105zuj\u0105cym formom i projektuj\u0119 przestrzenie w oparciu o preferencje klienta oraz jego indywidualne potrzeby. S\u0105 one precyzyjne i spersonalizowane. Du\u017ce znaczenie ma dla mnie ciep\u0142y klimat i pozytywne emocje. Ka\u017cdy projekt jest dla mnie wyzwaniem.&hellip; <br \/> <a class=\"read-more\" href=\"https:\/\/www.grubaart.pl\/\">Przeczytaj wi\u0119cej<\/a><\/p>\n","protected":false},"author":1,"featured_media":1915,"parent":0,"menu_order":0,"comment_status":"closed","ping_status":"closed","template":"page-templates\/homepage.php","meta":{"footnotes":""},"class_list":["post-109","page","type-page","status-publish","has-post-thumbnail","hentry"],"_links":{"self":[{"href":"https:\/\/www.grubaart.pl\/index.php\/wp-json\/wp\/v2\/pages\/109","targetHints":{"allow":["GET"]}}],"collection":[{"href":"https:\/\/www.grubaart.pl\/index.php\/wp-json\/wp\/v2\/pages"}],"about":[{"href":"https:\/\/www.grubaart.pl\/index.php\/wp-json\/wp\/v2\/types\/page"}],"author":[{"embeddable":true,"href":"https:\/\/www.grubaart.pl\/index.php\/wp-json\/wp\/v2\/users\/1"}],"replies":[{"embeddable":true,"href":"https:\/\/www.grubaart.pl\/index.php\/wp-json\/wp\/v2\/comments?post=109"}],"version-history":[{"count":103,"href":"https:\/\/www.grubaart.pl\/index.php\/wp-json\/wp\/v2\/pages\/109\/revisions"}],"predecessor-version":[{"id":2255,"href":"https:\/\/www.grubaart.pl\/index.php\/wp-json\/wp\/v2\/pages\/109\/revisions\/2255"}],"wp:featuredmedia":[{"embeddable":true,"href":"https:\/\/www.grubaart.pl\/index.php\/wp-json\/wp\/v2\/media\/1915"}],"wp:attachment":[{"href":"https:\/\/www.grubaart.pl\/index.php\/wp-json\/wp\/v2\/media?parent=109"}],"curies":[{"name":"wp","href":"https:\/\/api.w.org\/{rel}","templated":true}]}}